{"id":395,"date":"2022-04-21T21:32:49","date_gmt":"2022-04-21T21:32:49","guid":{"rendered":"https:\/\/londonosteopathypractice.co.uk\/profesjonalni-osteopaci\/"},"modified":"2022-05-11T17:27:28","modified_gmt":"2022-05-11T17:27:28","slug":"profesjonalni-osteopaci","status":"publish","type":"page","link":"https:\/\/londonosteopathypractice.co.uk\/pl\/profesjonalni-osteopaci\/","title":{"rendered":"Profesjonalni Osteopaci"},"content":{"rendered":"<p>[vc_row][vc_column][vc_column_text woodmart_inline=&#8221;no&#8221; text_larger=&#8221;no&#8221;]<\/p>\n<div class=\"vc_row wpb_row vc_row-fluid\">\n<div class=\"wpb_column vc_column_container vc_col-sm-12 wd-alignment-left\">\n<div class=\"vc_column-inner\">\n<div class=\"wpb_wrapper\">\n<div class=\"wpb_text_column wpb_content_element\">\n<div class=\"wpb_wrapper\">\n<h2>ZESP\u00d3\u0141<\/h2>\n<h3>PROFESJONALIZM I BEZPIECZE\u0143STWO<\/h3>\n<p>Wszyscy Osteopaci w naszej klinice studiowali przez pi\u0119\u0107 lat na studiach magisterskich w Brytyjskiej Szkole Osteopatii. Jest to podobne do stopnia medycznego, z naciskiem na anatomi\u0119 i medycyn\u0119 mi\u0119\u015bniowo-szkieletow\u0105. Szkolenie obejmuje ponad 1000 godzin technik osteopatycznych.<\/p>\n<\/div>\n<\/div>\n<\/div>\n<\/div>\n<\/div>\n<\/div>\n<p>Wszyscy osteopaci w naszej klinice s\u0105 zarejestrowani w Generalnej Radzie Osteopatycznej (GOsC).<\/p>\n<p>Wytyczne Brytyjskiego Stowarzyszenia Medycznego dla lekarzy og\u00f3lnych stwierdzaj\u0105, \u017ce lekarze mog\u0105 bezpiecznie kierowa\u0107 pacjent\u00f3w do osteopat\u00f3w. Osteopatia jest zalecana przez Narodowy Instytut Doskona\u0142o\u015bci Klinicznej (NICE) w przypadku b\u00f3lu dolnego odcinka kr\u0119gos\u0142upa. Osteopatia jest bezpieczna, naturalna i skuteczna.[\/vc_column_text][vc_single_image image=&#8221;43&#8243; img_size=&#8221;full&#8221; alignment=&#8221;center&#8221; css_animation=&#8221;fadeIn&#8221; parallax_scroll=&#8221;no&#8221; woodmart_inline=&#8221;no&#8221;][vc_column_text woodmart_inline=&#8221;no&#8221; text_larger=&#8221;no&#8221;]<\/p>\n<div class=\"wpb_text_column wpb_content_element\">\n<div class=\"wpb_wrapper\">\n<h3>THOMAS CETRA<\/h3>\n<p><strong>Mistrz Osteopatii, Dip. Masa\u017c sportowy i leczniczy, k\u0105piel w akupunkturze medycznej.<\/strong><\/p>\n<p>Thomas jest absolwentem presti\u017cowego University College of Osteopatii w Londynie, po d\u0142ugiej karierze terapeuty masa\u017cu sportowego i instruktora kitesurfingu. Thomas jest w pe\u0142ni certyfikowany i zarejestrowany w Generalnej Radzie Osteopatycznej, a tak\u017ce jest cz\u0142onkiem Instytutu Osteopatii (wcze\u015bniej The British Osteopathic Association).<\/p>\n<p>Thomas ma do\u015bwiadczenie w leczeniu szerokiej gamy pacjent\u00f3w, od pracownik\u00f3w biurowych i sportowc\u00f3w po osoby starsze. Ka\u017cda sesja jest dostosowana do ka\u017cdego pacjenta i obejmuje zar\u00f3wno praktyczne leczenie, jak i porady dotycz\u0105ce aktywno\u015bci i \u0107wicze\u0144 zwi\u0105zanych ze stylem \u017cycia. Ostatecznym celem Thomasa w leczeniu jest pomoc pacjentom w samodzielno\u015bci i wyposa\u017cenie ich w narz\u0119dzia do zarz\u0105dzania ich zdrowiem, niezale\u017cnie od tego, czy s\u0105 to kr\u00f3tkotrwa\u0142e urazy, czy bardziej d\u0142ugotrwa\u0142e, nawracaj\u0105ce problemy.<\/p>\n<p>Szczeg\u00f3lnie interesuje si\u0119 leczeniem kobiet w ci\u0105\u017cy i po porodzie. Ci\u0105\u017ca i por\u00f3d mog\u0105 wywiera\u0107 ogromny stres na organizm z powodu zmian kszta\u0142tu i obci\u0105\u017cenia, a Thomas pracuje nad przygotowaniem organizmu do tego wa\u017cnego procesu i spe\u0142nia wszelkie wymagania stawiane cia\u0142u w tym czasie<\/p>\n<p>Dzi\u0119ki d\u0142ugiej historii pracy z profesjonalnymi sportowcami, takimi jak: gimnastycy, biegacze, kitesurferzy i tancerze, Thomas zapewnia szczeg\u00f3\u0142ow\u0105 wiedz\u0119 na temat kontuzji powszechnie wyst\u0119puj\u0105cych w sporcie i maksymalizacji wydajno\u015bci organizmu, aby jak najlepiej radzi\u0107 sobie ze stresem.<\/p>\n<p>Poza prac\u0105 Thomas lubi kitesurfing, jog\u0119, jazd\u0119 na rowerze i wspinaczk\u0119 ska\u0142kow\u0105.<\/p>\n<\/div>\n<\/div>\n<p>[\/vc_column_text][\/vc_column][\/vc_row]<\/p>\n","protected":false},"excerpt":{"rendered":"<p>[vc_row][vc_column][vc_column_text woodmart_inline=&#8221;no&#8221; text_larger=&#8221;no&#8221;] ZESP\u00d3\u0141 PROFESJONALIZM I BEZPIECZE\u0143STWO Wszyscy Osteopaci w naszej klinice studiowali przez pi\u0119\u0107 lat na studiach magisterskich w<\/p>\n","protected":false},"author":1,"featured_media":0,"parent":0,"menu_order":0,"comment_status":"closed","ping_status":"closed","template":"","meta":{"footnotes":""},"class_list":["post-395","page","type-page","status-publish","hentry"],"yoast_head":"<!-- This site is optimized with the Yoast SEO plugin v27.3 - https:\/\/yoast.com\/product\/yoast-seo-wordpress\/ -->\n<title>Profesjonalni Osteopaci | London Osteopathy Practice<\/title>\n<meta name=\"robots\" content=\"index, follow, max-snippet:-1, max-image-preview:large, max-video-preview:-1\" \/>\n<link rel=\"canonical\" href=\"https:\/\/londonosteopathypractice.co.uk\/pl\/profesjonalni-osteopaci\/\" \/>\n<meta property=\"og:locale\" content=\"pl_PL\" \/>\n<meta property=\"og:type\" content=\"article\" \/>\n<meta property=\"og:title\" content=\"Profesjonalni Osteopaci | London Osteopathy Practice\" \/>\n<meta property=\"og:description\" content=\"[vc_row][vc_column][vc_column_text woodmart_inline=&#8221;no&#8221; text_larger=&#8221;no&#8221;] ZESP\u00d3\u0141 PROFESJONALIZM I BEZPIECZE\u0143STWO Wszyscy Osteopaci w naszej klinice studiowali przez pi\u0119\u0107 lat na studiach magisterskich w\" \/>\n<meta property=\"og:url\" content=\"https:\/\/londonosteopathypractice.co.uk\/pl\/profesjonalni-osteopaci\/\" \/>\n<meta property=\"og:site_name\" content=\"London Osteopathy Practice\" \/>\n<meta property=\"article:modified_time\" content=\"2022-05-11T17:27:28+00:00\" \/>\n<meta name=\"twitter:card\" content=\"summary_large_image\" \/>\n<meta name=\"twitter:label1\" content=\"Szacowany czas czytania\" \/>\n\t<meta name=\"twitter:data1\" content=\"2 minuty\" \/>\n<script type=\"application\/ld+json\" class=\"yoast-schema-graph\">{\"@context\":\"https:\\\/\\\/schema.org\",\"@graph\":[{\"@type\":\"WebPage\",\"@id\":\"https:\\\/\\\/londonosteopathypractice.co.uk\\\/pl\\\/profesjonalni-osteopaci\\\/\",\"url\":\"https:\\\/\\\/londonosteopathypractice.co.uk\\\/pl\\\/profesjonalni-osteopaci\\\/\",\"name\":\"Profesjonalni Osteopaci | London Osteopathy Practice\",\"isPartOf\":{\"@id\":\"https:\\\/\\\/londonosteopathypractice.co.uk\\\/pl\\\/#website\"},\"datePublished\":\"2022-04-21T21:32:49+00:00\",\"dateModified\":\"2022-05-11T17:27:28+00:00\",\"breadcrumb\":{\"@id\":\"https:\\\/\\\/londonosteopathypractice.co.uk\\\/pl\\\/profesjonalni-osteopaci\\\/#breadcrumb\"},\"inLanguage\":\"pl-PL\",\"potentialAction\":[{\"@type\":\"ReadAction\",\"target\":[\"https:\\\/\\\/londonosteopathypractice.co.uk\\\/pl\\\/profesjonalni-osteopaci\\\/\"]}]},{\"@type\":\"BreadcrumbList\",\"@id\":\"https:\\\/\\\/londonosteopathypractice.co.uk\\\/pl\\\/profesjonalni-osteopaci\\\/#breadcrumb\",\"itemListElement\":[{\"@type\":\"ListItem\",\"position\":1,\"name\":\"Home\",\"item\":\"https:\\\/\\\/londonosteopathypractice.co.uk\\\/pl\\\/\"},{\"@type\":\"ListItem\",\"position\":2,\"name\":\"Profesjonalni Osteopaci\"}]},{\"@type\":\"WebSite\",\"@id\":\"https:\\\/\\\/londonosteopathypractice.co.uk\\\/pl\\\/#website\",\"url\":\"https:\\\/\\\/londonosteopathypractice.co.uk\\\/pl\\\/\",\"name\":\"London Osteopathy Practice\",\"description\":\"London Osteopathy Practice\",\"publisher\":{\"@id\":\"https:\\\/\\\/londonosteopathypractice.co.uk\\\/pl\\\/#organization\"},\"potentialAction\":[{\"@type\":\"SearchAction\",\"target\":{\"@type\":\"EntryPoint\",\"urlTemplate\":\"https:\\\/\\\/londonosteopathypractice.co.uk\\\/pl\\\/?s={search_term_string}\"},\"query-input\":{\"@type\":\"PropertyValueSpecification\",\"valueRequired\":true,\"valueName\":\"search_term_string\"}}],\"inLanguage\":\"pl-PL\"},{\"@type\":\"Organization\",\"@id\":\"https:\\\/\\\/londonosteopathypractice.co.uk\\\/pl\\\/#organization\",\"name\":\"London Osteopathy Practice\",\"url\":\"https:\\\/\\\/londonosteopathypractice.co.uk\\\/pl\\\/\",\"logo\":{\"@type\":\"ImageObject\",\"inLanguage\":\"pl-PL\",\"@id\":\"https:\\\/\\\/londonosteopathypractice.co.uk\\\/pl\\\/#\\\/schema\\\/logo\\\/image\\\/\",\"url\":\"https:\\\/\\\/londonosteopathypractice.co.uk\\\/wp-content\\\/uploads\\\/2022\\\/04\\\/london_aoestopathy_clinic.png\",\"contentUrl\":\"https:\\\/\\\/londonosteopathypractice.co.uk\\\/wp-content\\\/uploads\\\/2022\\\/04\\\/london_aoestopathy_clinic.png\",\"width\":335,\"height\":110,\"caption\":\"London Osteopathy Practice\"},\"image\":{\"@id\":\"https:\\\/\\\/londonosteopathypractice.co.uk\\\/pl\\\/#\\\/schema\\\/logo\\\/image\\\/\"}}]}<\/script>\n<!-- \/ Yoast SEO plugin. -->","yoast_head_json":{"title":"Profesjonalni Osteopaci | London Osteopathy Practice","robots":{"index":"index","follow":"follow","max-snippet":"max-snippet:-1","max-image-preview":"max-image-preview:large","max-video-preview":"max-video-preview:-1"},"canonical":"https:\/\/londonosteopathypractice.co.uk\/pl\/profesjonalni-osteopaci\/","og_locale":"pl_PL","og_type":"article","og_title":"Profesjonalni Osteopaci | London Osteopathy Practice","og_description":"[vc_row][vc_column][vc_column_text woodmart_inline=&#8221;no&#8221; text_larger=&#8221;no&#8221;] ZESP\u00d3\u0141 PROFESJONALIZM I BEZPIECZE\u0143STWO Wszyscy Osteopaci w naszej klinice studiowali przez pi\u0119\u0107 lat na studiach magisterskich w","og_url":"https:\/\/londonosteopathypractice.co.uk\/pl\/profesjonalni-osteopaci\/","og_site_name":"London Osteopathy Practice","article_modified_time":"2022-05-11T17:27:28+00:00","twitter_card":"summary_large_image","twitter_misc":{"Szacowany czas czytania":"2 minuty"},"schema":{"@context":"https:\/\/schema.org","@graph":[{"@type":"WebPage","@id":"https:\/\/londonosteopathypractice.co.uk\/pl\/profesjonalni-osteopaci\/","url":"https:\/\/londonosteopathypractice.co.uk\/pl\/profesjonalni-osteopaci\/","name":"Profesjonalni Osteopaci | London Osteopathy Practice","isPartOf":{"@id":"https:\/\/londonosteopathypractice.co.uk\/pl\/#website"},"datePublished":"2022-04-21T21:32:49+00:00","dateModified":"2022-05-11T17:27:28+00:00","breadcrumb":{"@id":"https:\/\/londonosteopathypractice.co.uk\/pl\/profesjonalni-osteopaci\/#breadcrumb"},"inLanguage":"pl-PL","potentialAction":[{"@type":"ReadAction","target":["https:\/\/londonosteopathypractice.co.uk\/pl\/profesjonalni-osteopaci\/"]}]},{"@type":"BreadcrumbList","@id":"https:\/\/londonosteopathypractice.co.uk\/pl\/profesjonalni-osteopaci\/#breadcrumb","itemListElement":[{"@type":"ListItem","position":1,"name":"Home","item":"https:\/\/londonosteopathypractice.co.uk\/pl\/"},{"@type":"ListItem","position":2,"name":"Profesjonalni Osteopaci"}]},{"@type":"WebSite","@id":"https:\/\/londonosteopathypractice.co.uk\/pl\/#website","url":"https:\/\/londonosteopathypractice.co.uk\/pl\/","name":"London Osteopathy Practice","description":"London Osteopathy Practice","publisher":{"@id":"https:\/\/londonosteopathypractice.co.uk\/pl\/#organization"},"potentialAction":[{"@type":"SearchAction","target":{"@type":"EntryPoint","urlTemplate":"https:\/\/londonosteopathypractice.co.uk\/pl\/?s={search_term_string}"},"query-input":{"@type":"PropertyValueSpecification","valueRequired":true,"valueName":"search_term_string"}}],"inLanguage":"pl-PL"},{"@type":"Organization","@id":"https:\/\/londonosteopathypractice.co.uk\/pl\/#organization","name":"London Osteopathy Practice","url":"https:\/\/londonosteopathypractice.co.uk\/pl\/","logo":{"@type":"ImageObject","inLanguage":"pl-PL","@id":"https:\/\/londonosteopathypractice.co.uk\/pl\/#\/schema\/logo\/image\/","url":"https:\/\/londonosteopathypractice.co.uk\/wp-content\/uploads\/2022\/04\/london_aoestopathy_clinic.png","contentUrl":"https:\/\/londonosteopathypractice.co.uk\/wp-content\/uploads\/2022\/04\/london_aoestopathy_clinic.png","width":335,"height":110,"caption":"London Osteopathy Practice"},"image":{"@id":"https:\/\/londonosteopathypractice.co.uk\/pl\/#\/schema\/logo\/image\/"}}]}},"_links":{"self":[{"href":"https:\/\/londonosteopathypractice.co.uk\/pl\/wp-json\/wp\/v2\/pages\/395","targetHints":{"allow":["GET"]}}],"collection":[{"href":"https:\/\/londonosteopathypractice.co.uk\/pl\/wp-json\/wp\/v2\/pages"}],"about":[{"href":"https:\/\/londonosteopathypractice.co.uk\/pl\/wp-json\/wp\/v2\/types\/page"}],"author":[{"embeddable":true,"href":"https:\/\/londonosteopathypractice.co.uk\/pl\/wp-json\/wp\/v2\/users\/1"}],"replies":[{"embeddable":true,"href":"https:\/\/londonosteopathypractice.co.uk\/pl\/wp-json\/wp\/v2\/comments?post=395"}],"version-history":[{"count":10,"href":"https:\/\/londonosteopathypractice.co.uk\/pl\/wp-json\/wp\/v2\/pages\/395\/revisions"}],"predecessor-version":[{"id":434,"href":"https:\/\/londonosteopathypractice.co.uk\/pl\/wp-json\/wp\/v2\/pages\/395\/revisions\/434"}],"wp:attachment":[{"href":"https:\/\/londonosteopathypractice.co.uk\/pl\/wp-json\/wp\/v2\/media?parent=395"}],"curies":[{"name":"wp","href":"https:\/\/api.w.org\/{rel}","templated":true}]}}