{"id":396,"date":"2022-04-21T15:57:18","date_gmt":"2022-04-21T15:57:18","guid":{"rendered":"https:\/\/londonosteopathypractice.co.uk\/londynska-praktyka-osteopatii\/"},"modified":"2022-05-11T17:13:47","modified_gmt":"2022-05-11T17:13:47","slug":"londynska-praktyka-osteopatii","status":"publish","type":"page","link":"https:\/\/londonosteopathypractice.co.uk\/pl\/","title":{"rendered":"Londy\u0144ska Praktyka Osteopatii"},"content":{"rendered":"<p>[vc_row full_width=&#8221;stretch_row&#8221; full_height=&#8221;yes&#8221; css_animation=&#8221;fadeIn&#8221; css=&#8221;.vc_custom_1651673958923{margin-top: -40px !important;padding-top: 380px !important;padding-bottom: 80px !important;background-image: url(https:\/\/londonosteopathypractice.co.uk\/wp-content\/uploads\/2022\/05\/london_osteopathy_practice6.jpg?id=322) !important;background-position: center !important;background-repeat: no-repeat !important;background-size: cover !important;}&#8221; mobile_bg_img_hidden=&#8221;no&#8221; tablet_bg_img_hidden=&#8221;no&#8221; woodmart_parallax=&#8221;0&#8243; woodmart_gradient_switch=&#8221;no&#8221; row_reverse_mobile=&#8221;0&#8243; row_reverse_tablet=&#8221;0&#8243; woodmart_disable_overflow=&#8221;0&#8243; woodmart_css_id=&#8221;62728b59d6167&#8243; responsive_spacing=&#8221;eyJwYXJhbV90eXBlIjoid29vZG1hcnRfcmVzcG9uc2l2ZV9zcGFjaW5nIiwic2VsZWN0b3JfaWQiOiI2MjcyOGI1OWQ2MTY3Iiwic2hvcnRjb2RlIjoidmNfcm93IiwiZGF0YSI6eyJ0YWJsZXQiOnt9LCJtb2JpbGUiOnt9fX0=&#8221; woodmart_box_shadow=&#8221;no&#8221; wd_z_index=&#8221;no&#8221;][vc_column woodmart_text_align=&#8221;center&#8221; mobile_bg_img_hidden=&#8221;no&#8221; tablet_bg_img_hidden=&#8221;no&#8221; woodmart_parallax=&#8221;0&#8243; woodmart_sticky_column=&#8221;false&#8221; parallax_scroll=&#8221;no&#8221; mobile_reset_margin=&#8221;no&#8221; tablet_reset_margin=&#8221;no&#8221; css=&#8221;.vc_custom_1624451786726{padding-top: 0px !important;}&#8221;]\n\t\t<div id=\"wd-626a864a11119\" class=\"title-wrapper wd-wpb wd-set-mb reset-last-child  wd-rs-626a864a11119 wd-title-color-white wd-title-style-default text-center  wd-width-enabled wd-underline-colored\" style=\"--wd-max-width: 70%;\">\n\t\t\t\t\t\t\t\n\t\t\t\t<div class=\"title-subtitle  subtitle-color-white font-alt subtitle-style-default wd-font-weight-100 wd-fontsize-xs\">Przeciwb\u00f3lowy<\/div>\n\t\t\t\n\t\t\t<div class=\"liner-continer\">\n\t\t\t\t<h4 class=\"woodmart-title-container title  wd-font-weight-100 wd-fontsize-l\" >Londy\u0144ska Praktyka Osteopatii<\/h4>\n\t\t\t\t\t\t\t<\/div>\n\t\t\t\n\t\t\t\n\t\t\t\n\t\t<\/div>\n\t\t\n\t\t<div id=\"wd-627265a994c53\" class=\" wd-rs-627265a994c53  wd-button-wrapper text-center inline-element\"><a href=\"https:\/\/londonosteopathypractice.co.uk\/pl\/rezerwacja-online\/\" title=\"\" class=\"btn btn-color-primary btn-style-default btn-shape-round btn-size-default\">Zarezerwuj zabieg teraz<\/a><\/div><div id=\"wd-627265b869d78\" class=\" wd-rs-627265b869d78  wd-button-wrapper text-center inline-element\"><a href=\"https:\/\/londonosteopathypractice.co.uk\/prices\/\" title=\"\" class=\"btn btn-color-white btn-style-bordered btn-shape-round btn-size-default\">Zobacz nasze zabiegi<\/a><\/div>[\/vc_column][\/vc_row][vc_row css_animation=&#8221;fadeIn&#8221; woodmart_css_id=&#8221;6261c3c8f13f1&#8243; responsive_spacing=&#8221;eyJwYXJhbV90eXBlIjoid29vZG1hcnRfcmVzcG9uc2l2ZV9zcGFjaW5nIiwic2VsZWN0b3JfaWQiOiI2MjYxYzNjOGYxM2YxIiwic2hvcnRjb2RlIjoidmNfcm93IiwiZGF0YSI6eyJ0YWJsZXQiOnt9LCJtb2JpbGUiOnt9fX0=&#8221; mobile_bg_img_hidden=&#8221;no&#8221; tablet_bg_img_hidden=&#8221;no&#8221; woodmart_parallax=&#8221;0&#8243; woodmart_gradient_switch=&#8221;no&#8221; woodmart_box_shadow=&#8221;no&#8221; wd_z_index=&#8221;no&#8221; woodmart_disable_overflow=&#8221;0&#8243; row_reverse_mobile=&#8221;0&#8243; row_reverse_tablet=&#8221;0&#8243;][vc_column]\n\t\t<div id=\"wd-627acf973b554\" class=\"title-wrapper wd-wpb wd-set-mb reset-last-child  wd-rs-627acf973b554 wd-title-color-default wd-title-style-default text-center  wd-underline-colored\">\n\t\t\t\n\t\t\t<div class=\"liner-continer\">\n\t\t\t\t<h4 class=\"woodmart-title-container title  wd-font-weight- wd-fontsize-l\" >Powitanie<\/h4>\n\t\t\t\t\t\t\t<\/div>\n\t\t\t\n\t\t\t\t\t\t\t<div class=\"title-after_title reset-last-child  wd-fontsize-xs\">London Osteoopathy Practice oferuje niedrogie zabiegi osteopatii, masa\u017cu i akupunktury w Londynie w Wielkiej Brytanii. Nasze us\u0142ugi s\u0105 dost\u0119pne w dw\u00f3ch lokalizacjach, South East London Ladywell i Central London w South Katherine's Dock.<\/div>\n\t\t\t\n\t\t\t\n\t\t<\/div>\n\t\t\n\t\t\n\t\t<div id=\"wd-626a61ec79581\" class=\"title-wrapper wd-wpb wd-set-mb reset-last-child  wd-rs-626a61ec79581 wd-title-color-default wd-title-style-default text-center  wd-underline-colored\">\n\t\t\t\n\t\t\t<div class=\"liner-continer\">\n\t\t\t\t<h4 class=\"woodmart-title-container title  wd-font-weight- wd-fontsize-l\" >Nasza misja<\/h4>\n\t\t\t\t\t\t\t<\/div>\n\t\t\t\n\t\t\t\t\t\t\t<div class=\"title-after_title reset-last-child  wd-fontsize-xs\">Londy\u0144ska Praktyka Osteopatii to przyjazna i profesjonalna praktyka zapewniaj\u0105ca niedrogie zabiegi. Ca\u0142y zesp\u00f3\u0142 jest oddany wysokiej jako\u015bci, skutecznemu leczeniu i obs\u0142udze przez ca\u0142y czas. Jeste\u015bmy w stanie zatroszczy\u0107 si\u0119 o wiele schorze\u0144, nie tylko o \u201eb\u00f3le plec\u00f3w\u201d.<\/div>\n\t\t\t\n\t\t\t\n\t\t<\/div>\n\t\t\n\t\t\n\t\t<div id=\"wd-627be6b4c5793\" class=\"title-wrapper wd-wpb wd-set-mb reset-last-child  wd-rs-627be6b4c5793 wd-title-color-default wd-title-style-default text-center  wd-underline-colored\">\n\t\t\t\n\t\t\t<div class=\"liner-continer\">\n\t\t\t\t<h4 class=\"woodmart-title-container title  wd-font-weight- wd-fontsize-l\" >Nasi osteopaci<\/h4>\n\t\t\t\t\t\t\t<\/div>\n\t\t\t\n\t\t\t\t\t\t\t<div class=\"title-after_title reset-last-child  wd-fontsize-xs\">Wszyscy nasi osteopaci w London Osteopathy Practice studiowali przez pi\u0119\u0107 lat na studiach magisterskich na University College of Osteopathy. Ca\u0142y zesp\u00f3\u0142 jest oddany wysokiej jako\u015bci, skutecznemu leczeniu i obs\u0142udze przez ca\u0142y czas. Wiod\u0105cy osteopata Thomas, ma r\u00f3wnie\u017c do\u015bwiadczenie w akupunkturze medycznej.<\/div>\n\t\t\t\n\t\t\t\n\t\t<\/div>\n\t\t\n\t\t[vc_row_inner][vc_column_inner width=&#8221;1\/2&#8243;][vc_column_text woodmart_inline=&#8221;no&#8221; text_larger=&#8221;no&#8221;]<\/p>\n<h2>Obejrzyj nasze filmy<\/h2>\n<p>[\/vc_column_text][vc_raw_html css=&#8221;.vc_custom_1652196275865{margin-bottom: -40px !important;}&#8221;]PGNlbnRlcj48aWZyYW1lIHNyYz0iaHR0cHM6Ly93d3cuZmFjZWJvb2suY29tL3BsdWdpbnMvdmlkZW8ucGhwP2hlaWdodD0zMTQmYW1wO2hyZWY9aHR0cHMlM0ElMkYlMkZ3d3cuZmFjZWJvb2suY29tJTJGYnJvY2tsZXlvc3Rlb3BhdGh5Y2xpbmljJTJGdmlkZW9zJTJGNzgxNTkxODc1Nzg0MjM3JTJGJmFtcDtzaG93X3RleHQ9ZmFsc2UmYW1wO3dpZHRoPTU2MCZhbXA7dD02IiB3aWR0aD0iNTYwIiBoZWlnaHQ9IjMxNCIgc3R5bGU9ImJvcmRlcjpub25lO292ZXJmbG93OmhpZGRlbiIgc2Nyb2xsaW5nPSJubyIgZnJhbWVib3JkZXI9IjAiIGFsbG93ZnVsbHNjcmVlbj0idHJ1ZSIgYWxsb3c9ImF1dG9wbGF5OyBjbGlwYm9hcmQtd3JpdGU7IGVuY3J5cHRlZC1tZWRpYTsgcGljdHVyZS1pbi1waWN0dXJlOyB3ZWItc2hhcmUiPjwvaWZyYW1lPjwvY2VudGVyPg==[\/vc_raw_html][\/vc_column_inner][vc_column_inner width=&#8221;1\/2&#8243;][vc_raw_html css=&#8221;.vc_custom_1652287010826{margin-bottom: -40px !important;}&#8221;]PGNlbnRlcj48aWZyYW1lIHNyYz0iaHR0cHM6Ly93d3cuZmFjZWJvb2suY29tL3BsdWdpbnMvdmlkZW8ucGhwP2hlaWdodD00NzYmYW1wO2hyZWY9aHR0cHMlM0ElMkYlMkZ3d3cuZmFjZWJvb2suY29tJTJGYnJvY2tsZXlvc3Rlb3BhdGh5Y2xpbmljJTJGdmlkZW9zJTJGMjAxOTgwNjE3ODIxMDY3JTJGJmFtcDtzaG93X3RleHQ9ZmFsc2UmYW1wO3dpZHRoPTM4MCZhbXA7dD0wIiB3aWR0aD0iMzgwIiBoZWlnaHQ9IjQ3NiIgc3R5bGU9ImJvcmRlcjpub25lO292ZXJmbG93OmhpZGRlbiIgc2Nyb2xsaW5nPSJubyIgZnJhbWVib3JkZXI9IjAiIGFsbG93ZnVsbHNjcmVlbj0idHJ1ZSIgYWxsb3c9ImF1dG9wbGF5OyBjbGlwYm9hcmQtd3JpdGU7IGVuY3J5cHRlZC1tZWRpYTsgcGljdHVyZS1pbi1waWN0dXJlOyB3ZWItc2hhcmUiPjwvaWZyYW1lPjwvY2VudHJlPg==[\/vc_raw_html][\/vc_column_inner][\/vc_row_inner][\/vc_column][\/vc_row][vc_row css_animation=&#8221;fadeIn&#8221; woodmart_css_id=&#8221;627be6d9518b5&#8243; responsive_spacing=&#8221;eyJwYXJhbV90eXBlIjoid29vZG1hcnRfcmVzcG9uc2l2ZV9zcGFjaW5nIiwic2VsZWN0b3JfaWQiOiI2MjdiZTZkOTUxOGI1Iiwic2hvcnRjb2RlIjoidmNfcm93IiwiZGF0YSI6eyJ0YWJsZXQiOnt9LCJtb2JpbGUiOnt9fX0=&#8221; mobile_bg_img_hidden=&#8221;no&#8221; tablet_bg_img_hidden=&#8221;no&#8221; woodmart_parallax=&#8221;0&#8243; woodmart_gradient_switch=&#8221;no&#8221; woodmart_box_shadow=&#8221;no&#8221; wd_z_index=&#8221;no&#8221; woodmart_disable_overflow=&#8221;0&#8243; row_reverse_mobile=&#8221;0&#8243; row_reverse_tablet=&#8221;0&#8243; css=&#8221;.vc_custom_1652287197412{margin-top: 60px !important;}&#8221;][vc_column][vc_raw_html]W2dydyBpZD0iMzU0Il0=[\/vc_raw_html][vc_raw_html]W2dydyBpZD0iMzUzIl0=[\/vc_raw_html][\/vc_column][\/vc_row][vc_row full_width=&#8221;stretch_row&#8221; full_height=&#8221;yes&#8221; css_animation=&#8221;fadeIn&#8221; css=&#8221;.vc_custom_1652286732390{margin-bottom: -60px !important;padding-top: 80px !important;padding-bottom: 80px !important;background-image: url(https:\/\/londonosteopathypractice.co.uk\/wp-content\/uploads\/2022\/05\/london_osteopathy_practice3-scaled.jpg?id=319) !important;background-position: center !important;background-repeat: no-repeat !important;background-size: cover !important;}&#8221; mobile_bg_img_hidden=&#8221;no&#8221; tablet_bg_img_hidden=&#8221;no&#8221; woodmart_parallax=&#8221;0&#8243; woodmart_gradient_switch=&#8221;no&#8221; row_reverse_mobile=&#8221;0&#8243; row_reverse_tablet=&#8221;0&#8243; woodmart_disable_overflow=&#8221;0&#8243; woodmart_css_id=&#8221;627be500e2142&#8243; responsive_spacing=&#8221;eyJwYXJhbV90eXBlIjoid29vZG1hcnRfcmVzcG9uc2l2ZV9zcGFjaW5nIiwic2VsZWN0b3JfaWQiOiI2MjdiZTUwMGUyMTQyIiwic2hvcnRjb2RlIjoidmNfcm93IiwiZGF0YSI6eyJ0YWJsZXQiOnt9LCJtb2JpbGUiOnt9fX0=&#8221; woodmart_box_shadow=&#8221;no&#8221; wd_z_index=&#8221;no&#8221;][vc_column woodmart_text_align=&#8221;center&#8221; mobile_bg_img_hidden=&#8221;no&#8221; tablet_bg_img_hidden=&#8221;no&#8221; woodmart_parallax=&#8221;0&#8243; woodmart_sticky_column=&#8221;false&#8221; parallax_scroll=&#8221;no&#8221; mobile_reset_margin=&#8221;no&#8221; tablet_reset_margin=&#8221;no&#8221; css=&#8221;.vc_custom_1624451786726{padding-top: 0px !important;}&#8221;]\n\t\t<div id=\"wd-6261c6f07d667\" class=\"title-wrapper wd-wpb wd-set-mb reset-last-child  wd-rs-6261c6f07d667 wd-title-color-white wd-title-style-default text-center  wd-width-enabled wd-underline-colored\" style=\"--wd-max-width: 70%;\">\n\t\t\t\t\t\t\t\n\t\t\t\t<div class=\"title-subtitle  subtitle-color-white font-alt subtitle-style-default wd-font-weight-100 wd-fontsize-xs\">Wizyty domowe wed\u0142ug ustale\u0144<\/div>\n\t\t\t\n\t\t\t<div class=\"liner-continer\">\n\t\t\t\t<h4 class=\"woodmart-title-container title  wd-font-weight-100 wd-fontsize-l\" >Godziny otwarcia<\/h4>\n\t\t\t\t\t\t\t<\/div>\n\t\t\t\n\t\t\t\t\t\t\t<div class=\"title-after_title reset-last-child  wd-fontsize-xs\">Terminy od 8:00 do 20:00 od poniedzia\u0142ku do niedzieli?<\/div>\n\t\t\t\n\t\t\t\n\t\t<\/div>\n\t\t\n\t\t<div id=\"wd-627265f519430\" class=\" wd-rs-627265f519430  wd-button-wrapper text-center inline-element\"><a href=\"https:\/\/londonosteopathypractice.co.uk\/pl\/rezerwacja-online\/\" title=\"\" class=\"btn btn-color-primary btn-style-default btn-shape-round btn-size-default\">Rezerwuj teraz<\/a><\/div><div id=\"wd-62726603dd79f\" class=\" wd-rs-62726603dd79f  wd-button-wrapper text-center inline-element\"><a href=\"https:\/\/londonosteopathypractice.co.uk\/pl\/warunki-ktore-leczymy\/\" title=\"\" class=\"btn btn-color-white btn-style-bordered btn-shape-round btn-size-default\">Co traktujemy<\/a><\/div>[\/vc_column][\/vc_row]<\/p>\n","protected":false},"excerpt":{"rendered":"<p>[vc_row full_width=&#8221;stretch_row&#8221; full_height=&#8221;yes&#8221; css_animation=&#8221;fadeIn&#8221; css=&#8221;.vc_custom_1651673958923{margin-top: -40px !important;padding-top: 380px !important;padding-bottom: 80px !important;background-image: url(https:\/\/londonosteopathypractice.co.uk\/wp-content\/uploads\/2022\/05\/london_osteopathy_practice6.jpg?id=322) !important;background-position: center !important;background-repeat: no-repeat !important;background-size: cover !important;}&#8221; mobile_bg_img_hidden=&#8221;no&#8221;<\/p>\n","protected":false},"author":1,"featured_media":369,"parent":0,"menu_order":0,"comment_status":"closed","ping_status":"open","template":"","meta":{"footnotes":""},"class_list":["post-396","page","type-page","status-publish","has-post-thumbnail","hentry"],"yoast_head":"<!-- This site is optimized with the Yoast SEO plugin v27.3 - https:\/\/yoast.com\/product\/yoast-seo-wordpress\/ -->\n<title>Londy\u0144ska Praktyka Osteopatii | London Osteopathy Practice<\/title>\n<meta name=\"robots\" content=\"index, follow, max-snippet:-1, max-image-preview:large, max-video-preview:-1\" \/>\n<link rel=\"canonical\" href=\"https:\/\/londonosteopathypractice.co.uk\/pl\/\" \/>\n<meta property=\"og:locale\" content=\"pl_PL\" \/>\n<meta property=\"og:type\" content=\"article\" \/>\n<meta property=\"og:title\" content=\"Londy\u0144ska Praktyka Osteopatii | London Osteopathy Practice\" \/>\n<meta property=\"og:description\" content=\"[vc_row full_width=&#8221;stretch_row&#8221; full_height=&#8221;yes&#8221; css_animation=&#8221;fadeIn&#8221; css=&#8221;.vc_custom_1651673958923{margin-top: -40px !important;padding-top: 380px !important;padding-bottom: 80px !important;background-image: url(https:\/\/londonosteopathypractice.co.uk\/wp-content\/uploads\/2022\/05\/london_osteopathy_practice6.jpg?id=322) !important;background-position: center !important;background-repeat: no-repeat !important;background-size: cover !important;}&#8221; mobile_bg_img_hidden=&#8221;no&#8221;\" \/>\n<meta property=\"og:url\" content=\"https:\/\/londonosteopathypractice.co.uk\/pl\/\" \/>\n<meta property=\"og:site_name\" content=\"London Osteopathy Practice\" \/>\n<meta property=\"article:modified_time\" content=\"2022-05-11T17:13:47+00:00\" \/>\n<meta property=\"og:image\" content=\"https:\/\/londonosteopathypractice.co.uk\/wp-content\/uploads\/2022\/04\/london_aoestopathy_clinic1.jpg\" \/>\n\t<meta property=\"og:image:width\" content=\"1920\" \/>\n\t<meta property=\"og:image:height\" content=\"1080\" \/>\n\t<meta property=\"og:image:type\" content=\"image\/jpeg\" \/>\n<meta name=\"twitter:card\" content=\"summary_large_image\" \/>\n<meta name=\"twitter:label1\" content=\"Szacowany czas czytania\" \/>\n\t<meta name=\"twitter:data1\" content=\"7 minut\" \/>\n<script type=\"application\/ld+json\" class=\"yoast-schema-graph\">{\"@context\":\"https:\\\/\\\/schema.org\",\"@graph\":[{\"@type\":\"WebPage\",\"@id\":\"https:\\\/\\\/londonosteopathypractice.co.uk\\\/pl\\\/\",\"url\":\"https:\\\/\\\/londonosteopathypractice.co.uk\\\/pl\\\/\",\"name\":\"Londy\u0144ska Praktyka Osteopatii | London Osteopathy Practice\",\"isPartOf\":{\"@id\":\"https:\\\/\\\/londonosteopathypractice.co.uk\\\/pl\\\/#website\"},\"primaryImageOfPage\":{\"@id\":\"https:\\\/\\\/londonosteopathypractice.co.uk\\\/pl\\\/#primaryimage\"},\"image\":{\"@id\":\"https:\\\/\\\/londonosteopathypractice.co.uk\\\/pl\\\/#primaryimage\"},\"thumbnailUrl\":\"https:\\\/\\\/londonosteopathypractice.co.uk\\\/wp-content\\\/uploads\\\/2022\\\/04\\\/london_aoestopathy_clinic1.jpg\",\"datePublished\":\"2022-04-21T15:57:18+00:00\",\"dateModified\":\"2022-05-11T17:13:47+00:00\",\"breadcrumb\":{\"@id\":\"https:\\\/\\\/londonosteopathypractice.co.uk\\\/pl\\\/#breadcrumb\"},\"inLanguage\":\"pl-PL\",\"potentialAction\":[{\"@type\":\"ReadAction\",\"target\":[\"https:\\\/\\\/londonosteopathypractice.co.uk\\\/pl\\\/\"]}]},{\"@type\":\"ImageObject\",\"inLanguage\":\"pl-PL\",\"@id\":\"https:\\\/\\\/londonosteopathypractice.co.uk\\\/pl\\\/#primaryimage\",\"url\":\"https:\\\/\\\/londonosteopathypractice.co.uk\\\/wp-content\\\/uploads\\\/2022\\\/04\\\/london_aoestopathy_clinic1.jpg\",\"contentUrl\":\"https:\\\/\\\/londonosteopathypractice.co.uk\\\/wp-content\\\/uploads\\\/2022\\\/04\\\/london_aoestopathy_clinic1.jpg\",\"width\":1920,\"height\":1080},{\"@type\":\"BreadcrumbList\",\"@id\":\"https:\\\/\\\/londonosteopathypractice.co.uk\\\/pl\\\/#breadcrumb\",\"itemListElement\":[{\"@type\":\"ListItem\",\"position\":1,\"name\":\"Home\",\"item\":\"https:\\\/\\\/londonosteopathypractice.co.uk\\\/pl\\\/\"},{\"@type\":\"ListItem\",\"position\":2,\"name\":\"Londy\u0144ska Praktyka Osteopatii\"}]},{\"@type\":\"WebSite\",\"@id\":\"https:\\\/\\\/londonosteopathypractice.co.uk\\\/pl\\\/#website\",\"url\":\"https:\\\/\\\/londonosteopathypractice.co.uk\\\/pl\\\/\",\"name\":\"London Osteopathy Practice\",\"description\":\"London Osteopathy Practice\",\"publisher\":{\"@id\":\"https:\\\/\\\/londonosteopathypractice.co.uk\\\/pl\\\/#organization\"},\"potentialAction\":[{\"@type\":\"SearchAction\",\"target\":{\"@type\":\"EntryPoint\",\"urlTemplate\":\"https:\\\/\\\/londonosteopathypractice.co.uk\\\/pl\\\/?s={search_term_string}\"},\"query-input\":{\"@type\":\"PropertyValueSpecification\",\"valueRequired\":true,\"valueName\":\"search_term_string\"}}],\"inLanguage\":\"pl-PL\"},{\"@type\":\"Organization\",\"@id\":\"https:\\\/\\\/londonosteopathypractice.co.uk\\\/pl\\\/#organization\",\"name\":\"London Osteopathy Practice\",\"url\":\"https:\\\/\\\/londonosteopathypractice.co.uk\\\/pl\\\/\",\"logo\":{\"@type\":\"ImageObject\",\"inLanguage\":\"pl-PL\",\"@id\":\"https:\\\/\\\/londonosteopathypractice.co.uk\\\/pl\\\/#\\\/schema\\\/logo\\\/image\\\/\",\"url\":\"https:\\\/\\\/londonosteopathypractice.co.uk\\\/wp-content\\\/uploads\\\/2022\\\/04\\\/london_aoestopathy_clinic.png\",\"contentUrl\":\"https:\\\/\\\/londonosteopathypractice.co.uk\\\/wp-content\\\/uploads\\\/2022\\\/04\\\/london_aoestopathy_clinic.png\",\"width\":335,\"height\":110,\"caption\":\"London Osteopathy Practice\"},\"image\":{\"@id\":\"https:\\\/\\\/londonosteopathypractice.co.uk\\\/pl\\\/#\\\/schema\\\/logo\\\/image\\\/\"}}]}<\/script>\n<!-- \/ Yoast SEO plugin. -->","yoast_head_json":{"title":"Londy\u0144ska Praktyka Osteopatii | London Osteopathy Practice","robots":{"index":"index","follow":"follow","max-snippet":"max-snippet:-1","max-image-preview":"max-image-preview:large","max-video-preview":"max-video-preview:-1"},"canonical":"https:\/\/londonosteopathypractice.co.uk\/pl\/","og_locale":"pl_PL","og_type":"article","og_title":"Londy\u0144ska Praktyka Osteopatii | London Osteopathy Practice","og_description":"[vc_row full_width=&#8221;stretch_row&#8221; full_height=&#8221;yes&#8221; css_animation=&#8221;fadeIn&#8221; css=&#8221;.vc_custom_1651673958923{margin-top: -40px !important;padding-top: 380px !important;padding-bottom: 80px !important;background-image: url(https:\/\/londonosteopathypractice.co.uk\/wp-content\/uploads\/2022\/05\/london_osteopathy_practice6.jpg?id=322) !important;background-position: center !important;background-repeat: no-repeat !important;background-size: cover !important;}&#8221; mobile_bg_img_hidden=&#8221;no&#8221;","og_url":"https:\/\/londonosteopathypractice.co.uk\/pl\/","og_site_name":"London Osteopathy Practice","article_modified_time":"2022-05-11T17:13:47+00:00","og_image":[{"width":1920,"height":1080,"url":"https:\/\/londonosteopathypractice.co.uk\/wp-content\/uploads\/2022\/04\/london_aoestopathy_clinic1.jpg","type":"image\/jpeg"}],"twitter_card":"summary_large_image","twitter_misc":{"Szacowany czas czytania":"7 minut"},"schema":{"@context":"https:\/\/schema.org","@graph":[{"@type":"WebPage","@id":"https:\/\/londonosteopathypractice.co.uk\/pl\/","url":"https:\/\/londonosteopathypractice.co.uk\/pl\/","name":"Londy\u0144ska Praktyka Osteopatii | London Osteopathy Practice","isPartOf":{"@id":"https:\/\/londonosteopathypractice.co.uk\/pl\/#website"},"primaryImageOfPage":{"@id":"https:\/\/londonosteopathypractice.co.uk\/pl\/#primaryimage"},"image":{"@id":"https:\/\/londonosteopathypractice.co.uk\/pl\/#primaryimage"},"thumbnailUrl":"https:\/\/londonosteopathypractice.co.uk\/wp-content\/uploads\/2022\/04\/london_aoestopathy_clinic1.jpg","datePublished":"2022-04-21T15:57:18+00:00","dateModified":"2022-05-11T17:13:47+00:00","breadcrumb":{"@id":"https:\/\/londonosteopathypractice.co.uk\/pl\/#breadcrumb"},"inLanguage":"pl-PL","potentialAction":[{"@type":"ReadAction","target":["https:\/\/londonosteopathypractice.co.uk\/pl\/"]}]},{"@type":"ImageObject","inLanguage":"pl-PL","@id":"https:\/\/londonosteopathypractice.co.uk\/pl\/#primaryimage","url":"https:\/\/londonosteopathypractice.co.uk\/wp-content\/uploads\/2022\/04\/london_aoestopathy_clinic1.jpg","contentUrl":"https:\/\/londonosteopathypractice.co.uk\/wp-content\/uploads\/2022\/04\/london_aoestopathy_clinic1.jpg","width":1920,"height":1080},{"@type":"BreadcrumbList","@id":"https:\/\/londonosteopathypractice.co.uk\/pl\/#breadcrumb","itemListElement":[{"@type":"ListItem","position":1,"name":"Home","item":"https:\/\/londonosteopathypractice.co.uk\/pl\/"},{"@type":"ListItem","position":2,"name":"Londy\u0144ska Praktyka Osteopatii"}]},{"@type":"WebSite","@id":"https:\/\/londonosteopathypractice.co.uk\/pl\/#website","url":"https:\/\/londonosteopathypractice.co.uk\/pl\/","name":"London Osteopathy Practice","description":"London Osteopathy Practice","publisher":{"@id":"https:\/\/londonosteopathypractice.co.uk\/pl\/#organization"},"potentialAction":[{"@type":"SearchAction","target":{"@type":"EntryPoint","urlTemplate":"https:\/\/londonosteopathypractice.co.uk\/pl\/?s={search_term_string}"},"query-input":{"@type":"PropertyValueSpecification","valueRequired":true,"valueName":"search_term_string"}}],"inLanguage":"pl-PL"},{"@type":"Organization","@id":"https:\/\/londonosteopathypractice.co.uk\/pl\/#organization","name":"London Osteopathy Practice","url":"https:\/\/londonosteopathypractice.co.uk\/pl\/","logo":{"@type":"ImageObject","inLanguage":"pl-PL","@id":"https:\/\/londonosteopathypractice.co.uk\/pl\/#\/schema\/logo\/image\/","url":"https:\/\/londonosteopathypractice.co.uk\/wp-content\/uploads\/2022\/04\/london_aoestopathy_clinic.png","contentUrl":"https:\/\/londonosteopathypractice.co.uk\/wp-content\/uploads\/2022\/04\/london_aoestopathy_clinic.png","width":335,"height":110,"caption":"London Osteopathy Practice"},"image":{"@id":"https:\/\/londonosteopathypractice.co.uk\/pl\/#\/schema\/logo\/image\/"}}]}},"_links":{"self":[{"href":"https:\/\/londonosteopathypractice.co.uk\/pl\/wp-json\/wp\/v2\/pages\/396","targetHints":{"allow":["GET"]}}],"collection":[{"href":"https:\/\/londonosteopathypractice.co.uk\/pl\/wp-json\/wp\/v2\/pages"}],"about":[{"href":"https:\/\/londonosteopathypractice.co.uk\/pl\/wp-json\/wp\/v2\/types\/page"}],"author":[{"embeddable":true,"href":"https:\/\/londonosteopathypractice.co.uk\/pl\/wp-json\/wp\/v2\/users\/1"}],"replies":[{"embeddable":true,"href":"https:\/\/londonosteopathypractice.co.uk\/pl\/wp-json\/wp\/v2\/comments?post=396"}],"version-history":[{"count":3,"href":"https:\/\/londonosteopathypractice.co.uk\/pl\/wp-json\/wp\/v2\/pages\/396\/revisions"}],"predecessor-version":[{"id":443,"href":"https:\/\/londonosteopathypractice.co.uk\/pl\/wp-json\/wp\/v2\/pages\/396\/revisions\/443"}],"wp:featuredmedia":[{"embeddable":true,"href":"https:\/\/londonosteopathypractice.co.uk\/pl\/wp-json\/wp\/v2\/media\/369"}],"wp:attachment":[{"href":"https:\/\/londonosteopathypractice.co.uk\/pl\/wp-json\/wp\/v2\/media?parent=396"}],"curies":[{"name":"wp","href":"https:\/\/api.w.org\/{rel}","templated":true}]}}