{"id":397,"date":"2022-05-04T12:23:37","date_gmt":"2022-05-04T12:23:37","guid":{"rendered":"https:\/\/londonosteopathypractice.co.uk\/ciasteczka\/"},"modified":"2022-05-11T16:58:35","modified_gmt":"2022-05-11T16:58:35","slug":"ciasteczka","status":"publish","type":"page","link":"https:\/\/londonosteopathypractice.co.uk\/pl\/ciasteczka\/","title":{"rendered":"Ciasteczka"},"content":{"rendered":"\n<h2 class=\"wp-block-heading\">CO TO S\u0104 COOKIES?<\/h2>\n\n<p>Pliki cookie to informacje, kt\u00f3re s\u0105 przechowywane na Twoim komputerze jako pliki tekstowe. S\u0105 one wysy\u0142ane z witryny hosta do przegl\u0105darki internetowej podczas przegl\u0105dania Internetu. Pliki cookie maj\u0105 na celu pom\u00f3c stronom internetowym zapami\u0119ta\u0107 podstawowe informacje i rejestrowa\u0107 okre\u015blone czynno\u015bci zwi\u0105zane z przegl\u0105daniem, aby przyspieszy\u0107 i u\u0142atwi\u0107 przegl\u0105danie.<\/p>\n\n<h4 class=\"wp-block-heading\">JAKICH RODZAJ\u00d3W PLIK\u00d3W COOKIES U\u017bYWAMY?<\/h4>\n\n<h4 class=\"wp-block-heading\"><em>NIEZB\u0118DNE PLIKI COOKIES<\/em><\/h4>\n\n<p>Niezb\u0119dne pliki cookie pozwalaj\u0105 nam zaoferowa\u0107 najlepsz\u0105 mo\u017cliw\u0105 jako\u015b\u0107 podczas uzyskiwania dost\u0119pu do naszej witryny i poruszania si\u0119 po niej oraz korzystania z jej funkcji. Na przyk\u0142ad te pliki cookie pozwalaj\u0105 nam rozpozna\u0107, \u017ce utworzy\u0142e\u015b konto i zalogowa\u0142e\u015b si\u0119 na to konto, aby uzyska\u0107 dost\u0119p do tre\u015bci.<\/p>\n\n<h4 class=\"wp-block-heading\"><em>COOKIES FUNKCJONALNE<\/em><\/h4>\n\n<p>Funkcjonalne pliki cookie pozwalaj\u0105 nam obs\u0142ugiwa\u0107 witryn\u0119 zgodnie z Twoimi wyborami. Na przyk\u0142ad rozpoznamy Twoj\u0105 nazw\u0119 u\u017cytkownika i zapami\u0119tamy, w jaki spos\u00f3b dostosowa\u0142e\u015b witryn\u0119 podczas przysz\u0142ych wizyt.<\/p>\n\n<h4 class=\"wp-block-heading\"><em>COOKIES ANALITYCZNE<\/em><\/h4>\n\n<p>Te pliki cookie umo\u017cliwiaj\u0105 nam i us\u0142ugom zewn\u0119trznym zbieranie zagregowanych danych do cel\u00f3w statystycznych dotycz\u0105cych sposobu korzystania z witryny przez naszych odwiedzaj\u0105cych. Te pliki cookie nie zawieraj\u0105 danych osobowych, takich jak nazwiska i adresy e-mail, i s\u0142u\u017c\u0105 nam do poprawy komfortu korzystania z witryny.<\/p>\n\n<h4 class=\"wp-block-heading\">JAK USUN\u0104\u0106 COOKIES?<\/h4>\n\n<p>Je\u015bli chcesz ograniczy\u0107 lub zablokowa\u0107 pliki cookie ustawione przez nasz\u0105 witryn\u0119, mo\u017cesz to zrobi\u0107 za pomoc\u0105 ustawie\u0144 przegl\u0105darki. Mo\u017cesz te\u017c odwiedzi\u0107 stron\u0119 <a href=\"https:\/\/www.internetcookies.org\/\" target=\"_blank\" rel=\"noreferrer noopener\">www.internetcookies.org<\/a> , kt\u00f3ra zawiera wyczerpuj\u0105ce informacje, jak to zrobi\u0107 w r\u00f3\u017cnych przegl\u0105darkach i urz\u0105dzeniach. Znajdziesz tu og\u00f3lne informacje o plikach cookie oraz szczeg\u00f3\u0142owe informacje o tym, jak usun\u0105\u0107 pliki cookie z Twojego urz\u0105dzenia.<\/p>\n\n<h4 class=\"wp-block-heading\">JAK KORZYSTAMY Z PLIK\u00d3W COOKIES \u2013 PRZYK\u0141ADY<\/h4>\n\n<h5 class=\"wp-block-heading\">WOOCOMMERCE<\/h5>\n\n<p>Aby \u015bledzi\u0107 dane koszyka, WooCommerce wykorzystuje 3 pliki cookie:<\/p>\n\n<p>\u2022 woocommerce_cart_hash<br\/>\u2022 woocommerce_items_in_cart<br\/>\u2022 wp_woocommerce_session_<\/p>\n\n<p>Pierwsze dwa pliki cookie zawieraj\u0105 informacje o koszyku jako ca\u0142o\u015bci i pomagaj\u0105 WooCommerce wiedzie\u0107, kiedy dane koszyka ulegn\u0105 zmianie. Ostateczny plik cookie (wp_woocommerce_session_) zawiera unikalny kod dla ka\u017cdego klienta, dzi\u0119ki czemu wie, gdzie znale\u017a\u0107 dane koszyka w bazie danych dla ka\u017cdego klienta. W tych plikach cookie nie s\u0105 przechowywane \u017cadne dane osobowe.<\/p>\n\n<h4 class=\"wp-block-heading\"><strong>KONTAKT Z NAMI<\/strong><\/h4>\n\n<p>Je\u015bli masz jakiekolwiek pytania dotycz\u0105ce niniejszej polityki plik\u00f3w cookie lub korzystania przez nas z plik\u00f3w cookie, skontaktuj si\u0119 z nami.<\/p>\n","protected":false},"excerpt":{"rendered":"<p>CO TO S\u0104 COOKIES? Pliki cookie to informacje, kt\u00f3re s\u0105 przechowywane na Twoim komputerze jako pliki tekstowe. S\u0105 one wysy\u0142ane<\/p>\n","protected":false},"author":1,"featured_media":0,"parent":0,"menu_order":0,"comment_status":"closed","ping_status":"closed","template":"","meta":{"footnotes":""},"class_list":["post-397","page","type-page","status-publish","hentry"],"yoast_head":"<!-- This site is optimized with the Yoast SEO plugin v27.3 - https:\/\/yoast.com\/product\/yoast-seo-wordpress\/ -->\n<title>Ciasteczka | London Osteopathy Practice<\/title>\n<meta name=\"robots\" content=\"index, follow, max-snippet:-1, max-image-preview:large, max-video-preview:-1\" \/>\n<link rel=\"canonical\" href=\"https:\/\/londonosteopathypractice.co.uk\/pl\/ciasteczka\/\" \/>\n<meta property=\"og:locale\" content=\"pl_PL\" \/>\n<meta property=\"og:type\" content=\"article\" \/>\n<meta property=\"og:title\" content=\"Ciasteczka | London Osteopathy Practice\" \/>\n<meta property=\"og:description\" content=\"CO TO S\u0104 COOKIES? Pliki cookie to informacje, kt\u00f3re s\u0105 przechowywane na Twoim komputerze jako pliki tekstowe. S\u0105 one wysy\u0142ane\" \/>\n<meta property=\"og:url\" content=\"https:\/\/londonosteopathypractice.co.uk\/pl\/ciasteczka\/\" \/>\n<meta property=\"og:site_name\" content=\"London Osteopathy Practice\" \/>\n<meta property=\"article:modified_time\" content=\"2022-05-11T16:58:35+00:00\" \/>\n<meta name=\"twitter:card\" content=\"summary_large_image\" \/>\n<meta name=\"twitter:label1\" content=\"Szacowany czas czytania\" \/>\n\t<meta name=\"twitter:data1\" content=\"2 minuty\" \/>\n<script type=\"application\/ld+json\" class=\"yoast-schema-graph\">{\"@context\":\"https:\\\/\\\/schema.org\",\"@graph\":[{\"@type\":\"WebPage\",\"@id\":\"https:\\\/\\\/londonosteopathypractice.co.uk\\\/pl\\\/ciasteczka\\\/\",\"url\":\"https:\\\/\\\/londonosteopathypractice.co.uk\\\/pl\\\/ciasteczka\\\/\",\"name\":\"Ciasteczka | London Osteopathy Practice\",\"isPartOf\":{\"@id\":\"https:\\\/\\\/londonosteopathypractice.co.uk\\\/pl\\\/#website\"},\"datePublished\":\"2022-05-04T12:23:37+00:00\",\"dateModified\":\"2022-05-11T16:58:35+00:00\",\"breadcrumb\":{\"@id\":\"https:\\\/\\\/londonosteopathypractice.co.uk\\\/pl\\\/ciasteczka\\\/#breadcrumb\"},\"inLanguage\":\"pl-PL\",\"potentialAction\":[{\"@type\":\"ReadAction\",\"target\":[\"https:\\\/\\\/londonosteopathypractice.co.uk\\\/pl\\\/ciasteczka\\\/\"]}]},{\"@type\":\"BreadcrumbList\",\"@id\":\"https:\\\/\\\/londonosteopathypractice.co.uk\\\/pl\\\/ciasteczka\\\/#breadcrumb\",\"itemListElement\":[{\"@type\":\"ListItem\",\"position\":1,\"name\":\"Home\",\"item\":\"https:\\\/\\\/londonosteopathypractice.co.uk\\\/pl\\\/\"},{\"@type\":\"ListItem\",\"position\":2,\"name\":\"Ciasteczka\"}]},{\"@type\":\"WebSite\",\"@id\":\"https:\\\/\\\/londonosteopathypractice.co.uk\\\/pl\\\/#website\",\"url\":\"https:\\\/\\\/londonosteopathypractice.co.uk\\\/pl\\\/\",\"name\":\"London Osteopathy Practice\",\"description\":\"London Osteopathy Practice\",\"publisher\":{\"@id\":\"https:\\\/\\\/londonosteopathypractice.co.uk\\\/pl\\\/#organization\"},\"potentialAction\":[{\"@type\":\"SearchAction\",\"target\":{\"@type\":\"EntryPoint\",\"urlTemplate\":\"https:\\\/\\\/londonosteopathypractice.co.uk\\\/pl\\\/?s={search_term_string}\"},\"query-input\":{\"@type\":\"PropertyValueSpecification\",\"valueRequired\":true,\"valueName\":\"search_term_string\"}}],\"inLanguage\":\"pl-PL\"},{\"@type\":\"Organization\",\"@id\":\"https:\\\/\\\/londonosteopathypractice.co.uk\\\/pl\\\/#organization\",\"name\":\"London Osteopathy Practice\",\"url\":\"https:\\\/\\\/londonosteopathypractice.co.uk\\\/pl\\\/\",\"logo\":{\"@type\":\"ImageObject\",\"inLanguage\":\"pl-PL\",\"@id\":\"https:\\\/\\\/londonosteopathypractice.co.uk\\\/pl\\\/#\\\/schema\\\/logo\\\/image\\\/\",\"url\":\"https:\\\/\\\/londonosteopathypractice.co.uk\\\/wp-content\\\/uploads\\\/2022\\\/04\\\/london_aoestopathy_clinic.png\",\"contentUrl\":\"https:\\\/\\\/londonosteopathypractice.co.uk\\\/wp-content\\\/uploads\\\/2022\\\/04\\\/london_aoestopathy_clinic.png\",\"width\":335,\"height\":110,\"caption\":\"London Osteopathy Practice\"},\"image\":{\"@id\":\"https:\\\/\\\/londonosteopathypractice.co.uk\\\/pl\\\/#\\\/schema\\\/logo\\\/image\\\/\"}}]}<\/script>\n<!-- \/ Yoast SEO plugin. -->","yoast_head_json":{"title":"Ciasteczka | London Osteopathy Practice","robots":{"index":"index","follow":"follow","max-snippet":"max-snippet:-1","max-image-preview":"max-image-preview:large","max-video-preview":"max-video-preview:-1"},"canonical":"https:\/\/londonosteopathypractice.co.uk\/pl\/ciasteczka\/","og_locale":"pl_PL","og_type":"article","og_title":"Ciasteczka | London Osteopathy Practice","og_description":"CO TO S\u0104 COOKIES? Pliki cookie to informacje, kt\u00f3re s\u0105 przechowywane na Twoim komputerze jako pliki tekstowe. S\u0105 one wysy\u0142ane","og_url":"https:\/\/londonosteopathypractice.co.uk\/pl\/ciasteczka\/","og_site_name":"London Osteopathy Practice","article_modified_time":"2022-05-11T16:58:35+00:00","twitter_card":"summary_large_image","twitter_misc":{"Szacowany czas czytania":"2 minuty"},"schema":{"@context":"https:\/\/schema.org","@graph":[{"@type":"WebPage","@id":"https:\/\/londonosteopathypractice.co.uk\/pl\/ciasteczka\/","url":"https:\/\/londonosteopathypractice.co.uk\/pl\/ciasteczka\/","name":"Ciasteczka | London Osteopathy Practice","isPartOf":{"@id":"https:\/\/londonosteopathypractice.co.uk\/pl\/#website"},"datePublished":"2022-05-04T12:23:37+00:00","dateModified":"2022-05-11T16:58:35+00:00","breadcrumb":{"@id":"https:\/\/londonosteopathypractice.co.uk\/pl\/ciasteczka\/#breadcrumb"},"inLanguage":"pl-PL","potentialAction":[{"@type":"ReadAction","target":["https:\/\/londonosteopathypractice.co.uk\/pl\/ciasteczka\/"]}]},{"@type":"BreadcrumbList","@id":"https:\/\/londonosteopathypractice.co.uk\/pl\/ciasteczka\/#breadcrumb","itemListElement":[{"@type":"ListItem","position":1,"name":"Home","item":"https:\/\/londonosteopathypractice.co.uk\/pl\/"},{"@type":"ListItem","position":2,"name":"Ciasteczka"}]},{"@type":"WebSite","@id":"https:\/\/londonosteopathypractice.co.uk\/pl\/#website","url":"https:\/\/londonosteopathypractice.co.uk\/pl\/","name":"London Osteopathy Practice","description":"London Osteopathy Practice","publisher":{"@id":"https:\/\/londonosteopathypractice.co.uk\/pl\/#organization"},"potentialAction":[{"@type":"SearchAction","target":{"@type":"EntryPoint","urlTemplate":"https:\/\/londonosteopathypractice.co.uk\/pl\/?s={search_term_string}"},"query-input":{"@type":"PropertyValueSpecification","valueRequired":true,"valueName":"search_term_string"}}],"inLanguage":"pl-PL"},{"@type":"Organization","@id":"https:\/\/londonosteopathypractice.co.uk\/pl\/#organization","name":"London Osteopathy Practice","url":"https:\/\/londonosteopathypractice.co.uk\/pl\/","logo":{"@type":"ImageObject","inLanguage":"pl-PL","@id":"https:\/\/londonosteopathypractice.co.uk\/pl\/#\/schema\/logo\/image\/","url":"https:\/\/londonosteopathypractice.co.uk\/wp-content\/uploads\/2022\/04\/london_aoestopathy_clinic.png","contentUrl":"https:\/\/londonosteopathypractice.co.uk\/wp-content\/uploads\/2022\/04\/london_aoestopathy_clinic.png","width":335,"height":110,"caption":"London Osteopathy Practice"},"image":{"@id":"https:\/\/londonosteopathypractice.co.uk\/pl\/#\/schema\/logo\/image\/"}}]}},"_links":{"self":[{"href":"https:\/\/londonosteopathypractice.co.uk\/pl\/wp-json\/wp\/v2\/pages\/397","targetHints":{"allow":["GET"]}}],"collection":[{"href":"https:\/\/londonosteopathypractice.co.uk\/pl\/wp-json\/wp\/v2\/pages"}],"about":[{"href":"https:\/\/londonosteopathypractice.co.uk\/pl\/wp-json\/wp\/v2\/types\/page"}],"author":[{"embeddable":true,"href":"https:\/\/londonosteopathypractice.co.uk\/pl\/wp-json\/wp\/v2\/users\/1"}],"replies":[{"embeddable":true,"href":"https:\/\/londonosteopathypractice.co.uk\/pl\/wp-json\/wp\/v2\/comments?post=397"}],"version-history":[{"count":1,"href":"https:\/\/londonosteopathypractice.co.uk\/pl\/wp-json\/wp\/v2\/pages\/397\/revisions"}],"predecessor-version":[{"id":401,"href":"https:\/\/londonosteopathypractice.co.uk\/pl\/wp-json\/wp\/v2\/pages\/397\/revisions\/401"}],"wp:attachment":[{"href":"https:\/\/londonosteopathypractice.co.uk\/pl\/wp-json\/wp\/v2\/media?parent=397"}],"curies":[{"name":"wp","href":"https:\/\/api.w.org\/{rel}","templated":true}]}}