{"id":403,"date":"2022-04-21T21:28:59","date_gmt":"2022-04-21T21:28:59","guid":{"rendered":"https:\/\/londonosteopathypractice.co.uk\/akupunktura-medyczna\/"},"modified":"2022-05-11T17:23:52","modified_gmt":"2022-05-11T17:23:52","slug":"akupunktura-medyczna","status":"publish","type":"page","link":"https:\/\/londonosteopathypractice.co.uk\/pl\/uslugi\/akupunktura-medyczna\/","title":{"rendered":"Akupunktura medyczna"},"content":{"rendered":"\n<p>Akupunktura medyczna to nowoczesna adaptacja staro\u017cytnej chi\u0144skiej praktyki akupunktury. Definiuje si\u0119 j\u0105 jako technik\u0119 terapeutyczn\u0105, kt\u00f3ra polega na wk\u0142uwaniu cienkich igie\u0142 w okre\u015blone punkty na ciele w celu wspomagania gojenia i \u0142agodzenia b\u00f3lu.<\/p>\n\n\n\n<p>Akupunktura medyczna jest praktykowana przez lekarzy i jest powszechnie uwa\u017cana za cz\u0119\u015b\u0107 medycyny konwencjonalnej. National Institute for Health and Care Excellence (NICE) szczeg\u00f3lnie zaleca stosowanie akupunktury w przypadku b\u00f3lu krzy\u017ca.<\/p>\n\n\n\n<p><a href=\"http:\/\/www.medical-acupuncture.co.uk\/\">Odwied\u017a stron\u0119 internetow\u0105 Brytyjskiego Towarzystwa Akupunktury Medycznej<\/a><\/p>\n\n\n\n<p>Jakie schorzenia leczy si\u0119 powszechnie akupunktur\u0105? Setki bada\u0144 klinicznych nad korzy\u015bciami p\u0142yn\u0105cymi z akupunktury pokazuj\u0105, \u017ce skutecznie leczy ona r\u00f3\u017cne schorzenia, od problem\u00f3w z <strong>uk\u0142adem mi\u0119\u015bniowo-szkieletowym (b\u00f3l plec\u00f3w, szyi i inne) po nudno\u015bci, migrenowe b\u00f3le g\u0142owy, l\u0119ki, depresj\u0119, bezsenno\u015b\u0107 i bezp\u0142odno\u015b\u0107<\/strong> .<\/p>\n\n\n\n<p>Korzy\u015bci z akupunktury na stres i b\u00f3l<\/p>\n\n\n\n<ul class=\"wp-block-list\"><li>Zmniejszony b\u00f3l plec\u00f3w, napi\u0119cie szyi i \u0142agodzenie b\u00f3lu staw\u00f3w w d\u0142oniach i ramionach<\/li><li>Ulga w b\u00f3lach g\u0142owy<\/li><li>Zmniejszone zm\u0119czenie oczu<\/li><li>Ulepszony uk\u0142ad odporno\u015bciowy i skr\u00f3cone dni chorobowe<\/li><li>Zwi\u0119kszona jasno\u015b\u0107 umys\u0142u i zwi\u0119kszona energia<\/li><li>Ulga w stanach trawiennych<\/li><li>Ulga dla alergik\u00f3w<\/li><\/ul>\n","protected":false},"excerpt":{"rendered":"<p>Akupunktura medyczna to nowoczesna adaptacja staro\u017cytnej chi\u0144skiej praktyki akupunktury. Definiuje si\u0119 j\u0105 jako technik\u0119 terapeutyczn\u0105, kt\u00f3ra polega na wk\u0142uwaniu cienkich<\/p>\n","protected":false},"author":1,"featured_media":0,"parent":439,"menu_order":0,"comment_status":"closed","ping_status":"closed","template":"","meta":{"footnotes":""},"class_list":["post-403","page","type-page","status-publish","hentry"],"yoast_head":"<!-- This site is optimized with the Yoast SEO plugin v27.3 - https:\/\/yoast.com\/product\/yoast-seo-wordpress\/ -->\n<title>Akupunktura medyczna | London Osteopathy Practice<\/title>\n<meta name=\"robots\" content=\"index, follow, max-snippet:-1, max-image-preview:large, max-video-preview:-1\" \/>\n<link rel=\"canonical\" href=\"https:\/\/londonosteopathypractice.co.uk\/pl\/uslugi\/akupunktura-medyczna\/\" \/>\n<meta property=\"og:locale\" content=\"pl_PL\" \/>\n<meta property=\"og:type\" content=\"article\" \/>\n<meta property=\"og:title\" content=\"Akupunktura medyczna | London Osteopathy Practice\" \/>\n<meta property=\"og:description\" content=\"Akupunktura medyczna to nowoczesna adaptacja staro\u017cytnej chi\u0144skiej praktyki akupunktury. Definiuje si\u0119 j\u0105 jako technik\u0119 terapeutyczn\u0105, kt\u00f3ra polega na wk\u0142uwaniu cienkich\" \/>\n<meta property=\"og:url\" content=\"https:\/\/londonosteopathypractice.co.uk\/pl\/uslugi\/akupunktura-medyczna\/\" \/>\n<meta property=\"og:site_name\" content=\"London Osteopathy Practice\" \/>\n<meta property=\"article:modified_time\" content=\"2022-05-11T17:23:52+00:00\" \/>\n<meta name=\"twitter:card\" content=\"summary_large_image\" \/>\n<meta name=\"twitter:label1\" content=\"Szacowany czas czytania\" \/>\n\t<meta name=\"twitter:data1\" content=\"1 minuta\" \/>\n<script type=\"application\/ld+json\" class=\"yoast-schema-graph\">{\"@context\":\"https:\\\/\\\/schema.org\",\"@graph\":[{\"@type\":\"WebPage\",\"@id\":\"https:\\\/\\\/londonosteopathypractice.co.uk\\\/pl\\\/uslugi\\\/akupunktura-medyczna\\\/\",\"url\":\"https:\\\/\\\/londonosteopathypractice.co.uk\\\/pl\\\/uslugi\\\/akupunktura-medyczna\\\/\",\"name\":\"Akupunktura medyczna | London Osteopathy Practice\",\"isPartOf\":{\"@id\":\"https:\\\/\\\/londonosteopathypractice.co.uk\\\/pl\\\/#website\"},\"datePublished\":\"2022-04-21T21:28:59+00:00\",\"dateModified\":\"2022-05-11T17:23:52+00:00\",\"breadcrumb\":{\"@id\":\"https:\\\/\\\/londonosteopathypractice.co.uk\\\/pl\\\/uslugi\\\/akupunktura-medyczna\\\/#breadcrumb\"},\"inLanguage\":\"pl-PL\",\"potentialAction\":[{\"@type\":\"ReadAction\",\"target\":[\"https:\\\/\\\/londonosteopathypractice.co.uk\\\/pl\\\/uslugi\\\/akupunktura-medyczna\\\/\"]}]},{\"@type\":\"BreadcrumbList\",\"@id\":\"https:\\\/\\\/londonosteopathypractice.co.uk\\\/pl\\\/uslugi\\\/akupunktura-medyczna\\\/#breadcrumb\",\"itemListElement\":[{\"@type\":\"ListItem\",\"position\":1,\"name\":\"Home\",\"item\":\"https:\\\/\\\/londonosteopathypractice.co.uk\\\/pl\\\/\"},{\"@type\":\"ListItem\",\"position\":2,\"name\":\"Us\u0142ugi\",\"item\":\"https:\\\/\\\/londonosteopathypractice.co.uk\\\/pl\\\/uslugi\\\/\"},{\"@type\":\"ListItem\",\"position\":3,\"name\":\"Akupunktura medyczna\"}]},{\"@type\":\"WebSite\",\"@id\":\"https:\\\/\\\/londonosteopathypractice.co.uk\\\/pl\\\/#website\",\"url\":\"https:\\\/\\\/londonosteopathypractice.co.uk\\\/pl\\\/\",\"name\":\"London Osteopathy Practice\",\"description\":\"London Osteopathy Practice\",\"publisher\":{\"@id\":\"https:\\\/\\\/londonosteopathypractice.co.uk\\\/pl\\\/#organization\"},\"potentialAction\":[{\"@type\":\"SearchAction\",\"target\":{\"@type\":\"EntryPoint\",\"urlTemplate\":\"https:\\\/\\\/londonosteopathypractice.co.uk\\\/pl\\\/?s={search_term_string}\"},\"query-input\":{\"@type\":\"PropertyValueSpecification\",\"valueRequired\":true,\"valueName\":\"search_term_string\"}}],\"inLanguage\":\"pl-PL\"},{\"@type\":\"Organization\",\"@id\":\"https:\\\/\\\/londonosteopathypractice.co.uk\\\/pl\\\/#organization\",\"name\":\"London Osteopathy Practice\",\"url\":\"https:\\\/\\\/londonosteopathypractice.co.uk\\\/pl\\\/\",\"logo\":{\"@type\":\"ImageObject\",\"inLanguage\":\"pl-PL\",\"@id\":\"https:\\\/\\\/londonosteopathypractice.co.uk\\\/pl\\\/#\\\/schema\\\/logo\\\/image\\\/\",\"url\":\"https:\\\/\\\/londonosteopathypractice.co.uk\\\/wp-content\\\/uploads\\\/2022\\\/04\\\/london_aoestopathy_clinic.png\",\"contentUrl\":\"https:\\\/\\\/londonosteopathypractice.co.uk\\\/wp-content\\\/uploads\\\/2022\\\/04\\\/london_aoestopathy_clinic.png\",\"width\":335,\"height\":110,\"caption\":\"London Osteopathy Practice\"},\"image\":{\"@id\":\"https:\\\/\\\/londonosteopathypractice.co.uk\\\/pl\\\/#\\\/schema\\\/logo\\\/image\\\/\"}}]}<\/script>\n<!-- \/ Yoast SEO plugin. -->","yoast_head_json":{"title":"Akupunktura medyczna | London Osteopathy Practice","robots":{"index":"index","follow":"follow","max-snippet":"max-snippet:-1","max-image-preview":"max-image-preview:large","max-video-preview":"max-video-preview:-1"},"canonical":"https:\/\/londonosteopathypractice.co.uk\/pl\/uslugi\/akupunktura-medyczna\/","og_locale":"pl_PL","og_type":"article","og_title":"Akupunktura medyczna | London Osteopathy Practice","og_description":"Akupunktura medyczna to nowoczesna adaptacja staro\u017cytnej chi\u0144skiej praktyki akupunktury. Definiuje si\u0119 j\u0105 jako technik\u0119 terapeutyczn\u0105, kt\u00f3ra polega na wk\u0142uwaniu cienkich","og_url":"https:\/\/londonosteopathypractice.co.uk\/pl\/uslugi\/akupunktura-medyczna\/","og_site_name":"London Osteopathy Practice","article_modified_time":"2022-05-11T17:23:52+00:00","twitter_card":"summary_large_image","twitter_misc":{"Szacowany czas czytania":"1 minuta"},"schema":{"@context":"https:\/\/schema.org","@graph":[{"@type":"WebPage","@id":"https:\/\/londonosteopathypractice.co.uk\/pl\/uslugi\/akupunktura-medyczna\/","url":"https:\/\/londonosteopathypractice.co.uk\/pl\/uslugi\/akupunktura-medyczna\/","name":"Akupunktura medyczna | London Osteopathy Practice","isPartOf":{"@id":"https:\/\/londonosteopathypractice.co.uk\/pl\/#website"},"datePublished":"2022-04-21T21:28:59+00:00","dateModified":"2022-05-11T17:23:52+00:00","breadcrumb":{"@id":"https:\/\/londonosteopathypractice.co.uk\/pl\/uslugi\/akupunktura-medyczna\/#breadcrumb"},"inLanguage":"pl-PL","potentialAction":[{"@type":"ReadAction","target":["https:\/\/londonosteopathypractice.co.uk\/pl\/uslugi\/akupunktura-medyczna\/"]}]},{"@type":"BreadcrumbList","@id":"https:\/\/londonosteopathypractice.co.uk\/pl\/uslugi\/akupunktura-medyczna\/#breadcrumb","itemListElement":[{"@type":"ListItem","position":1,"name":"Home","item":"https:\/\/londonosteopathypractice.co.uk\/pl\/"},{"@type":"ListItem","position":2,"name":"Us\u0142ugi","item":"https:\/\/londonosteopathypractice.co.uk\/pl\/uslugi\/"},{"@type":"ListItem","position":3,"name":"Akupunktura medyczna"}]},{"@type":"WebSite","@id":"https:\/\/londonosteopathypractice.co.uk\/pl\/#website","url":"https:\/\/londonosteopathypractice.co.uk\/pl\/","name":"London Osteopathy Practice","description":"London Osteopathy Practice","publisher":{"@id":"https:\/\/londonosteopathypractice.co.uk\/pl\/#organization"},"potentialAction":[{"@type":"SearchAction","target":{"@type":"EntryPoint","urlTemplate":"https:\/\/londonosteopathypractice.co.uk\/pl\/?s={search_term_string}"},"query-input":{"@type":"PropertyValueSpecification","valueRequired":true,"valueName":"search_term_string"}}],"inLanguage":"pl-PL"},{"@type":"Organization","@id":"https:\/\/londonosteopathypractice.co.uk\/pl\/#organization","name":"London Osteopathy Practice","url":"https:\/\/londonosteopathypractice.co.uk\/pl\/","logo":{"@type":"ImageObject","inLanguage":"pl-PL","@id":"https:\/\/londonosteopathypractice.co.uk\/pl\/#\/schema\/logo\/image\/","url":"https:\/\/londonosteopathypractice.co.uk\/wp-content\/uploads\/2022\/04\/london_aoestopathy_clinic.png","contentUrl":"https:\/\/londonosteopathypractice.co.uk\/wp-content\/uploads\/2022\/04\/london_aoestopathy_clinic.png","width":335,"height":110,"caption":"London Osteopathy Practice"},"image":{"@id":"https:\/\/londonosteopathypractice.co.uk\/pl\/#\/schema\/logo\/image\/"}}]}},"_links":{"self":[{"href":"https:\/\/londonosteopathypractice.co.uk\/pl\/wp-json\/wp\/v2\/pages\/403","targetHints":{"allow":["GET"]}}],"collection":[{"href":"https:\/\/londonosteopathypractice.co.uk\/pl\/wp-json\/wp\/v2\/pages"}],"about":[{"href":"https:\/\/londonosteopathypractice.co.uk\/pl\/wp-json\/wp\/v2\/types\/page"}],"author":[{"embeddable":true,"href":"https:\/\/londonosteopathypractice.co.uk\/pl\/wp-json\/wp\/v2\/users\/1"}],"replies":[{"embeddable":true,"href":"https:\/\/londonosteopathypractice.co.uk\/pl\/wp-json\/wp\/v2\/comments?post=403"}],"version-history":[{"count":2,"href":"https:\/\/londonosteopathypractice.co.uk\/pl\/wp-json\/wp\/v2\/pages\/403\/revisions"}],"predecessor-version":[{"id":447,"href":"https:\/\/londonosteopathypractice.co.uk\/pl\/wp-json\/wp\/v2\/pages\/403\/revisions\/447"}],"up":[{"embeddable":true,"href":"https:\/\/londonosteopathypractice.co.uk\/pl\/wp-json\/wp\/v2\/pages\/439"}],"wp:attachment":[{"href":"https:\/\/londonosteopathypractice.co.uk\/pl\/wp-json\/wp\/v2\/media?parent=403"}],"curies":[{"name":"wp","href":"https:\/\/api.w.org\/{rel}","templated":true}]}}