{"id":411,"date":"2022-04-21T21:29:57","date_gmt":"2022-04-21T21:29:57","guid":{"rendered":"https:\/\/londonosteopathypractice.co.uk\/kinesiology-taping\/"},"modified":"2022-05-11T17:24:49","modified_gmt":"2022-05-11T17:24:49","slug":"kinesiology-taping","status":"publish","type":"page","link":"https:\/\/londonosteopathypractice.co.uk\/pl\/uslugi\/kinesiology-taping\/","title":{"rendered":"Kinesiology Taping"},"content":{"rendered":"\n<p>Kinesiology taping to ostateczna technika rehabilitacyjna, kt\u00f3r\u0105 oferujemy w Klinice Osteopatii Brockley w po\u0142\u0105czeniu z innymi metodami leczenia. Zosta\u0142 zaprojektowany, aby u\u0142atwi\u0107 naturalny proces gojenia si\u0119 organizmu, zapewniaj\u0105c jednocze\u015bnie wsparcie i stabilno\u015b\u0107 mi\u0119\u015bni i staw\u00f3w bez ograniczania zakresu ruchu cia\u0142a, a tak\u017ce zapewniaj\u0105c rozszerzon\u0105 manipulacj\u0119 tkank\u0105 mi\u0119kk\u0105 w celu przed\u0142u\u017cenia korzy\u015bci z terapii manualnej stosowanej w warunkach klinicznych.<\/p>\n\n\n\n<h4 class=\"wp-block-heading\">Kto to jest pierwszy?<\/h4>\n\n\n\n<p>Typowe problemy, kt\u00f3re mo\u017cna rozwi\u0105za\u0107 za pomoc\u0105 ta\u015bmy kinezjologicznej, obejmuj\u0105 skr\u0119cenia kostki, zapalenie \u015bci\u0119gna Achillesa, \u0142okie\u0107 golfisty, szyny na golenie, zaburzenia dolnej cz\u0119\u015bci plec\u00f3w, problemy z mankietem rotator\u00f3w, zapalenie powi\u0119zi podeszwowej, obrz\u0119k kostek, \u0142okie\u0107 tenisisty, nadwyr\u0119\u017cenia \u0142ydek i zesp\u00f3\u0142 cie\u015bni nadgarstka. \u017ceby wymieni\u0107 tylko kilka.<\/p>\n\n\n\n<h4 class=\"wp-block-heading\">Dlaczego to si\u0119 robi?<\/h4>\n\n\n\n<p>Mo\u017ce by\u0107 u\u017cywany do kompresji lub dekompresji obszaru, w zale\u017cno\u015bci od zastosowania. Mo\u017ce by\u0107 stosowany do wspomagania przep\u0142ywu krwi lub do wspomagania odprowadzania obrz\u0119k\u00f3w. Mo\u017ce by\u0107 u\u017cywany do zmniejszania b\u00f3lu, ale mo\u017ce by\u0107 r\u00f3wnie\u017c u\u017cywany do zwi\u0119kszania \u015bwiadomo\u015bci konkretnego obszaru, kt\u00f3ry wymaga uwagi. W zale\u017cno\u015bci od zastosowania mo\u017ce by\u0107 r\u00f3wnie\u017c u\u017cywany do aktywacji lub dezaktywacji grupy mi\u0119\u015bniowej w celu zwi\u0119kszenia wydajno\u015bci lub zmniejszenia ryzyka kontuzji.<\/p>\n","protected":false},"excerpt":{"rendered":"<p>Kinesiology taping to ostateczna technika rehabilitacyjna, kt\u00f3r\u0105 oferujemy w Klinice Osteopatii Brockley w po\u0142\u0105czeniu z innymi metodami leczenia. Zosta\u0142 zaprojektowany,<\/p>\n","protected":false},"author":1,"featured_media":0,"parent":439,"menu_order":0,"comment_status":"closed","ping_status":"closed","template":"","meta":{"footnotes":""},"class_list":["post-411","page","type-page","status-publish","hentry"],"yoast_head":"<!-- This site is optimized with the Yoast SEO plugin v27.3 - https:\/\/yoast.com\/product\/yoast-seo-wordpress\/ -->\n<title>Kinesiology Taping | London Osteopathy Practice<\/title>\n<meta name=\"robots\" content=\"index, follow, max-snippet:-1, max-image-preview:large, max-video-preview:-1\" \/>\n<link rel=\"canonical\" href=\"https:\/\/londonosteopathypractice.co.uk\/pl\/uslugi\/kinesiology-taping\/\" \/>\n<meta property=\"og:locale\" content=\"pl_PL\" \/>\n<meta property=\"og:type\" content=\"article\" \/>\n<meta property=\"og:title\" content=\"Kinesiology Taping | London Osteopathy Practice\" \/>\n<meta property=\"og:description\" content=\"Kinesiology taping to ostateczna technika rehabilitacyjna, kt\u00f3r\u0105 oferujemy w Klinice Osteopatii Brockley w po\u0142\u0105czeniu z innymi metodami leczenia. Zosta\u0142 zaprojektowany,\" \/>\n<meta property=\"og:url\" content=\"https:\/\/londonosteopathypractice.co.uk\/pl\/uslugi\/kinesiology-taping\/\" \/>\n<meta property=\"og:site_name\" content=\"London Osteopathy Practice\" \/>\n<meta property=\"article:modified_time\" content=\"2022-05-11T17:24:49+00:00\" \/>\n<meta name=\"twitter:card\" content=\"summary_large_image\" \/>\n<meta name=\"twitter:label1\" content=\"Szacowany czas czytania\" \/>\n\t<meta name=\"twitter:data1\" content=\"1 minuta\" \/>\n<script type=\"application\/ld+json\" class=\"yoast-schema-graph\">{\"@context\":\"https:\\\/\\\/schema.org\",\"@graph\":[{\"@type\":\"WebPage\",\"@id\":\"https:\\\/\\\/londonosteopathypractice.co.uk\\\/pl\\\/uslugi\\\/kinesiology-taping\\\/\",\"url\":\"https:\\\/\\\/londonosteopathypractice.co.uk\\\/pl\\\/uslugi\\\/kinesiology-taping\\\/\",\"name\":\"Kinesiology Taping | London Osteopathy Practice\",\"isPartOf\":{\"@id\":\"https:\\\/\\\/londonosteopathypractice.co.uk\\\/pl\\\/#website\"},\"datePublished\":\"2022-04-21T21:29:57+00:00\",\"dateModified\":\"2022-05-11T17:24:49+00:00\",\"breadcrumb\":{\"@id\":\"https:\\\/\\\/londonosteopathypractice.co.uk\\\/pl\\\/uslugi\\\/kinesiology-taping\\\/#breadcrumb\"},\"inLanguage\":\"pl-PL\",\"potentialAction\":[{\"@type\":\"ReadAction\",\"target\":[\"https:\\\/\\\/londonosteopathypractice.co.uk\\\/pl\\\/uslugi\\\/kinesiology-taping\\\/\"]}]},{\"@type\":\"BreadcrumbList\",\"@id\":\"https:\\\/\\\/londonosteopathypractice.co.uk\\\/pl\\\/uslugi\\\/kinesiology-taping\\\/#breadcrumb\",\"itemListElement\":[{\"@type\":\"ListItem\",\"position\":1,\"name\":\"Home\",\"item\":\"https:\\\/\\\/londonosteopathypractice.co.uk\\\/pl\\\/\"},{\"@type\":\"ListItem\",\"position\":2,\"name\":\"Us\u0142ugi\",\"item\":\"https:\\\/\\\/londonosteopathypractice.co.uk\\\/pl\\\/uslugi\\\/\"},{\"@type\":\"ListItem\",\"position\":3,\"name\":\"Kinesiology Taping\"}]},{\"@type\":\"WebSite\",\"@id\":\"https:\\\/\\\/londonosteopathypractice.co.uk\\\/pl\\\/#website\",\"url\":\"https:\\\/\\\/londonosteopathypractice.co.uk\\\/pl\\\/\",\"name\":\"London Osteopathy Practice\",\"description\":\"London Osteopathy Practice\",\"publisher\":{\"@id\":\"https:\\\/\\\/londonosteopathypractice.co.uk\\\/pl\\\/#organization\"},\"potentialAction\":[{\"@type\":\"SearchAction\",\"target\":{\"@type\":\"EntryPoint\",\"urlTemplate\":\"https:\\\/\\\/londonosteopathypractice.co.uk\\\/pl\\\/?s={search_term_string}\"},\"query-input\":{\"@type\":\"PropertyValueSpecification\",\"valueRequired\":true,\"valueName\":\"search_term_string\"}}],\"inLanguage\":\"pl-PL\"},{\"@type\":\"Organization\",\"@id\":\"https:\\\/\\\/londonosteopathypractice.co.uk\\\/pl\\\/#organization\",\"name\":\"London Osteopathy Practice\",\"url\":\"https:\\\/\\\/londonosteopathypractice.co.uk\\\/pl\\\/\",\"logo\":{\"@type\":\"ImageObject\",\"inLanguage\":\"pl-PL\",\"@id\":\"https:\\\/\\\/londonosteopathypractice.co.uk\\\/pl\\\/#\\\/schema\\\/logo\\\/image\\\/\",\"url\":\"https:\\\/\\\/londonosteopathypractice.co.uk\\\/wp-content\\\/uploads\\\/2022\\\/04\\\/london_aoestopathy_clinic.png\",\"contentUrl\":\"https:\\\/\\\/londonosteopathypractice.co.uk\\\/wp-content\\\/uploads\\\/2022\\\/04\\\/london_aoestopathy_clinic.png\",\"width\":335,\"height\":110,\"caption\":\"London Osteopathy Practice\"},\"image\":{\"@id\":\"https:\\\/\\\/londonosteopathypractice.co.uk\\\/pl\\\/#\\\/schema\\\/logo\\\/image\\\/\"}}]}<\/script>\n<!-- \/ Yoast SEO plugin. -->","yoast_head_json":{"title":"Kinesiology Taping | London Osteopathy Practice","robots":{"index":"index","follow":"follow","max-snippet":"max-snippet:-1","max-image-preview":"max-image-preview:large","max-video-preview":"max-video-preview:-1"},"canonical":"https:\/\/londonosteopathypractice.co.uk\/pl\/uslugi\/kinesiology-taping\/","og_locale":"pl_PL","og_type":"article","og_title":"Kinesiology Taping | London Osteopathy Practice","og_description":"Kinesiology taping to ostateczna technika rehabilitacyjna, kt\u00f3r\u0105 oferujemy w Klinice Osteopatii Brockley w po\u0142\u0105czeniu z innymi metodami leczenia. Zosta\u0142 zaprojektowany,","og_url":"https:\/\/londonosteopathypractice.co.uk\/pl\/uslugi\/kinesiology-taping\/","og_site_name":"London Osteopathy Practice","article_modified_time":"2022-05-11T17:24:49+00:00","twitter_card":"summary_large_image","twitter_misc":{"Szacowany czas czytania":"1 minuta"},"schema":{"@context":"https:\/\/schema.org","@graph":[{"@type":"WebPage","@id":"https:\/\/londonosteopathypractice.co.uk\/pl\/uslugi\/kinesiology-taping\/","url":"https:\/\/londonosteopathypractice.co.uk\/pl\/uslugi\/kinesiology-taping\/","name":"Kinesiology Taping | London Osteopathy Practice","isPartOf":{"@id":"https:\/\/londonosteopathypractice.co.uk\/pl\/#website"},"datePublished":"2022-04-21T21:29:57+00:00","dateModified":"2022-05-11T17:24:49+00:00","breadcrumb":{"@id":"https:\/\/londonosteopathypractice.co.uk\/pl\/uslugi\/kinesiology-taping\/#breadcrumb"},"inLanguage":"pl-PL","potentialAction":[{"@type":"ReadAction","target":["https:\/\/londonosteopathypractice.co.uk\/pl\/uslugi\/kinesiology-taping\/"]}]},{"@type":"BreadcrumbList","@id":"https:\/\/londonosteopathypractice.co.uk\/pl\/uslugi\/kinesiology-taping\/#breadcrumb","itemListElement":[{"@type":"ListItem","position":1,"name":"Home","item":"https:\/\/londonosteopathypractice.co.uk\/pl\/"},{"@type":"ListItem","position":2,"name":"Us\u0142ugi","item":"https:\/\/londonosteopathypractice.co.uk\/pl\/uslugi\/"},{"@type":"ListItem","position":3,"name":"Kinesiology Taping"}]},{"@type":"WebSite","@id":"https:\/\/londonosteopathypractice.co.uk\/pl\/#website","url":"https:\/\/londonosteopathypractice.co.uk\/pl\/","name":"London Osteopathy Practice","description":"London Osteopathy Practice","publisher":{"@id":"https:\/\/londonosteopathypractice.co.uk\/pl\/#organization"},"potentialAction":[{"@type":"SearchAction","target":{"@type":"EntryPoint","urlTemplate":"https:\/\/londonosteopathypractice.co.uk\/pl\/?s={search_term_string}"},"query-input":{"@type":"PropertyValueSpecification","valueRequired":true,"valueName":"search_term_string"}}],"inLanguage":"pl-PL"},{"@type":"Organization","@id":"https:\/\/londonosteopathypractice.co.uk\/pl\/#organization","name":"London Osteopathy Practice","url":"https:\/\/londonosteopathypractice.co.uk\/pl\/","logo":{"@type":"ImageObject","inLanguage":"pl-PL","@id":"https:\/\/londonosteopathypractice.co.uk\/pl\/#\/schema\/logo\/image\/","url":"https:\/\/londonosteopathypractice.co.uk\/wp-content\/uploads\/2022\/04\/london_aoestopathy_clinic.png","contentUrl":"https:\/\/londonosteopathypractice.co.uk\/wp-content\/uploads\/2022\/04\/london_aoestopathy_clinic.png","width":335,"height":110,"caption":"London Osteopathy Practice"},"image":{"@id":"https:\/\/londonosteopathypractice.co.uk\/pl\/#\/schema\/logo\/image\/"}}]}},"_links":{"self":[{"href":"https:\/\/londonosteopathypractice.co.uk\/pl\/wp-json\/wp\/v2\/pages\/411","targetHints":{"allow":["GET"]}}],"collection":[{"href":"https:\/\/londonosteopathypractice.co.uk\/pl\/wp-json\/wp\/v2\/pages"}],"about":[{"href":"https:\/\/londonosteopathypractice.co.uk\/pl\/wp-json\/wp\/v2\/types\/page"}],"author":[{"embeddable":true,"href":"https:\/\/londonosteopathypractice.co.uk\/pl\/wp-json\/wp\/v2\/users\/1"}],"replies":[{"embeddable":true,"href":"https:\/\/londonosteopathypractice.co.uk\/pl\/wp-json\/wp\/v2\/comments?post=411"}],"version-history":[{"count":2,"href":"https:\/\/londonosteopathypractice.co.uk\/pl\/wp-json\/wp\/v2\/pages\/411\/revisions"}],"predecessor-version":[{"id":448,"href":"https:\/\/londonosteopathypractice.co.uk\/pl\/wp-json\/wp\/v2\/pages\/411\/revisions\/448"}],"up":[{"embeddable":true,"href":"https:\/\/londonosteopathypractice.co.uk\/pl\/wp-json\/wp\/v2\/pages\/439"}],"wp:attachment":[{"href":"https:\/\/londonosteopathypractice.co.uk\/pl\/wp-json\/wp\/v2\/media?parent=411"}],"curies":[{"name":"wp","href":"https:\/\/api.w.org\/{rel}","templated":true}]}}