{"id":412,"date":"2022-04-21T15:57:18","date_gmt":"2022-04-21T15:57:18","guid":{"rendered":"https:\/\/londonosteopathypractice.co.uk\/polityka-prywatnosci\/"},"modified":"2022-05-11T16:58:47","modified_gmt":"2022-05-11T16:58:47","slug":"polityka-prywatnosci","status":"publish","type":"page","link":"https:\/\/londonosteopathypractice.co.uk\/pl\/polityka-prywatnosci\/","title":{"rendered":"Polityka prywatno\u015bci"},"content":{"rendered":"\n<h2 class=\"wp-block-heading\" id=\"we-take-your-privacy-seriously\"><strong>POWA\u017bNIE PODCHODZIMY TWOJ\u0104 PRYWATNO\u015a\u0106<\/strong><\/h2>\n\n<p>Viode Limited s\u0105 zarejestrowane w Biurze Komisarza ds. Informacji<\/p>\n\n<figure class=\"wp-block-image is-resized\"><a href=\"https:\/\/ico.org.uk\/\"><img loading=\"lazy\" decoding=\"async\" src=\"https:\/\/blackspell.co.uk\/wp-content\/uploads\/2021\/01\/ico_logo.jpg\" alt=\"ico_logo\" class=\"wp-image-10024\" width=\"250\" height=\"141\"\/><\/a><figcaption>ico.org.uk<\/figcaption><\/figure>\n\n<h4 class=\"wp-block-heading\" id=\"2018-gdpr-update\"><strong>AKTUALIZACJA RODO 2018<\/strong><\/h4>\n\n<p>Nowe przepisy dotycz\u0105ce ochrony danych obowi\u0105zuj\u0105 w Wielkiej Brytanii od 25 maja 2018 r. Viode Limited zobowi\u0105zuje si\u0119 do pe\u0142nej zgodno\u015bci, je\u015bli chodzi o dane i prywatno\u015b\u0107 naszych klient\u00f3w. W skr\u00f3cie oznacza to, \u017ce:<\/p>\n\n<p>Gromadzenie danych \u2013 Kiedy sk\u0142adasz i zamawiasz u nas lub chcesz subskrybowa\u0107 nasze biuletyny, zgoda b\u0119dzie teraz jasna, konkretna i wyra\u017ana. Skontaktowali\u015bmy si\u0119 r\u00f3wnie\u017c z poprzednimi klientami, aby ponownie wyrazi\u0107 zgod\u0119, z kt\u00f3r\u0105 chc\u0105 pozosta\u0107 w kontakcie.<\/p>\n\n<p>Bezpiecze\u0144stwo danych \u2014 dokonali\u015bmy ponownej oceny \u015brodk\u00f3w bezpiecze\u0144stwa, aby zapewni\u0107 bezpiecze\u0144stwo Twoich danych. Twoje dane s\u0105 przechowywane za po\u015brednictwem og\u00f3lnej aplikacji WooCommerce przy u\u017cyciu serwera 1&amp;1UK. Twoje dane s\u0105 szyfrowane podczas przesy\u0142ania przy u\u017cyciu technologii Secure Socket Layer (SSL) i przechowywane na bezpiecznym serwerze za zapor\u0105 ogniow\u0105.<\/p>\n\n<p>Twoje prawa dotycz\u0105ce danych \u2013 nasi klienci maj\u0105 prawo do:<\/p>\n\n<ol class=\"wp-block-list\"><li>Prawo do informacji \u2013 wszystkie organizacje musz\u0105 by\u0107 ca\u0142kowicie przejrzyste w zakresie wykorzystywania danych osobowych<\/li><li>Prawo dost\u0119pu \u2013 osoby fizyczne b\u0119d\u0105 mia\u0142y prawo wiedzie\u0107 dok\u0142adnie, jakie informacje na ich temat s\u0105 przechowywane i jak s\u0105 przetwarzane<\/li><li>Prawo do sprostowania \u2013 osobom fizycznym przys\u0142uguje prawo do sprostowania danych osobowych, je\u015bli s\u0105 one niedok\u0142adne lub niekompletne<\/li><li>Prawo do usuni\u0119cia \u2013 znane r\u00f3wnie\u017c jako \u201eprawo do bycia zapomnianym\u201d, odnosi si\u0119 do prawa osoby fizycznej do usuni\u0119cia lub usuni\u0119cia jej danych osobowych bez konieczno\u015bci podawania konkretnego powodu, dla kt\u00f3rego chce ona zaprzesta\u0107<\/li><li>Prawo do ograniczenia przetwarzania \u2013 prawo osoby fizycznej do zablokowania lub powstrzymania przetwarzania jej danych osobowych.<\/li><li>Prawo do przenoszenia danych \u2013 umo\u017cliwia to osobom przechowywanie i ponowne wykorzystywanie ich danych osobowych do w\u0142asnych cel\u00f3w<\/li><li>Prawo do sprzeciwu \u2013 w okre\u015blonych okoliczno\u015bciach osobom fizycznym przys\u0142uguje prawo sprzeciwu wobec wykorzystywania ich danych osobowych. Obejmuje to, je\u015bli firma wykorzystuje dane osobowe do cel\u00f3w marketingu bezpo\u015bredniego, bada\u0144 naukowych i historycznych lub do wykonania zadania w interesie publicznym<\/li><li>Prawa do zautomatyzowanego podejmowania decyzji i profilowania \u2013 RODO ustanowi\u0142o zabezpieczenia chroni\u0105ce osoby fizyczne przed ryzykiem podj\u0119cia potencjalnie szkodliwej decyzji bez interwencji cz\u0142owieka. Na przyk\u0142ad osoby fizyczne mog\u0105 zdecydowa\u0107, \u017ce nie b\u0119d\u0105 przedmiotem decyzji, je\u015bli konsekwencje maj\u0105 dla nich znaczenie prawne lub opieraj\u0105 si\u0119 na zautomatyzowanym przetwarzaniu<\/li><\/ol>\n\n<p>W przypadku jakichkolwiek pyta\u0144 dotycz\u0105cych danych, kt\u00f3re przechowujemy na Tw\u00f3j temat, skontaktuj si\u0119 z nami pod adresem <a href=\"mailto:russell@viode.co.uk\">russell@viode.co.uk<\/a> .<\/p>\n\n<h2 class=\"wp-block-heading\" id=\"full-privacy-statement\"><strong>PE\u0141NE O\u015aWIADCZENIE O PRYWATNO\u015aCI<\/strong><\/h2>\n\n<h4 class=\"wp-block-heading\" id=\"section-1-what-do-we-do-with-your-information\">CZ\u0118\u015a\u0106 1 \u2013 CO ROBIMY Z TWOIMI INFORMACJAMI?<\/h4>\n\n<p>Kiedy kupujesz co\u015b w naszym sklepie, w ramach procesu kupna i sprzeda\u017cy zbieramy dane osobowe, kt\u00f3re nam przekazujesz, takie jak imi\u0119 i nazwisko, adres i adres e-mail.<\/p>\n\n<p>Kiedy przegl\u0105dasz nasz sklep, automatycznie otrzymujemy r\u00f3wnie\u017c adres protoko\u0142u internetowego (IP) Twojego komputera w celu dostarczenia nam informacji, kt\u00f3re pomagaj\u0105 nam pozna\u0107 Twoj\u0105 przegl\u0105dark\u0119 i system operacyjny.<\/p>\n\n<p>Marketing e-mailowy: Kiedy z\u0142o\u017cysz u nas zam\u00f3wienie i \u201ezasubskrybujesz\u201d London Osteoopathy Practice, mo\u017cemy wysy\u0142a\u0107 Ci wiadomo\u015bci e-mail o naszym sklepie, nowych produktach, zni\u017ckach i konkursach. Ograniczymy je do informacji, kt\u00f3re naszym zdaniem s\u0105 dla Ciebie wa\u017cne lub przydatne, nie zamierzamy spamowa\u0107 \u017cadnego z naszych klient\u00f3w. <strong>Je\u015bli nie chcesz ich otrzymywa\u0107, mo\u017cesz klikn\u0105\u0107 link rezygnacji z subskrypcji na dole naszych e-maili. <\/strong><\/p>\n\n<h4 class=\"wp-block-heading\" id=\"section-2-consent\">SEKCJA 2 \u2013 ZGODA<\/h4>\n\n<p>Jak uzyska\u0107 moj\u0105 zgod\u0119?<\/p>\n\n<p>Kiedy podajesz nam dane osobowe w celu sfinalizowania transakcji, weryfikacji karty kredytowej, z\u0142o\u017cenia zam\u00f3wienia, zorganizowania dostawy lub zwrotu zakupu, sugerujemy, \u017ce wyra\u017casz zgod\u0119 na ich odebranie i wykorzystanie wy\u0142\u0105cznie w tym konkretnym celu.<\/p>\n\n<p>Je\u015bli poprosimy o Twoje dane osobowe z drugorz\u0119dnego powodu, takiego jak marketing, poprosimy Ci\u0119 bezpo\u015brednio o wyra\u017con\u0105 zgod\u0119 lub zapewnimy Ci mo\u017cliwo\u015b\u0107 odmowy.<\/p>\n\n<p>Jak mog\u0119 wycofa\u0107 zgod\u0119?<\/p>\n\n<p>Je\u015bli po zaakceptowaniu zmienisz zdanie, mo\u017cesz wycofa\u0107 swoj\u0105 zgod\u0119 na kontakt z Tob\u0105 w celu dalszego gromadzenia, wykorzystywania lub ujawniania Twoich danych w dowolnym momencie, kontaktuj\u0105c si\u0119 z nami pod adresem <a href=\"mailto:russell@viode.co.uk\">russell@viode.co.uk<\/a><\/p>\n\n<h4 class=\"wp-block-heading\" id=\"section-3-disclosure\">CZ\u0118\u015a\u0106 3 \u2013 UJAWNIENIE<\/h4>\n\n<p>Mo\u017cemy ujawni\u0107 Twoje dane osobowe, je\u015bli jest to wymagane przez prawo lub je\u015bli naruszysz nasze Warunki \u015bwiadczenia us\u0142ug.<\/p>\n\n<h4 class=\"wp-block-heading\" id=\"section-4-woo-commerce\">SEKCJA 4 \u2013 WOO HANDEL<\/h4>\n\n<p>WooCommerce zapewnia nam internetow\u0105 platform\u0119 e-commerce, kt\u00f3ra pozwala nam sprzedawa\u0107 Ci nasze produkty i us\u0142ugi.<\/p>\n\n<p>Twoje dane s\u0105 przechowywane za po\u015brednictwem og\u00f3lnych aplikacji WooCommerce i SimplyBook.me przy u\u017cyciu serwera HostPresto. Twoje dane s\u0105 szyfrowane podczas przesy\u0142ania przy u\u017cyciu technologii Secure Socket Layer (SSL) i przechowywane na bezpiecznym serwerze za zapor\u0105 ogniow\u0105.<\/p>\n\n<p>Ca\u0142a nasza strona internetowa jest szyfrowana za pomoc\u0105 protoko\u0142u SSL. Zobaczysz to w postaci symbolu k\u0142\u00f3dki obok naszego adresu internetowego w swojej przegl\u0105darce. Mo\u017cesz zapozna\u0107 si\u0119 z nasz\u0105 Polityk\u0105 prywatno\u015bci tutaj.<\/p>\n\n<p>Zap\u0142ata:<\/p>\n\n<p>U\u017cywamy SimplyBook.me + WooCommerce w po\u0142\u0105czeniu ze Stripe, Paypal, Apple Pay i Google Pay w celu przetwarzania p\u0142atno\u015bci dokonywanych na naszej stronie internetowej.<\/p>\n\n<p>Wszystkie p\u0142atno\u015bci podlegaj\u0105 odpowiednio o\u015bwiadczeniu o ochronie prywatno\u015bci ka\u017cdego dostawcy p\u0142atno\u015bci.<\/p>\n\n<h4 class=\"wp-block-heading\" id=\"section-5-third-party-services\">SEKCJA 5 \u2013 US\u0141UGI OS\u00d3B TRZECICH<\/h4>\n\n<p>Og\u00f3lnie rzecz bior\u0105c, zewn\u0119trzni dostawcy, z kt\u00f3rych korzystamy, b\u0119d\u0105 gromadzi\u0107, wykorzystywa\u0107 i ujawnia\u0107 Twoje dane tylko w zakresie niezb\u0119dnym do umo\u017cliwienia im \u015bwiadczenia us\u0142ug, kt\u00f3re nam \u015bwiadcz\u0105.<\/p>\n\n<p>Jednak niekt\u00f3rzy zewn\u0119trzni dostawcy us\u0142ug, tacy jak bramki p\u0142atnicze i inne podmioty przetwarzaj\u0105ce transakcje p\u0142atnicze, maj\u0105 w\u0142asne polityki prywatno\u015bci w odniesieniu do informacji, kt\u00f3re musimy im przekaza\u0107 w przypadku transakcji zwi\u0105zanych z zakupami.<\/p>\n\n<p>W przypadku tych dostawc\u00f3w zalecamy zapoznanie si\u0119 z ich polityk\u0105 prywatno\u015bci, aby zrozumie\u0107 spos\u00f3b, w jaki Twoje dane osobowe b\u0119d\u0105 obs\u0142ugiwane przez tych dostawc\u00f3w.<\/p>\n\n<p>W szczeg\u00f3lno\u015bci pami\u0119taj, \u017ce niekt\u00f3rzy dostawcy mog\u0105 znajdowa\u0107 si\u0119 lub posiada\u0107 obiekty znajduj\u0105ce si\u0119 w innej jurysdykcji ni\u017c Ty lub my. Je\u015bli wi\u0119c zdecydujesz si\u0119 przeprowadzi\u0107 transakcj\u0119, kt\u00f3ra obejmuje us\u0142ugi zewn\u0119trznego dostawcy us\u0142ug, Twoje dane mog\u0105 podlega\u0107 prawu jurysdykcji, w kt\u00f3rej znajduje si\u0119 ten us\u0142ugodawca lub jego obiekty.<\/p>\n\n<p>Na przyk\u0142ad, je\u015bli znajdujesz si\u0119 w Kanadzie, a Twoja transakcja jest przetwarzana przez bramk\u0119 p\u0142atnicz\u0105 znajduj\u0105c\u0105 si\u0119 w Stanach Zjednoczonych, w\u00f3wczas Twoje dane osobowe wykorzystywane do realizacji tej transakcji mog\u0105 podlega\u0107 ujawnieniu na mocy ustawodawstwa Stan\u00f3w Zjednoczonych, w tym Ustawy Patriot.<\/p>\n\n<p>Gdy opu\u015bcisz witryn\u0119 naszego sklepu lub zostaniesz przekierowany do witryny lub aplikacji strony trzeciej, nie b\u0119dziesz ju\u017c podlega\u0107 niniejszej Polityce prywatno\u015bci ani Warunkom korzystania z naszej witryny.<\/p>\n\n<p>Spinki do mankiet\u00f3w<\/p>\n\n<p>Kiedy klikniesz na linki w naszym sklepie, mog\u0105 one odci\u0105gn\u0105\u0107 Ci\u0119 od naszej strony. Nie ponosimy odpowiedzialno\u015bci za praktyki dotycz\u0105ce prywatno\u015bci innych witryn i zach\u0119camy do zapoznania si\u0119 z ich o\u015bwiadczeniami o ochronie prywatno\u015bci.<\/p>\n\n<h4 class=\"wp-block-heading\" id=\"section-6-security\">SEKCJA 6 \u2013 BEZPIECZE\u0143STWO<\/h4>\n\n<p>Aby chroni\u0107 Twoje dane osobowe, podejmujemy rozs\u0105dne \u015brodki ostro\u017cno\u015bci i przestrzegamy najlepszych praktyk bran\u017cowych, aby upewni\u0107 si\u0119, \u017ce nie zostan\u0105 one niew\u0142a\u015bciwie utracone, niew\u0142a\u015bciwie wykorzystane, udost\u0119pnione, ujawnione, zmienione lub zniszczone.<\/p>\n\n<p>Je\u015bli podasz nam informacje o swojej karcie kredytowej\/debetowej, informacje te s\u0105 szyfrowane przy u\u017cyciu technologii Secure Socket Layer (SSL). Chocia\u017c \u017cadna metoda transmisji przez Internet lub przechowywanie elektroniczne nie jest w 100% bezpieczna, przestrzegamy wszystkich wymaga\u0144 PCI-DSS i wdra\u017camy dodatkowe og\u00f3lnie przyj\u0119te standardy bran\u017cowe.<\/p>\n\n<p>CIASTECZKA<\/p>\n\n<p>Aby \u015bledzi\u0107 dane koszyka, WooCommerce wykorzystuje 3 pliki cookie:<br\/><br\/>\u2022 woocommerce_cart_hash<br\/>\u2022 woocommerce_items_in_cart<br\/>\u2022 wp_woocommerce_session_<br\/><br\/>Pierwsze dwa pliki cookie zawieraj\u0105 informacje o koszyku jako ca\u0142o\u015bci i pomagaj\u0105 WooCommerce wiedzie\u0107, kiedy dane koszyka ulegn\u0105 zmianie. Ostateczny plik cookie (wp_woocommerce_session_) zawiera unikalny kod dla ka\u017cdego klienta, dzi\u0119ki czemu wie, gdzie znale\u017a\u0107 dane koszyka w bazie danych dla ka\u017cdego klienta. W tych plikach cookie nie s\u0105 przechowywane \u017cadne dane osobowe.<\/p>\n\n<h4 class=\"wp-block-heading\" id=\"section-7-age-of-consent\">SEKCJA 7 \u2013 WIEK ZGODY<\/h4>\n\n<p>Korzystaj\u0105c z tej strony, o\u015bwiadczasz, \u017ce masz co najmniej 16 lat.<\/p>\n\n<h4 class=\"wp-block-heading\" id=\"section-8-changes-to-this-privacy-policy\">CZ\u0118\u015a\u0106 8 \u2013 ZMIANY NINIEJSZEJ POLITYKI PRYWATNO\u015aCI<\/h4>\n\n<p>Zastrzegamy sobie prawo do zmiany niniejszej polityki prywatno\u015bci w dowolnym momencie, dlatego prosimy o cz\u0119ste jej przegl\u0105danie. Zmiany i wyja\u015bnienia wejd\u0105 w \u017cycie natychmiast po ich zamieszczeniu na stronie. Je\u015bli wprowadzimy istotne zmiany w niniejszej polityce, powiadomimy Ci\u0119 tutaj, \u017ce zosta\u0142a ona zaktualizowana, aby\u015b wiedzia\u0142, jakie informacje zbieramy, w jaki spos\u00f3b je wykorzystujemy oraz w jakich okoliczno\u015bciach, je\u015bli w og\u00f3le, wykorzystujemy i\/lub ujawniamy to.<\/p>\n\n<p>Je\u015bli nasz sklep zostanie przej\u0119ty lub po\u0142\u0105czony z inn\u0105 firm\u0105, Twoje dane mog\u0105 zosta\u0107 przekazane nowym w\u0142a\u015bcicielom, aby\u015bmy mogli nadal sprzedawa\u0107 Ci produkty.<\/p>\n\n<h4 class=\"wp-block-heading\" id=\"questions-and-contact-information\">PYTANIA I DANE KONTAKTOWE<\/h4>\n\n<p>Je\u015bli chcesz: uzyska\u0107 dost\u0119p, poprawi\u0107, zmieni\u0107 lub usun\u0105\u0107 jakiekolwiek dane osobowe, kt\u00f3re posiadamy na Tw\u00f3j temat, z\u0142o\u017cy\u0107 skarg\u0119 lub po prostu chcesz uzyska\u0107 wi\u0119cej informacji, skontaktuj si\u0119 z naszym inspektorem ochrony danych pod adresem <a href=\"mailto:russell@viode.co.uk\">russell@viode.co.uk<\/a> .<\/p>\n\n<p>[Dot. Inspektor Ochrony Danych]<\/p>\n\n<p>[14 Kingsley Close, Sunderland, SND, SR5 2AP, Wielka Brytania]<\/p>\n","protected":false},"excerpt":{"rendered":"<p>POWA\u017bNIE PODCHODZIMY TWOJ\u0104 PRYWATNO\u015a\u0106 Viode Limited s\u0105 zarejestrowane w Biurze Komisarza ds. Informacji AKTUALIZACJA RODO 2018 Nowe przepisy dotycz\u0105ce ochrony<\/p>\n","protected":false},"author":1,"featured_media":0,"parent":0,"menu_order":0,"comment_status":"closed","ping_status":"open","template":"","meta":{"footnotes":""},"class_list":["post-412","page","type-page","status-publish","hentry"],"yoast_head":"<!-- This site is optimized with the Yoast SEO plugin v27.3 - https:\/\/yoast.com\/product\/yoast-seo-wordpress\/ -->\n<title>Polityka prywatno\u015bci | London Osteopathy Practice<\/title>\n<meta name=\"robots\" content=\"index, follow, max-snippet:-1, max-image-preview:large, max-video-preview:-1\" \/>\n<link rel=\"canonical\" href=\"https:\/\/londonosteopathypractice.co.uk\/pl\/polityka-prywatnosci\/\" \/>\n<meta property=\"og:locale\" content=\"pl_PL\" \/>\n<meta property=\"og:type\" content=\"article\" \/>\n<meta property=\"og:title\" content=\"Polityka prywatno\u015bci | London Osteopathy Practice\" \/>\n<meta property=\"og:description\" content=\"POWA\u017bNIE PODCHODZIMY TWOJ\u0104 PRYWATNO\u015a\u0106 Viode Limited s\u0105 zarejestrowane w Biurze Komisarza ds. Informacji AKTUALIZACJA RODO 2018 Nowe przepisy dotycz\u0105ce ochrony\" \/>\n<meta property=\"og:url\" content=\"https:\/\/londonosteopathypractice.co.uk\/pl\/polityka-prywatnosci\/\" \/>\n<meta property=\"og:site_name\" content=\"London Osteopathy Practice\" \/>\n<meta property=\"article:modified_time\" content=\"2022-05-11T16:58:47+00:00\" \/>\n<meta property=\"og:image\" content=\"https:\/\/blackspell.co.uk\/wp-content\/uploads\/2021\/01\/ico_logo.jpg\" \/>\n<meta name=\"twitter:card\" content=\"summary_large_image\" \/>\n<meta name=\"twitter:label1\" content=\"Szacowany czas czytania\" \/>\n\t<meta name=\"twitter:data1\" content=\"8 minut\" \/>\n<script type=\"application\/ld+json\" class=\"yoast-schema-graph\">{\"@context\":\"https:\\\/\\\/schema.org\",\"@graph\":[{\"@type\":\"WebPage\",\"@id\":\"https:\\\/\\\/londonosteopathypractice.co.uk\\\/pl\\\/polityka-prywatnosci\\\/\",\"url\":\"https:\\\/\\\/londonosteopathypractice.co.uk\\\/pl\\\/polityka-prywatnosci\\\/\",\"name\":\"Polityka prywatno\u015bci | London Osteopathy Practice\",\"isPartOf\":{\"@id\":\"https:\\\/\\\/londonosteopathypractice.co.uk\\\/pl\\\/#website\"},\"primaryImageOfPage\":{\"@id\":\"https:\\\/\\\/londonosteopathypractice.co.uk\\\/pl\\\/polityka-prywatnosci\\\/#primaryimage\"},\"image\":{\"@id\":\"https:\\\/\\\/londonosteopathypractice.co.uk\\\/pl\\\/polityka-prywatnosci\\\/#primaryimage\"},\"thumbnailUrl\":\"https:\\\/\\\/blackspell.co.uk\\\/wp-content\\\/uploads\\\/2021\\\/01\\\/ico_logo.jpg\",\"datePublished\":\"2022-04-21T15:57:18+00:00\",\"dateModified\":\"2022-05-11T16:58:47+00:00\",\"breadcrumb\":{\"@id\":\"https:\\\/\\\/londonosteopathypractice.co.uk\\\/pl\\\/polityka-prywatnosci\\\/#breadcrumb\"},\"inLanguage\":\"pl-PL\",\"potentialAction\":[{\"@type\":\"ReadAction\",\"target\":[\"https:\\\/\\\/londonosteopathypractice.co.uk\\\/pl\\\/polityka-prywatnosci\\\/\"]}]},{\"@type\":\"ImageObject\",\"inLanguage\":\"pl-PL\",\"@id\":\"https:\\\/\\\/londonosteopathypractice.co.uk\\\/pl\\\/polityka-prywatnosci\\\/#primaryimage\",\"url\":\"https:\\\/\\\/blackspell.co.uk\\\/wp-content\\\/uploads\\\/2021\\\/01\\\/ico_logo.jpg\",\"contentUrl\":\"https:\\\/\\\/blackspell.co.uk\\\/wp-content\\\/uploads\\\/2021\\\/01\\\/ico_logo.jpg\"},{\"@type\":\"BreadcrumbList\",\"@id\":\"https:\\\/\\\/londonosteopathypractice.co.uk\\\/pl\\\/polityka-prywatnosci\\\/#breadcrumb\",\"itemListElement\":[{\"@type\":\"ListItem\",\"position\":1,\"name\":\"Home\",\"item\":\"https:\\\/\\\/londonosteopathypractice.co.uk\\\/pl\\\/\"},{\"@type\":\"ListItem\",\"position\":2,\"name\":\"Polityka prywatno\u015bci\"}]},{\"@type\":\"WebSite\",\"@id\":\"https:\\\/\\\/londonosteopathypractice.co.uk\\\/pl\\\/#website\",\"url\":\"https:\\\/\\\/londonosteopathypractice.co.uk\\\/pl\\\/\",\"name\":\"London Osteopathy Practice\",\"description\":\"London Osteopathy Practice\",\"publisher\":{\"@id\":\"https:\\\/\\\/londonosteopathypractice.co.uk\\\/pl\\\/#organization\"},\"potentialAction\":[{\"@type\":\"SearchAction\",\"target\":{\"@type\":\"EntryPoint\",\"urlTemplate\":\"https:\\\/\\\/londonosteopathypractice.co.uk\\\/pl\\\/?s={search_term_string}\"},\"query-input\":{\"@type\":\"PropertyValueSpecification\",\"valueRequired\":true,\"valueName\":\"search_term_string\"}}],\"inLanguage\":\"pl-PL\"},{\"@type\":\"Organization\",\"@id\":\"https:\\\/\\\/londonosteopathypractice.co.uk\\\/pl\\\/#organization\",\"name\":\"London Osteopathy Practice\",\"url\":\"https:\\\/\\\/londonosteopathypractice.co.uk\\\/pl\\\/\",\"logo\":{\"@type\":\"ImageObject\",\"inLanguage\":\"pl-PL\",\"@id\":\"https:\\\/\\\/londonosteopathypractice.co.uk\\\/pl\\\/#\\\/schema\\\/logo\\\/image\\\/\",\"url\":\"https:\\\/\\\/londonosteopathypractice.co.uk\\\/wp-content\\\/uploads\\\/2022\\\/04\\\/london_aoestopathy_clinic.png\",\"contentUrl\":\"https:\\\/\\\/londonosteopathypractice.co.uk\\\/wp-content\\\/uploads\\\/2022\\\/04\\\/london_aoestopathy_clinic.png\",\"width\":335,\"height\":110,\"caption\":\"London Osteopathy Practice\"},\"image\":{\"@id\":\"https:\\\/\\\/londonosteopathypractice.co.uk\\\/pl\\\/#\\\/schema\\\/logo\\\/image\\\/\"}}]}<\/script>\n<!-- \/ Yoast SEO plugin. -->","yoast_head_json":{"title":"Polityka prywatno\u015bci | London Osteopathy Practice","robots":{"index":"index","follow":"follow","max-snippet":"max-snippet:-1","max-image-preview":"max-image-preview:large","max-video-preview":"max-video-preview:-1"},"canonical":"https:\/\/londonosteopathypractice.co.uk\/pl\/polityka-prywatnosci\/","og_locale":"pl_PL","og_type":"article","og_title":"Polityka prywatno\u015bci | London Osteopathy Practice","og_description":"POWA\u017bNIE PODCHODZIMY TWOJ\u0104 PRYWATNO\u015a\u0106 Viode Limited s\u0105 zarejestrowane w Biurze Komisarza ds. Informacji AKTUALIZACJA RODO 2018 Nowe przepisy dotycz\u0105ce ochrony","og_url":"https:\/\/londonosteopathypractice.co.uk\/pl\/polityka-prywatnosci\/","og_site_name":"London Osteopathy Practice","article_modified_time":"2022-05-11T16:58:47+00:00","og_image":[{"url":"https:\/\/blackspell.co.uk\/wp-content\/uploads\/2021\/01\/ico_logo.jpg","type":"","width":"","height":""}],"twitter_card":"summary_large_image","twitter_misc":{"Szacowany czas czytania":"8 minut"},"schema":{"@context":"https:\/\/schema.org","@graph":[{"@type":"WebPage","@id":"https:\/\/londonosteopathypractice.co.uk\/pl\/polityka-prywatnosci\/","url":"https:\/\/londonosteopathypractice.co.uk\/pl\/polityka-prywatnosci\/","name":"Polityka prywatno\u015bci | London Osteopathy Practice","isPartOf":{"@id":"https:\/\/londonosteopathypractice.co.uk\/pl\/#website"},"primaryImageOfPage":{"@id":"https:\/\/londonosteopathypractice.co.uk\/pl\/polityka-prywatnosci\/#primaryimage"},"image":{"@id":"https:\/\/londonosteopathypractice.co.uk\/pl\/polityka-prywatnosci\/#primaryimage"},"thumbnailUrl":"https:\/\/blackspell.co.uk\/wp-content\/uploads\/2021\/01\/ico_logo.jpg","datePublished":"2022-04-21T15:57:18+00:00","dateModified":"2022-05-11T16:58:47+00:00","breadcrumb":{"@id":"https:\/\/londonosteopathypractice.co.uk\/pl\/polityka-prywatnosci\/#breadcrumb"},"inLanguage":"pl-PL","potentialAction":[{"@type":"ReadAction","target":["https:\/\/londonosteopathypractice.co.uk\/pl\/polityka-prywatnosci\/"]}]},{"@type":"ImageObject","inLanguage":"pl-PL","@id":"https:\/\/londonosteopathypractice.co.uk\/pl\/polityka-prywatnosci\/#primaryimage","url":"https:\/\/blackspell.co.uk\/wp-content\/uploads\/2021\/01\/ico_logo.jpg","contentUrl":"https:\/\/blackspell.co.uk\/wp-content\/uploads\/2021\/01\/ico_logo.jpg"},{"@type":"BreadcrumbList","@id":"https:\/\/londonosteopathypractice.co.uk\/pl\/polityka-prywatnosci\/#breadcrumb","itemListElement":[{"@type":"ListItem","position":1,"name":"Home","item":"https:\/\/londonosteopathypractice.co.uk\/pl\/"},{"@type":"ListItem","position":2,"name":"Polityka prywatno\u015bci"}]},{"@type":"WebSite","@id":"https:\/\/londonosteopathypractice.co.uk\/pl\/#website","url":"https:\/\/londonosteopathypractice.co.uk\/pl\/","name":"London Osteopathy Practice","description":"London Osteopathy Practice","publisher":{"@id":"https:\/\/londonosteopathypractice.co.uk\/pl\/#organization"},"potentialAction":[{"@type":"SearchAction","target":{"@type":"EntryPoint","urlTemplate":"https:\/\/londonosteopathypractice.co.uk\/pl\/?s={search_term_string}"},"query-input":{"@type":"PropertyValueSpecification","valueRequired":true,"valueName":"search_term_string"}}],"inLanguage":"pl-PL"},{"@type":"Organization","@id":"https:\/\/londonosteopathypractice.co.uk\/pl\/#organization","name":"London Osteopathy Practice","url":"https:\/\/londonosteopathypractice.co.uk\/pl\/","logo":{"@type":"ImageObject","inLanguage":"pl-PL","@id":"https:\/\/londonosteopathypractice.co.uk\/pl\/#\/schema\/logo\/image\/","url":"https:\/\/londonosteopathypractice.co.uk\/wp-content\/uploads\/2022\/04\/london_aoestopathy_clinic.png","contentUrl":"https:\/\/londonosteopathypractice.co.uk\/wp-content\/uploads\/2022\/04\/london_aoestopathy_clinic.png","width":335,"height":110,"caption":"London Osteopathy Practice"},"image":{"@id":"https:\/\/londonosteopathypractice.co.uk\/pl\/#\/schema\/logo\/image\/"}}]}},"_links":{"self":[{"href":"https:\/\/londonosteopathypractice.co.uk\/pl\/wp-json\/wp\/v2\/pages\/412","targetHints":{"allow":["GET"]}}],"collection":[{"href":"https:\/\/londonosteopathypractice.co.uk\/pl\/wp-json\/wp\/v2\/pages"}],"about":[{"href":"https:\/\/londonosteopathypractice.co.uk\/pl\/wp-json\/wp\/v2\/types\/page"}],"author":[{"embeddable":true,"href":"https:\/\/londonosteopathypractice.co.uk\/pl\/wp-json\/wp\/v2\/users\/1"}],"replies":[{"embeddable":true,"href":"https:\/\/londonosteopathypractice.co.uk\/pl\/wp-json\/wp\/v2\/comments?post=412"}],"version-history":[{"count":1,"href":"https:\/\/londonosteopathypractice.co.uk\/pl\/wp-json\/wp\/v2\/pages\/412\/revisions"}],"predecessor-version":[{"id":423,"href":"https:\/\/londonosteopathypractice.co.uk\/pl\/wp-json\/wp\/v2\/pages\/412\/revisions\/423"}],"wp:attachment":[{"href":"https:\/\/londonosteopathypractice.co.uk\/pl\/wp-json\/wp\/v2\/media?parent=412"}],"curies":[{"name":"wp","href":"https:\/\/api.w.org\/{rel}","templated":true}]}}