{"id":417,"date":"2022-04-21T21:30:34","date_gmt":"2022-04-21T21:30:34","guid":{"rendered":"https:\/\/londonosteopathypractice.co.uk\/ultradzwiek\/"},"modified":"2022-05-11T16:58:35","modified_gmt":"2022-05-11T16:58:35","slug":"ultradzwiek","status":"publish","type":"page","link":"https:\/\/londonosteopathypractice.co.uk\/pl\/uslugi\/ultradzwiek\/","title":{"rendered":"Ultrad\u017awi\u0119k"},"content":{"rendered":"\n<h4 class=\"wp-block-heading\">Ultrad\u017awi\u0119ki s\u0142u\u017c\u0105 do:<\/h4>\n\n<ul class=\"wp-block-list\"><li><a><\/a>rozbi\u0107 blizny i zrosty<\/li><li>zmniejszy\u0107 stany zapalne, obrz\u0119ki i z\u0142ogi wapnia<\/li><li>wytworzy\u0107 g\u0142\u0119bokie ciep\u0142o w zlokalizowanym obszarze, aby z\u0142agodzi\u0107 skurcze mi\u0119\u015bni (znacznie g\u0142\u0119bsze ni\u017c mo\u017cna osi\u0105gn\u0105\u0107 za pomoc\u0105 gor\u0105cego ok\u0142adu &#8211; do 5 cm)<\/li><li>zwi\u0119kszy\u0107 rozci\u0105gliwo\u015b\u0107 tkanek mi\u0119kkich przed rozci\u0105ganiem i \u0107wiczeniami<\/li><li>u\u0142atwiaj\u0105 gojenie na poziomie kom\u00f3rkowym<\/li><li>przyspiesza przemian\u0119 materii i poprawia przep\u0142yw krwi<\/li><li>zmniejsza podra\u017cnienie korzeni nerwowych<\/li><li>przy niskiej intensywno\u015bci mo\u017ce przyspieszy\u0107 gojenie ko\u015bci<\/li><li>usprawni\u0107 przezsk\u00f3rne dostarczanie lek\u00f3w za pomoc\u0105 fonoforezy<\/li><\/ul>\n\n<p>Ultrad\u017awi\u0119ki lecznicze to fala d\u017awi\u0119kowa w zakresie cz\u0119stotliwo\u015bci 0,9 &#8211; 3 MHz. W proliferacyjnej fazie gojenia ultrad\u017awi\u0119ki oddzia\u0142uj\u0105 na fibroblasty i pobudzaj\u0105 je do wydzielania kolagenu. Przyspiesza to proces obkurczania si\u0119 rany i zwi\u0119ksza wytrzyma\u0142o\u015b\u0107 na rozci\u0105ganie goj\u0105cej si\u0119 tkanki. Tkanka \u0142\u0105czna wyd\u0142u\u017cy si\u0119 lepiej, je\u015bli zastosuje si\u0119 zar\u00f3wno ciep\u0142o, jak i rozci\u0105ganie. Ci\u0105g\u0142e ultrad\u017awi\u0119ki o wy\u017cszym nat\u0119\u017ceniu terapeutycznym zapewniaj\u0105 skuteczny spos\u00f3b ogrzewania g\u0142\u0119bszych tkanek przed ich rozci\u0105ganiem. Jego skuteczno\u015b\u0107 zosta\u0142a wzmocniona przez lata badaniami, kt\u00f3re pomagaj\u0105 okre\u015bli\u0107:<\/p>\n","protected":false},"excerpt":{"rendered":"<p>Ultrad\u017awi\u0119ki s\u0142u\u017c\u0105 do: rozbi\u0107 blizny i zrosty zmniejszy\u0107 stany zapalne, obrz\u0119ki i z\u0142ogi wapnia wytworzy\u0107 g\u0142\u0119bokie ciep\u0142o w zlokalizowanym obszarze,<\/p>\n","protected":false},"author":1,"featured_media":0,"parent":439,"menu_order":0,"comment_status":"closed","ping_status":"closed","template":"","meta":{"footnotes":""},"class_list":["post-417","page","type-page","status-publish","hentry"],"yoast_head":"<!-- This site is optimized with the Yoast SEO plugin v27.3 - https:\/\/yoast.com\/product\/yoast-seo-wordpress\/ -->\n<title>Ultrad\u017awi\u0119k | London Osteopathy Practice<\/title>\n<meta name=\"robots\" content=\"index, follow, max-snippet:-1, max-image-preview:large, max-video-preview:-1\" \/>\n<link rel=\"canonical\" href=\"https:\/\/londonosteopathypractice.co.uk\/pl\/uslugi\/ultradzwiek\/\" \/>\n<meta property=\"og:locale\" content=\"pl_PL\" \/>\n<meta property=\"og:type\" content=\"article\" \/>\n<meta property=\"og:title\" content=\"Ultrad\u017awi\u0119k | London Osteopathy Practice\" \/>\n<meta property=\"og:description\" content=\"Ultrad\u017awi\u0119ki s\u0142u\u017c\u0105 do: rozbi\u0107 blizny i zrosty zmniejszy\u0107 stany zapalne, obrz\u0119ki i z\u0142ogi wapnia wytworzy\u0107 g\u0142\u0119bokie ciep\u0142o w zlokalizowanym obszarze,\" \/>\n<meta property=\"og:url\" content=\"https:\/\/londonosteopathypractice.co.uk\/pl\/uslugi\/ultradzwiek\/\" \/>\n<meta property=\"og:site_name\" content=\"London Osteopathy Practice\" \/>\n<meta property=\"article:modified_time\" content=\"2022-05-11T16:58:35+00:00\" \/>\n<meta name=\"twitter:card\" content=\"summary_large_image\" \/>\n<meta name=\"twitter:label1\" content=\"Szacowany czas czytania\" \/>\n\t<meta name=\"twitter:data1\" content=\"1 minuta\" \/>\n<script type=\"application\/ld+json\" class=\"yoast-schema-graph\">{\"@context\":\"https:\\\/\\\/schema.org\",\"@graph\":[{\"@type\":\"WebPage\",\"@id\":\"https:\\\/\\\/londonosteopathypractice.co.uk\\\/pl\\\/uslugi\\\/ultradzwiek\\\/\",\"url\":\"https:\\\/\\\/londonosteopathypractice.co.uk\\\/pl\\\/uslugi\\\/ultradzwiek\\\/\",\"name\":\"Ultrad\u017awi\u0119k | London Osteopathy Practice\",\"isPartOf\":{\"@id\":\"https:\\\/\\\/londonosteopathypractice.co.uk\\\/pl\\\/#website\"},\"datePublished\":\"2022-04-21T21:30:34+00:00\",\"dateModified\":\"2022-05-11T16:58:35+00:00\",\"breadcrumb\":{\"@id\":\"https:\\\/\\\/londonosteopathypractice.co.uk\\\/pl\\\/uslugi\\\/ultradzwiek\\\/#breadcrumb\"},\"inLanguage\":\"pl-PL\",\"potentialAction\":[{\"@type\":\"ReadAction\",\"target\":[\"https:\\\/\\\/londonosteopathypractice.co.uk\\\/pl\\\/uslugi\\\/ultradzwiek\\\/\"]}]},{\"@type\":\"BreadcrumbList\",\"@id\":\"https:\\\/\\\/londonosteopathypractice.co.uk\\\/pl\\\/uslugi\\\/ultradzwiek\\\/#breadcrumb\",\"itemListElement\":[{\"@type\":\"ListItem\",\"position\":1,\"name\":\"Home\",\"item\":\"https:\\\/\\\/londonosteopathypractice.co.uk\\\/pl\\\/\"},{\"@type\":\"ListItem\",\"position\":2,\"name\":\"Us\u0142ugi\",\"item\":\"https:\\\/\\\/londonosteopathypractice.co.uk\\\/pl\\\/uslugi\\\/\"},{\"@type\":\"ListItem\",\"position\":3,\"name\":\"Ultrad\u017awi\u0119k\"}]},{\"@type\":\"WebSite\",\"@id\":\"https:\\\/\\\/londonosteopathypractice.co.uk\\\/pl\\\/#website\",\"url\":\"https:\\\/\\\/londonosteopathypractice.co.uk\\\/pl\\\/\",\"name\":\"London Osteopathy Practice\",\"description\":\"London Osteopathy Practice\",\"publisher\":{\"@id\":\"https:\\\/\\\/londonosteopathypractice.co.uk\\\/pl\\\/#organization\"},\"potentialAction\":[{\"@type\":\"SearchAction\",\"target\":{\"@type\":\"EntryPoint\",\"urlTemplate\":\"https:\\\/\\\/londonosteopathypractice.co.uk\\\/pl\\\/?s={search_term_string}\"},\"query-input\":{\"@type\":\"PropertyValueSpecification\",\"valueRequired\":true,\"valueName\":\"search_term_string\"}}],\"inLanguage\":\"pl-PL\"},{\"@type\":\"Organization\",\"@id\":\"https:\\\/\\\/londonosteopathypractice.co.uk\\\/pl\\\/#organization\",\"name\":\"London Osteopathy Practice\",\"url\":\"https:\\\/\\\/londonosteopathypractice.co.uk\\\/pl\\\/\",\"logo\":{\"@type\":\"ImageObject\",\"inLanguage\":\"pl-PL\",\"@id\":\"https:\\\/\\\/londonosteopathypractice.co.uk\\\/pl\\\/#\\\/schema\\\/logo\\\/image\\\/\",\"url\":\"https:\\\/\\\/londonosteopathypractice.co.uk\\\/wp-content\\\/uploads\\\/2022\\\/04\\\/london_aoestopathy_clinic.png\",\"contentUrl\":\"https:\\\/\\\/londonosteopathypractice.co.uk\\\/wp-content\\\/uploads\\\/2022\\\/04\\\/london_aoestopathy_clinic.png\",\"width\":335,\"height\":110,\"caption\":\"London Osteopathy Practice\"},\"image\":{\"@id\":\"https:\\\/\\\/londonosteopathypractice.co.uk\\\/pl\\\/#\\\/schema\\\/logo\\\/image\\\/\"}}]}<\/script>\n<!-- \/ Yoast SEO plugin. -->","yoast_head_json":{"title":"Ultrad\u017awi\u0119k | London Osteopathy Practice","robots":{"index":"index","follow":"follow","max-snippet":"max-snippet:-1","max-image-preview":"max-image-preview:large","max-video-preview":"max-video-preview:-1"},"canonical":"https:\/\/londonosteopathypractice.co.uk\/pl\/uslugi\/ultradzwiek\/","og_locale":"pl_PL","og_type":"article","og_title":"Ultrad\u017awi\u0119k | London Osteopathy Practice","og_description":"Ultrad\u017awi\u0119ki s\u0142u\u017c\u0105 do: rozbi\u0107 blizny i zrosty zmniejszy\u0107 stany zapalne, obrz\u0119ki i z\u0142ogi wapnia wytworzy\u0107 g\u0142\u0119bokie ciep\u0142o w zlokalizowanym obszarze,","og_url":"https:\/\/londonosteopathypractice.co.uk\/pl\/uslugi\/ultradzwiek\/","og_site_name":"London Osteopathy Practice","article_modified_time":"2022-05-11T16:58:35+00:00","twitter_card":"summary_large_image","twitter_misc":{"Szacowany czas czytania":"1 minuta"},"schema":{"@context":"https:\/\/schema.org","@graph":[{"@type":"WebPage","@id":"https:\/\/londonosteopathypractice.co.uk\/pl\/uslugi\/ultradzwiek\/","url":"https:\/\/londonosteopathypractice.co.uk\/pl\/uslugi\/ultradzwiek\/","name":"Ultrad\u017awi\u0119k | London Osteopathy Practice","isPartOf":{"@id":"https:\/\/londonosteopathypractice.co.uk\/pl\/#website"},"datePublished":"2022-04-21T21:30:34+00:00","dateModified":"2022-05-11T16:58:35+00:00","breadcrumb":{"@id":"https:\/\/londonosteopathypractice.co.uk\/pl\/uslugi\/ultradzwiek\/#breadcrumb"},"inLanguage":"pl-PL","potentialAction":[{"@type":"ReadAction","target":["https:\/\/londonosteopathypractice.co.uk\/pl\/uslugi\/ultradzwiek\/"]}]},{"@type":"BreadcrumbList","@id":"https:\/\/londonosteopathypractice.co.uk\/pl\/uslugi\/ultradzwiek\/#breadcrumb","itemListElement":[{"@type":"ListItem","position":1,"name":"Home","item":"https:\/\/londonosteopathypractice.co.uk\/pl\/"},{"@type":"ListItem","position":2,"name":"Us\u0142ugi","item":"https:\/\/londonosteopathypractice.co.uk\/pl\/uslugi\/"},{"@type":"ListItem","position":3,"name":"Ultrad\u017awi\u0119k"}]},{"@type":"WebSite","@id":"https:\/\/londonosteopathypractice.co.uk\/pl\/#website","url":"https:\/\/londonosteopathypractice.co.uk\/pl\/","name":"London Osteopathy Practice","description":"London Osteopathy Practice","publisher":{"@id":"https:\/\/londonosteopathypractice.co.uk\/pl\/#organization"},"potentialAction":[{"@type":"SearchAction","target":{"@type":"EntryPoint","urlTemplate":"https:\/\/londonosteopathypractice.co.uk\/pl\/?s={search_term_string}"},"query-input":{"@type":"PropertyValueSpecification","valueRequired":true,"valueName":"search_term_string"}}],"inLanguage":"pl-PL"},{"@type":"Organization","@id":"https:\/\/londonosteopathypractice.co.uk\/pl\/#organization","name":"London Osteopathy Practice","url":"https:\/\/londonosteopathypractice.co.uk\/pl\/","logo":{"@type":"ImageObject","inLanguage":"pl-PL","@id":"https:\/\/londonosteopathypractice.co.uk\/pl\/#\/schema\/logo\/image\/","url":"https:\/\/londonosteopathypractice.co.uk\/wp-content\/uploads\/2022\/04\/london_aoestopathy_clinic.png","contentUrl":"https:\/\/londonosteopathypractice.co.uk\/wp-content\/uploads\/2022\/04\/london_aoestopathy_clinic.png","width":335,"height":110,"caption":"London Osteopathy Practice"},"image":{"@id":"https:\/\/londonosteopathypractice.co.uk\/pl\/#\/schema\/logo\/image\/"}}]}},"_links":{"self":[{"href":"https:\/\/londonosteopathypractice.co.uk\/pl\/wp-json\/wp\/v2\/pages\/417","targetHints":{"allow":["GET"]}}],"collection":[{"href":"https:\/\/londonosteopathypractice.co.uk\/pl\/wp-json\/wp\/v2\/pages"}],"about":[{"href":"https:\/\/londonosteopathypractice.co.uk\/pl\/wp-json\/wp\/v2\/types\/page"}],"author":[{"embeddable":true,"href":"https:\/\/londonosteopathypractice.co.uk\/pl\/wp-json\/wp\/v2\/users\/1"}],"replies":[{"embeddable":true,"href":"https:\/\/londonosteopathypractice.co.uk\/pl\/wp-json\/wp\/v2\/comments?post=417"}],"version-history":[{"count":1,"href":"https:\/\/londonosteopathypractice.co.uk\/pl\/wp-json\/wp\/v2\/pages\/417\/revisions"}],"predecessor-version":[{"id":420,"href":"https:\/\/londonosteopathypractice.co.uk\/pl\/wp-json\/wp\/v2\/pages\/417\/revisions\/420"}],"up":[{"embeddable":true,"href":"https:\/\/londonosteopathypractice.co.uk\/pl\/wp-json\/wp\/v2\/pages\/439"}],"wp:attachment":[{"href":"https:\/\/londonosteopathypractice.co.uk\/pl\/wp-json\/wp\/v2\/media?parent=417"}],"curies":[{"name":"wp","href":"https:\/\/api.w.org\/{rel}","templated":true}]}}