{"id":421,"date":"2022-04-21T21:31:21","date_gmt":"2022-04-21T21:31:21","guid":{"rendered":"https:\/\/londonosteopathypractice.co.uk\/warunki-ktore-leczymy\/"},"modified":"2022-05-11T17:26:51","modified_gmt":"2022-05-11T17:26:51","slug":"warunki-ktore-leczymy","status":"publish","type":"page","link":"https:\/\/londonosteopathypractice.co.uk\/pl\/warunki-ktore-leczymy\/","title":{"rendered":"Warunki, kt\u00f3re leczymy"},"content":{"rendered":"\n<h2 class=\"wp-block-heading\">WARUNKI, KT\u00d3RE LECZYMY<\/h2>\n\n\n\n<p>W Klinice Osteopatii Brockley oferujemy leczenie wielu schorze\u0144 uk\u0142adu mi\u0119\u015bniowo-szkieletowego, w tym:<\/p>\n\n\n\n<ul class=\"wp-block-list\"><li>b\u00f3l plec\u00f3w i b\u00f3l szyi<\/li><li>rwa kulszowa i inne b\u00f3le nerwowe<\/li><li>b\u00f3l\/b\u00f3l staw\u00f3w<\/li><li>b\u00f3l bioder i kolan<\/li><li>napi\u0119cie mi\u0119\u015bni<\/li><li>b\u00f3l i sztywno\u015b\u0107 Whiplash<\/li><li>b\u00f3l artretyczny<\/li><li>b\u00f3le g\u0142owy<\/li><li>drobne kontuzje sportowe<\/li><li>fibromialgia i neuralgia<\/li><li>porady \u017cywieniowe i dotycz\u0105ce stylu \u017cycia<\/li><\/ul>\n\n\n\n<p>Zabiegi w naszej klinice przeprowadzane s\u0105 przez wysoko wykwalifikowanych osteopat\u00f3w.<br>Pierwsza konsultacja trwa zwykle <strong>od 60 do 80 minut<\/strong> . Kolejne zabiegi trwaj\u0105 zwykle co najmniej <strong>45 minut<\/strong> .<\/p>\n\n\n\n<p>Nie musisz by\u0107 skierowany przez lekarza rodzinnego.<\/p>\n\n\n\n<p>Nie jeste\u015b pewien, czy osteopatia mo\u017ce ci pom\u00f3c? Oferujemy BEZP\u0141ATNE KONSULTACJE<\/p>\n","protected":false},"excerpt":{"rendered":"<p>WARUNKI, KT\u00d3RE LECZYMY W Klinice Osteopatii Brockley oferujemy leczenie wielu schorze\u0144 uk\u0142adu mi\u0119\u015bniowo-szkieletowego, w tym: b\u00f3l plec\u00f3w i b\u00f3l szyi<\/p>\n","protected":false},"author":1,"featured_media":0,"parent":0,"menu_order":0,"comment_status":"closed","ping_status":"closed","template":"","meta":{"footnotes":""},"class_list":["post-421","page","type-page","status-publish","hentry"],"yoast_head":"<!-- This site is optimized with the Yoast SEO plugin v27.3 - https:\/\/yoast.com\/product\/yoast-seo-wordpress\/ -->\n<title>Warunki, kt\u00f3re leczymy | London Osteopathy Practice<\/title>\n<meta name=\"robots\" content=\"index, follow, max-snippet:-1, max-image-preview:large, max-video-preview:-1\" \/>\n<link rel=\"canonical\" href=\"https:\/\/londonosteopathypractice.co.uk\/pl\/warunki-ktore-leczymy\/\" \/>\n<meta property=\"og:locale\" content=\"pl_PL\" \/>\n<meta property=\"og:type\" content=\"article\" \/>\n<meta property=\"og:title\" content=\"Warunki, kt\u00f3re leczymy | London Osteopathy Practice\" \/>\n<meta property=\"og:description\" content=\"WARUNKI, KT\u00d3RE LECZYMY W Klinice Osteopatii Brockley oferujemy leczenie wielu schorze\u0144 uk\u0142adu mi\u0119\u015bniowo-szkieletowego, w tym: b\u00f3l plec\u00f3w i b\u00f3l szyi\" \/>\n<meta property=\"og:url\" content=\"https:\/\/londonosteopathypractice.co.uk\/pl\/warunki-ktore-leczymy\/\" \/>\n<meta property=\"og:site_name\" content=\"London Osteopathy Practice\" \/>\n<meta property=\"article:modified_time\" content=\"2022-05-11T17:26:51+00:00\" \/>\n<meta name=\"twitter:card\" content=\"summary_large_image\" \/>\n<meta name=\"twitter:label1\" content=\"Szacowany czas czytania\" \/>\n\t<meta name=\"twitter:data1\" content=\"1 minuta\" \/>\n<script type=\"application\/ld+json\" class=\"yoast-schema-graph\">{\"@context\":\"https:\\\/\\\/schema.org\",\"@graph\":[{\"@type\":\"WebPage\",\"@id\":\"https:\\\/\\\/londonosteopathypractice.co.uk\\\/pl\\\/warunki-ktore-leczymy\\\/\",\"url\":\"https:\\\/\\\/londonosteopathypractice.co.uk\\\/pl\\\/warunki-ktore-leczymy\\\/\",\"name\":\"Warunki, kt\u00f3re leczymy | London Osteopathy Practice\",\"isPartOf\":{\"@id\":\"https:\\\/\\\/londonosteopathypractice.co.uk\\\/pl\\\/#website\"},\"datePublished\":\"2022-04-21T21:31:21+00:00\",\"dateModified\":\"2022-05-11T17:26:51+00:00\",\"breadcrumb\":{\"@id\":\"https:\\\/\\\/londonosteopathypractice.co.uk\\\/pl\\\/warunki-ktore-leczymy\\\/#breadcrumb\"},\"inLanguage\":\"pl-PL\",\"potentialAction\":[{\"@type\":\"ReadAction\",\"target\":[\"https:\\\/\\\/londonosteopathypractice.co.uk\\\/pl\\\/warunki-ktore-leczymy\\\/\"]}]},{\"@type\":\"BreadcrumbList\",\"@id\":\"https:\\\/\\\/londonosteopathypractice.co.uk\\\/pl\\\/warunki-ktore-leczymy\\\/#breadcrumb\",\"itemListElement\":[{\"@type\":\"ListItem\",\"position\":1,\"name\":\"Home\",\"item\":\"https:\\\/\\\/londonosteopathypractice.co.uk\\\/pl\\\/\"},{\"@type\":\"ListItem\",\"position\":2,\"name\":\"Warunki, kt\u00f3re leczymy\"}]},{\"@type\":\"WebSite\",\"@id\":\"https:\\\/\\\/londonosteopathypractice.co.uk\\\/pl\\\/#website\",\"url\":\"https:\\\/\\\/londonosteopathypractice.co.uk\\\/pl\\\/\",\"name\":\"London Osteopathy Practice\",\"description\":\"London Osteopathy Practice\",\"publisher\":{\"@id\":\"https:\\\/\\\/londonosteopathypractice.co.uk\\\/pl\\\/#organization\"},\"potentialAction\":[{\"@type\":\"SearchAction\",\"target\":{\"@type\":\"EntryPoint\",\"urlTemplate\":\"https:\\\/\\\/londonosteopathypractice.co.uk\\\/pl\\\/?s={search_term_string}\"},\"query-input\":{\"@type\":\"PropertyValueSpecification\",\"valueRequired\":true,\"valueName\":\"search_term_string\"}}],\"inLanguage\":\"pl-PL\"},{\"@type\":\"Organization\",\"@id\":\"https:\\\/\\\/londonosteopathypractice.co.uk\\\/pl\\\/#organization\",\"name\":\"London Osteopathy Practice\",\"url\":\"https:\\\/\\\/londonosteopathypractice.co.uk\\\/pl\\\/\",\"logo\":{\"@type\":\"ImageObject\",\"inLanguage\":\"pl-PL\",\"@id\":\"https:\\\/\\\/londonosteopathypractice.co.uk\\\/pl\\\/#\\\/schema\\\/logo\\\/image\\\/\",\"url\":\"https:\\\/\\\/londonosteopathypractice.co.uk\\\/wp-content\\\/uploads\\\/2022\\\/04\\\/london_aoestopathy_clinic.png\",\"contentUrl\":\"https:\\\/\\\/londonosteopathypractice.co.uk\\\/wp-content\\\/uploads\\\/2022\\\/04\\\/london_aoestopathy_clinic.png\",\"width\":335,\"height\":110,\"caption\":\"London Osteopathy Practice\"},\"image\":{\"@id\":\"https:\\\/\\\/londonosteopathypractice.co.uk\\\/pl\\\/#\\\/schema\\\/logo\\\/image\\\/\"}}]}<\/script>\n<!-- \/ Yoast SEO plugin. -->","yoast_head_json":{"title":"Warunki, kt\u00f3re leczymy | London Osteopathy Practice","robots":{"index":"index","follow":"follow","max-snippet":"max-snippet:-1","max-image-preview":"max-image-preview:large","max-video-preview":"max-video-preview:-1"},"canonical":"https:\/\/londonosteopathypractice.co.uk\/pl\/warunki-ktore-leczymy\/","og_locale":"pl_PL","og_type":"article","og_title":"Warunki, kt\u00f3re leczymy | London Osteopathy Practice","og_description":"WARUNKI, KT\u00d3RE LECZYMY W Klinice Osteopatii Brockley oferujemy leczenie wielu schorze\u0144 uk\u0142adu mi\u0119\u015bniowo-szkieletowego, w tym: b\u00f3l plec\u00f3w i b\u00f3l szyi","og_url":"https:\/\/londonosteopathypractice.co.uk\/pl\/warunki-ktore-leczymy\/","og_site_name":"London Osteopathy Practice","article_modified_time":"2022-05-11T17:26:51+00:00","twitter_card":"summary_large_image","twitter_misc":{"Szacowany czas czytania":"1 minuta"},"schema":{"@context":"https:\/\/schema.org","@graph":[{"@type":"WebPage","@id":"https:\/\/londonosteopathypractice.co.uk\/pl\/warunki-ktore-leczymy\/","url":"https:\/\/londonosteopathypractice.co.uk\/pl\/warunki-ktore-leczymy\/","name":"Warunki, kt\u00f3re leczymy | London Osteopathy Practice","isPartOf":{"@id":"https:\/\/londonosteopathypractice.co.uk\/pl\/#website"},"datePublished":"2022-04-21T21:31:21+00:00","dateModified":"2022-05-11T17:26:51+00:00","breadcrumb":{"@id":"https:\/\/londonosteopathypractice.co.uk\/pl\/warunki-ktore-leczymy\/#breadcrumb"},"inLanguage":"pl-PL","potentialAction":[{"@type":"ReadAction","target":["https:\/\/londonosteopathypractice.co.uk\/pl\/warunki-ktore-leczymy\/"]}]},{"@type":"BreadcrumbList","@id":"https:\/\/londonosteopathypractice.co.uk\/pl\/warunki-ktore-leczymy\/#breadcrumb","itemListElement":[{"@type":"ListItem","position":1,"name":"Home","item":"https:\/\/londonosteopathypractice.co.uk\/pl\/"},{"@type":"ListItem","position":2,"name":"Warunki, kt\u00f3re leczymy"}]},{"@type":"WebSite","@id":"https:\/\/londonosteopathypractice.co.uk\/pl\/#website","url":"https:\/\/londonosteopathypractice.co.uk\/pl\/","name":"London Osteopathy Practice","description":"London Osteopathy Practice","publisher":{"@id":"https:\/\/londonosteopathypractice.co.uk\/pl\/#organization"},"potentialAction":[{"@type":"SearchAction","target":{"@type":"EntryPoint","urlTemplate":"https:\/\/londonosteopathypractice.co.uk\/pl\/?s={search_term_string}"},"query-input":{"@type":"PropertyValueSpecification","valueRequired":true,"valueName":"search_term_string"}}],"inLanguage":"pl-PL"},{"@type":"Organization","@id":"https:\/\/londonosteopathypractice.co.uk\/pl\/#organization","name":"London Osteopathy Practice","url":"https:\/\/londonosteopathypractice.co.uk\/pl\/","logo":{"@type":"ImageObject","inLanguage":"pl-PL","@id":"https:\/\/londonosteopathypractice.co.uk\/pl\/#\/schema\/logo\/image\/","url":"https:\/\/londonosteopathypractice.co.uk\/wp-content\/uploads\/2022\/04\/london_aoestopathy_clinic.png","contentUrl":"https:\/\/londonosteopathypractice.co.uk\/wp-content\/uploads\/2022\/04\/london_aoestopathy_clinic.png","width":335,"height":110,"caption":"London Osteopathy Practice"},"image":{"@id":"https:\/\/londonosteopathypractice.co.uk\/pl\/#\/schema\/logo\/image\/"}}]}},"_links":{"self":[{"href":"https:\/\/londonosteopathypractice.co.uk\/pl\/wp-json\/wp\/v2\/pages\/421","targetHints":{"allow":["GET"]}}],"collection":[{"href":"https:\/\/londonosteopathypractice.co.uk\/pl\/wp-json\/wp\/v2\/pages"}],"about":[{"href":"https:\/\/londonosteopathypractice.co.uk\/pl\/wp-json\/wp\/v2\/types\/page"}],"author":[{"embeddable":true,"href":"https:\/\/londonosteopathypractice.co.uk\/pl\/wp-json\/wp\/v2\/users\/1"}],"replies":[{"embeddable":true,"href":"https:\/\/londonosteopathypractice.co.uk\/pl\/wp-json\/wp\/v2\/comments?post=421"}],"version-history":[{"count":2,"href":"https:\/\/londonosteopathypractice.co.uk\/pl\/wp-json\/wp\/v2\/pages\/421\/revisions"}],"predecessor-version":[{"id":449,"href":"https:\/\/londonosteopathypractice.co.uk\/pl\/wp-json\/wp\/v2\/pages\/421\/revisions\/449"}],"wp:attachment":[{"href":"https:\/\/londonosteopathypractice.co.uk\/pl\/wp-json\/wp\/v2\/media?parent=421"}],"curies":[{"name":"wp","href":"https:\/\/api.w.org\/{rel}","templated":true}]}}