{"id":424,"date":"2022-04-26T14:26:09","date_gmt":"2022-04-26T14:26:09","guid":{"rendered":"https:\/\/londonosteopathypractice.co.uk\/rezerwacja-online\/"},"modified":"2022-05-11T17:34:13","modified_gmt":"2022-05-11T17:34:13","slug":"rezerwacja-online","status":"publish","type":"page","link":"https:\/\/londonosteopathypractice.co.uk\/pl\/rezerwacja-online\/","title":{"rendered":"Rezerwacja online"},"content":{"rendered":"\n<p>Londy\u0144ska Praktyka Osteopatii to przyjazna i profesjonalna praktyka zapewniaj\u0105ca niedrogie zabiegi. Ca\u0142y zesp\u00f3\u0142 jest oddany wysokiej jako\u015bci, skutecznemu leczeniu i obs\u0142udze przez ca\u0142y czas. Jeste\u015bmy w stanie zatroszczy\u0107 si\u0119 o wiele schorze\u0144, nie tylko o \u201eb\u00f3le plec\u00f3w\u201d.<\/p>\n\n\n\n<p>U\u017cywamy SimplyBook.me wraz z p\u0142atno\u015bciami Stripe, aby zabezpieczy\u0107 Twoj\u0105 rezerwacj\u0119. Mo\u017cesz zap\u0142aci\u0107 p\u00f3\u017aniej, a my akceptujemy p\u0142atno\u015bci zbli\u017ceniowe oraz got\u00f3wk\u0119 po zabiegu. Ju\u017c dzi\u015b zarezerwuj zabieg w London Osteopati Practice. <\/p>\n\n\n\n<div class=\"wp-block-image\"><figure class=\"aligncenter size-full is-resized\"><img loading=\"lazy\" decoding=\"async\" src=\"https:\/\/londonosteopathypractice.co.uk\/wp-content\/uploads\/2022\/05\/contactless.png\" alt=\"\" class=\"wp-image-349\" width=\"81\" height=\"48\" srcset=\"https:\/\/londonosteopathypractice.co.uk\/wp-content\/uploads\/2022\/05\/contactless.png 800w, https:\/\/londonosteopathypractice.co.uk\/wp-content\/smush-webp\/2022\/05\/contactless-300x178.png.webp 300w, https:\/\/londonosteopathypractice.co.uk\/wp-content\/smush-webp\/2022\/05\/contactless-768x455.png.webp 768w, https:\/\/londonosteopathypractice.co.uk\/wp-content\/smush-webp\/2022\/05\/contactless-600x356.png.webp 600w, https:\/\/londonosteopathypractice.co.uk\/wp-content\/smush-webp\/2022\/05\/contactless-150x89.png.webp 150w\" sizes=\"auto, (max-width: 81px) 100vw, 81px\" \/><\/figure><\/div>\n\n\n\n<h2 class=\"alignwide has-text-align-center wp-block-heading\"><span style=\"text-decoration: underline;\">System rezerwacji ju\u017c wkr\u00f3tce!<\/span><\/h2>\n\n\n\n<p class=\"has-text-align-center\"><strong>Nasz system rezerwacji za chwil\u0119 si\u0119 za\u0142aduje. <\/strong><\/p>\n\n\n\n<div class=\"wp-block-image\"><figure class=\"aligncenter size-full is-resized\"><img loading=\"lazy\" decoding=\"async\" src=\"https:\/\/londonosteopathypractice.co.uk.viode.me.uk\/wp-content\/uploads\/2022\/04\/Stripe-Payments-1.png\" alt=\"\" class=\"wp-image-263\" width=\"127\" height=\"29\" srcset=\"https:\/\/londonosteopathypractice.co.uk\/wp-content\/uploads\/2022\/04\/Stripe-Payments-1.png 506w, https:\/\/londonosteopathypractice.co.uk\/wp-content\/smush-webp\/2022\/04\/Stripe-Payments-1-300x69.png.webp 300w, https:\/\/londonosteopathypractice.co.uk\/wp-content\/smush-webp\/2022\/04\/Stripe-Payments-1-150x35.png.webp 150w\" sizes=\"auto, (max-width: 127px) 100vw, 127px\" \/><\/figure><\/div>\n","protected":false},"excerpt":{"rendered":"<p>Londy\u0144ska Praktyka Osteopatii to przyjazna i profesjonalna praktyka zapewniaj\u0105ca niedrogie zabiegi. Ca\u0142y zesp\u00f3\u0142 jest oddany wysokiej jako\u015bci, skutecznemu leczeniu i<\/p>\n","protected":false},"author":1,"featured_media":0,"parent":0,"menu_order":0,"comment_status":"closed","ping_status":"closed","template":"","meta":{"footnotes":""},"class_list":["post-424","page","type-page","status-publish","hentry"],"yoast_head":"<!-- This site is optimized with the Yoast SEO plugin v27.3 - https:\/\/yoast.com\/product\/yoast-seo-wordpress\/ -->\n<title>Rezerwacja online | London Osteopathy Practice<\/title>\n<meta name=\"robots\" content=\"index, follow, max-snippet:-1, max-image-preview:large, max-video-preview:-1\" \/>\n<link rel=\"canonical\" href=\"https:\/\/londonosteopathypractice.co.uk\/pl\/rezerwacja-online\/\" \/>\n<meta property=\"og:locale\" content=\"pl_PL\" \/>\n<meta property=\"og:type\" content=\"article\" \/>\n<meta property=\"og:title\" content=\"Rezerwacja online | London Osteopathy Practice\" \/>\n<meta property=\"og:description\" content=\"Londy\u0144ska Praktyka Osteopatii to przyjazna i profesjonalna praktyka zapewniaj\u0105ca niedrogie zabiegi. Ca\u0142y zesp\u00f3\u0142 jest oddany wysokiej jako\u015bci, skutecznemu leczeniu i\" \/>\n<meta property=\"og:url\" content=\"https:\/\/londonosteopathypractice.co.uk\/pl\/rezerwacja-online\/\" \/>\n<meta property=\"og:site_name\" content=\"London Osteopathy Practice\" \/>\n<meta property=\"article:modified_time\" content=\"2022-05-11T17:34:13+00:00\" \/>\n<meta property=\"og:image\" content=\"https:\/\/londonosteopathypractice.co.uk\/wp-content\/uploads\/2022\/05\/contactless.png\" \/>\n<meta name=\"twitter:card\" content=\"summary_large_image\" \/>\n<meta name=\"twitter:label1\" content=\"Szacowany czas czytania\" \/>\n\t<meta name=\"twitter:data1\" content=\"1 minuta\" \/>\n<script type=\"application\/ld+json\" class=\"yoast-schema-graph\">{\"@context\":\"https:\\\/\\\/schema.org\",\"@graph\":[{\"@type\":\"WebPage\",\"@id\":\"https:\\\/\\\/londonosteopathypractice.co.uk\\\/pl\\\/rezerwacja-online\\\/\",\"url\":\"https:\\\/\\\/londonosteopathypractice.co.uk\\\/pl\\\/rezerwacja-online\\\/\",\"name\":\"Rezerwacja online | London Osteopathy Practice\",\"isPartOf\":{\"@id\":\"https:\\\/\\\/londonosteopathypractice.co.uk\\\/pl\\\/#website\"},\"primaryImageOfPage\":{\"@id\":\"https:\\\/\\\/londonosteopathypractice.co.uk\\\/pl\\\/rezerwacja-online\\\/#primaryimage\"},\"image\":{\"@id\":\"https:\\\/\\\/londonosteopathypractice.co.uk\\\/pl\\\/rezerwacja-online\\\/#primaryimage\"},\"thumbnailUrl\":\"https:\\\/\\\/londonosteopathypractice.co.uk\\\/wp-content\\\/uploads\\\/2022\\\/05\\\/contactless.png\",\"datePublished\":\"2022-04-26T14:26:09+00:00\",\"dateModified\":\"2022-05-11T17:34:13+00:00\",\"breadcrumb\":{\"@id\":\"https:\\\/\\\/londonosteopathypractice.co.uk\\\/pl\\\/rezerwacja-online\\\/#breadcrumb\"},\"inLanguage\":\"pl-PL\",\"potentialAction\":[{\"@type\":\"ReadAction\",\"target\":[\"https:\\\/\\\/londonosteopathypractice.co.uk\\\/pl\\\/rezerwacja-online\\\/\"]}]},{\"@type\":\"ImageObject\",\"inLanguage\":\"pl-PL\",\"@id\":\"https:\\\/\\\/londonosteopathypractice.co.uk\\\/pl\\\/rezerwacja-online\\\/#primaryimage\",\"url\":\"https:\\\/\\\/londonosteopathypractice.co.uk\\\/wp-content\\\/uploads\\\/2022\\\/05\\\/contactless.png\",\"contentUrl\":\"https:\\\/\\\/londonosteopathypractice.co.uk\\\/wp-content\\\/uploads\\\/2022\\\/05\\\/contactless.png\"},{\"@type\":\"BreadcrumbList\",\"@id\":\"https:\\\/\\\/londonosteopathypractice.co.uk\\\/pl\\\/rezerwacja-online\\\/#breadcrumb\",\"itemListElement\":[{\"@type\":\"ListItem\",\"position\":1,\"name\":\"Home\",\"item\":\"https:\\\/\\\/londonosteopathypractice.co.uk\\\/pl\\\/\"},{\"@type\":\"ListItem\",\"position\":2,\"name\":\"Rezerwacja online\"}]},{\"@type\":\"WebSite\",\"@id\":\"https:\\\/\\\/londonosteopathypractice.co.uk\\\/pl\\\/#website\",\"url\":\"https:\\\/\\\/londonosteopathypractice.co.uk\\\/pl\\\/\",\"name\":\"London Osteopathy Practice\",\"description\":\"London Osteopathy Practice\",\"publisher\":{\"@id\":\"https:\\\/\\\/londonosteopathypractice.co.uk\\\/pl\\\/#organization\"},\"potentialAction\":[{\"@type\":\"SearchAction\",\"target\":{\"@type\":\"EntryPoint\",\"urlTemplate\":\"https:\\\/\\\/londonosteopathypractice.co.uk\\\/pl\\\/?s={search_term_string}\"},\"query-input\":{\"@type\":\"PropertyValueSpecification\",\"valueRequired\":true,\"valueName\":\"search_term_string\"}}],\"inLanguage\":\"pl-PL\"},{\"@type\":\"Organization\",\"@id\":\"https:\\\/\\\/londonosteopathypractice.co.uk\\\/pl\\\/#organization\",\"name\":\"London Osteopathy Practice\",\"url\":\"https:\\\/\\\/londonosteopathypractice.co.uk\\\/pl\\\/\",\"logo\":{\"@type\":\"ImageObject\",\"inLanguage\":\"pl-PL\",\"@id\":\"https:\\\/\\\/londonosteopathypractice.co.uk\\\/pl\\\/#\\\/schema\\\/logo\\\/image\\\/\",\"url\":\"https:\\\/\\\/londonosteopathypractice.co.uk\\\/wp-content\\\/uploads\\\/2022\\\/04\\\/london_aoestopathy_clinic.png\",\"contentUrl\":\"https:\\\/\\\/londonosteopathypractice.co.uk\\\/wp-content\\\/uploads\\\/2022\\\/04\\\/london_aoestopathy_clinic.png\",\"width\":335,\"height\":110,\"caption\":\"London Osteopathy Practice\"},\"image\":{\"@id\":\"https:\\\/\\\/londonosteopathypractice.co.uk\\\/pl\\\/#\\\/schema\\\/logo\\\/image\\\/\"}}]}<\/script>\n<!-- \/ Yoast SEO plugin. -->","yoast_head_json":{"title":"Rezerwacja online | London Osteopathy Practice","robots":{"index":"index","follow":"follow","max-snippet":"max-snippet:-1","max-image-preview":"max-image-preview:large","max-video-preview":"max-video-preview:-1"},"canonical":"https:\/\/londonosteopathypractice.co.uk\/pl\/rezerwacja-online\/","og_locale":"pl_PL","og_type":"article","og_title":"Rezerwacja online | London Osteopathy Practice","og_description":"Londy\u0144ska Praktyka Osteopatii to przyjazna i profesjonalna praktyka zapewniaj\u0105ca niedrogie zabiegi. Ca\u0142y zesp\u00f3\u0142 jest oddany wysokiej jako\u015bci, skutecznemu leczeniu i","og_url":"https:\/\/londonosteopathypractice.co.uk\/pl\/rezerwacja-online\/","og_site_name":"London Osteopathy Practice","article_modified_time":"2022-05-11T17:34:13+00:00","og_image":[{"url":"https:\/\/londonosteopathypractice.co.uk\/wp-content\/uploads\/2022\/05\/contactless.png","type":"","width":"","height":""}],"twitter_card":"summary_large_image","twitter_misc":{"Szacowany czas czytania":"1 minuta"},"schema":{"@context":"https:\/\/schema.org","@graph":[{"@type":"WebPage","@id":"https:\/\/londonosteopathypractice.co.uk\/pl\/rezerwacja-online\/","url":"https:\/\/londonosteopathypractice.co.uk\/pl\/rezerwacja-online\/","name":"Rezerwacja online | London Osteopathy Practice","isPartOf":{"@id":"https:\/\/londonosteopathypractice.co.uk\/pl\/#website"},"primaryImageOfPage":{"@id":"https:\/\/londonosteopathypractice.co.uk\/pl\/rezerwacja-online\/#primaryimage"},"image":{"@id":"https:\/\/londonosteopathypractice.co.uk\/pl\/rezerwacja-online\/#primaryimage"},"thumbnailUrl":"https:\/\/londonosteopathypractice.co.uk\/wp-content\/uploads\/2022\/05\/contactless.png","datePublished":"2022-04-26T14:26:09+00:00","dateModified":"2022-05-11T17:34:13+00:00","breadcrumb":{"@id":"https:\/\/londonosteopathypractice.co.uk\/pl\/rezerwacja-online\/#breadcrumb"},"inLanguage":"pl-PL","potentialAction":[{"@type":"ReadAction","target":["https:\/\/londonosteopathypractice.co.uk\/pl\/rezerwacja-online\/"]}]},{"@type":"ImageObject","inLanguage":"pl-PL","@id":"https:\/\/londonosteopathypractice.co.uk\/pl\/rezerwacja-online\/#primaryimage","url":"https:\/\/londonosteopathypractice.co.uk\/wp-content\/uploads\/2022\/05\/contactless.png","contentUrl":"https:\/\/londonosteopathypractice.co.uk\/wp-content\/uploads\/2022\/05\/contactless.png"},{"@type":"BreadcrumbList","@id":"https:\/\/londonosteopathypractice.co.uk\/pl\/rezerwacja-online\/#breadcrumb","itemListElement":[{"@type":"ListItem","position":1,"name":"Home","item":"https:\/\/londonosteopathypractice.co.uk\/pl\/"},{"@type":"ListItem","position":2,"name":"Rezerwacja online"}]},{"@type":"WebSite","@id":"https:\/\/londonosteopathypractice.co.uk\/pl\/#website","url":"https:\/\/londonosteopathypractice.co.uk\/pl\/","name":"London Osteopathy Practice","description":"London Osteopathy Practice","publisher":{"@id":"https:\/\/londonosteopathypractice.co.uk\/pl\/#organization"},"potentialAction":[{"@type":"SearchAction","target":{"@type":"EntryPoint","urlTemplate":"https:\/\/londonosteopathypractice.co.uk\/pl\/?s={search_term_string}"},"query-input":{"@type":"PropertyValueSpecification","valueRequired":true,"valueName":"search_term_string"}}],"inLanguage":"pl-PL"},{"@type":"Organization","@id":"https:\/\/londonosteopathypractice.co.uk\/pl\/#organization","name":"London Osteopathy Practice","url":"https:\/\/londonosteopathypractice.co.uk\/pl\/","logo":{"@type":"ImageObject","inLanguage":"pl-PL","@id":"https:\/\/londonosteopathypractice.co.uk\/pl\/#\/schema\/logo\/image\/","url":"https:\/\/londonosteopathypractice.co.uk\/wp-content\/uploads\/2022\/04\/london_aoestopathy_clinic.png","contentUrl":"https:\/\/londonosteopathypractice.co.uk\/wp-content\/uploads\/2022\/04\/london_aoestopathy_clinic.png","width":335,"height":110,"caption":"London Osteopathy Practice"},"image":{"@id":"https:\/\/londonosteopathypractice.co.uk\/pl\/#\/schema\/logo\/image\/"}}]}},"_links":{"self":[{"href":"https:\/\/londonosteopathypractice.co.uk\/pl\/wp-json\/wp\/v2\/pages\/424","targetHints":{"allow":["GET"]}}],"collection":[{"href":"https:\/\/londonosteopathypractice.co.uk\/pl\/wp-json\/wp\/v2\/pages"}],"about":[{"href":"https:\/\/londonosteopathypractice.co.uk\/pl\/wp-json\/wp\/v2\/types\/page"}],"author":[{"embeddable":true,"href":"https:\/\/londonosteopathypractice.co.uk\/pl\/wp-json\/wp\/v2\/users\/1"}],"replies":[{"embeddable":true,"href":"https:\/\/londonosteopathypractice.co.uk\/pl\/wp-json\/wp\/v2\/comments?post=424"}],"version-history":[{"count":2,"href":"https:\/\/londonosteopathypractice.co.uk\/pl\/wp-json\/wp\/v2\/pages\/424\/revisions"}],"predecessor-version":[{"id":454,"href":"https:\/\/londonosteopathypractice.co.uk\/pl\/wp-json\/wp\/v2\/pages\/424\/revisions\/454"}],"wp:attachment":[{"href":"https:\/\/londonosteopathypractice.co.uk\/pl\/wp-json\/wp\/v2\/media?parent=424"}],"curies":[{"name":"wp","href":"https:\/\/api.w.org\/{rel}","templated":true}]}}