{"id":439,"date":"2022-04-21T21:23:14","date_gmt":"2022-04-21T21:23:14","guid":{"rendered":"https:\/\/londonosteopathypractice.co.uk\/uslugi\/"},"modified":"2022-05-11T18:34:14","modified_gmt":"2022-05-11T18:34:14","slug":"uslugi","status":"publish","type":"page","link":"https:\/\/londonosteopathypractice.co.uk\/pl\/uslugi\/","title":{"rendered":"Us\u0142ugi"},"content":{"rendered":"<p>[vc_row full_width=&#8221;stretch_row&#8221; full_height=&#8221;yes&#8221; css_animation=&#8221;fadeIn&#8221; css=&#8221;.vc_custom_1651674364987{margin-top: -40px !important;padding-top: 380px !important;padding-bottom: 80px !important;background-image: url(https:\/\/londonosteopathypractice.co.uk\/wp-content\/uploads\/2022\/05\/london_osteopathy_practice5.jpg?id=321) !important;background-position: center !important;background-repeat: no-repeat !important;background-size: cover !important;}&#8221; mobile_bg_img_hidden=&#8221;no&#8221; tablet_bg_img_hidden=&#8221;no&#8221; woodmart_parallax=&#8221;0&#8243; woodmart_gradient_switch=&#8221;no&#8221; row_reverse_mobile=&#8221;0&#8243; row_reverse_tablet=&#8221;0&#8243; woodmart_disable_overflow=&#8221;0&#8243; woodmart_css_id=&#8221;62728cf10f4ec&#8221; responsive_spacing=&#8221;eyJwYXJhbV90eXBlIjoid29vZG1hcnRfcmVzcG9uc2l2ZV9zcGFjaW5nIiwic2VsZWN0b3JfaWQiOiI2MjcyOGNmMTBmNGVjIiwic2hvcnRjb2RlIjoidmNfcm93IiwiZGF0YSI6eyJ0YWJsZXQiOnt9LCJtb2JpbGUiOnt9fX0=&#8221; woodmart_box_shadow=&#8221;no&#8221; wd_z_index=&#8221;no&#8221;][vc_column woodmart_text_align=&#8221;center&#8221; mobile_bg_img_hidden=&#8221;no&#8221; tablet_bg_img_hidden=&#8221;no&#8221; woodmart_parallax=&#8221;0&#8243; woodmart_sticky_column=&#8221;false&#8221; parallax_scroll=&#8221;no&#8221; mobile_reset_margin=&#8221;no&#8221; tablet_reset_margin=&#8221;no&#8221; css=&#8221;.vc_custom_1624451786726{padding-top: 0px !important;}&#8221;]\n\t\t<div id=\"wd-6267e80995a03\" class=\"title-wrapper wd-wpb wd-set-mb reset-last-child  wd-rs-6267e80995a03 wd-title-color-white wd-title-style-default text-center  wd-width-enabled wd-underline-colored\" style=\"--wd-max-width: 70%;\">\n\t\t\t\t\t\t\t\n\t\t\t\t<div class=\"title-subtitle  subtitle-color-white font-alt subtitle-style-default wd-font-weight-100 wd-fontsize-xs\">Niedrogie zabiegi<\/div>\n\t\t\t\n\t\t\t<div class=\"liner-continer\">\n\t\t\t\t<h4 class=\"woodmart-title-container title  wd-font-weight-100 wd-fontsize-l\" >Nasze Us\u0142ugi<\/h4>\n\t\t\t\t\t\t\t<\/div>\n\t\t\t\n\t\t\t\n\t\t\t\n\t\t<\/div>\n\t\t\n\t\t<div id=\"wd-6272664eafb3b\" class=\" wd-rs-6272664eafb3b  wd-button-wrapper text-center inline-element\"><a href=\"https:\/\/londonosteopathypractice.co.uk\/pl\/rezerwacja-online\/\" title=\"\" class=\"btn btn-color-primary btn-style-default btn-shape-round btn-size-default\">Zarezerwuj zabieg teraz<\/a><\/div>[\/vc_column][\/vc_row][vc_row full_width=&#8221;stretch_row&#8221; css_animation=&#8221;fadeIn&#8221; css=&#8221;.vc_custom_1650982118652{margin-top: 30px !important;margin-bottom: 30px !important;padding-top: 10px !important;padding-bottom: 10px !important;background-color: #fbfbfb !important;}&#8221; woodmart_parallax=&#8221;0&#8243; woodmart_gradient_switch=&#8221;no&#8221; row_reverse_mobile=&#8221;0&#8243; row_reverse_tablet=&#8221;0&#8243; woodmart_disable_overflow=&#8221;0&#8243; woodmart_css_id=&#8221;6267fce2c85e0&#8243; responsive_spacing=&#8221;eyJwYXJhbV90eXBlIjoid29vZG1hcnRfcmVzcG9uc2l2ZV9zcGFjaW5nIiwic2VsZWN0b3JfaWQiOiI2MjY3ZmNlMmM4NWUwIiwic2hvcnRjb2RlIjoidmNfcm93IiwiZGF0YSI6eyJ0YWJsZXQiOnt9LCJtb2JpbGUiOnt9fX0=&#8221; mobile_bg_img_hidden=&#8221;no&#8221; tablet_bg_img_hidden=&#8221;no&#8221; woodmart_box_shadow=&#8221;no&#8221; wd_z_index=&#8221;no&#8221;][vc_column css=&#8221;.vc_custom_1538060486358{padding-top: 0px !important;}&#8221; woodmart_parallax=&#8221;0&#8243; parallax_scroll=&#8221;no&#8221; woodmart_sticky_column=&#8221;false&#8221;][vc_column_text woodmart_inline=&#8221;no&#8221; text_larger=&#8221;no&#8221;]<\/p>\n<p style=\"text-align: center;\">W London Osteoopathy Clinic oferujemy szerok\u0105 gam\u0119 terapii, kt\u00f3re zostan\u0105 dostosowane do Twoich potrzeb, aby przywr\u00f3ci\u0107 Ci zdrowie. Oferujemy:<\/p>\n<p>[\/vc_column_text][vc_row_inner content_placement=&#8221;top&#8221; row_reverse_mobile=&#8221;0&#8243; row_reverse_tablet=&#8221;0&#8243; woodmart_css_id=&#8221;61a79c7e70f0a&#8221; responsive_spacing=&#8221;eyJwYXJhbV90eXBlIjoid29vZG1hcnRfcmVzcG9uc2l2ZV9zcGFjaW5nIiwic2VsZWN0b3JfaWQiOiI2MWE3OWM3ZTcwZjBhIiwic2hvcnRjb2RlIjoidmNfcm93X2lubmVyIiwiZGF0YSI6eyJ0YWJsZXQiOnt9LCJtb2JpbGUiOnt9fX0=&#8221; mobile_bg_img_hidden=&#8221;no&#8221; tablet_bg_img_hidden=&#8221;no&#8221; woodmart_parallax=&#8221;0&#8243; woodmart_gradient_switch=&#8221;no&#8221; woodmart_box_shadow=&#8221;no&#8221; wd_z_index=&#8221;no&#8221; woodmart_disable_overflow=&#8221;0&#8243;][vc_column_inner width=&#8221;1\/3&#8243; css=&#8221;.vc_custom_1638374524165{padding-top: 0px !important;padding-right: 10px !important;padding-bottom: 20px !important;padding-left: 10px !important;}&#8221; woodmart_css_id=&#8221;61a79c7af1527&#8243; parallax_scroll=&#8221;no&#8221; woodmart_sticky_column=&#8221;false&#8221; wd_collapsible_content_switcher=&#8221;no&#8221; mobile_bg_img_hidden=&#8221;no&#8221; tablet_bg_img_hidden=&#8221;no&#8221; woodmart_parallax=&#8221;0&#8243; woodmart_box_shadow=&#8221;no&#8221; wd_z_index=&#8221;no&#8221; responsive_spacing=&#8221;eyJwYXJhbV90eXBlIjoid29vZG1hcnRfcmVzcG9uc2l2ZV9zcGFjaW5nIiwic2VsZWN0b3JfaWQiOiI2MWE3OWM3YWYxNTI3Iiwic2hvcnRjb2RlIjoidmNfY29sdW1uX2lubmVyIiwiZGF0YSI6eyJ0YWJsZXQiOnt9LCJtb2JpbGUiOnt9fX0=&#8221;]\t\t\t<div class=\"info-box-wrapper\">\n\t\t\t\t<div id=\"wd-62726687886ce\" class=\" wd-rs-62726687886ce wd-info-box wd-wpb text-center box-icon-align-top box-style-bg-hover color-scheme-dark wd-bg-none color-scheme-hover-light vc_custom_1651664539586\">\n\t\t\t\t\t\t\t\t\t\t\t<div class=\"box-icon-wrapper  box-with-text text-size-default box-icon-simple\">\n\t\t\t\t\t\t\t<div class=\"info-box-icon\">\n\n\t\t\t\t\t\t\t\t\t\t\t\t\t\t\tOsteopatia\t\t\t\t\t\t\t\n\t\t\t\t\t\t\t<\/div>\n\t\t\t\t\t\t<\/div>\n\t\t\t\t\t\t\t\t\t\t<div class=\"info-box-content\">\n\t\t\t\t\t\t\t\t\t\t\t\t<div class=\"info-box-inner reset-last-child\"><p>Osteopatia to system diagnostyki i leczenia wielu schorze\u0144. Dzia\u0142a ze struktur\u0105 i funkcj\u0105 organizmu i opiera si\u0119 na zasadzie, \u017ce dobre samopoczucie jednostki zale\u017cy od sprawnego wsp\u00f3\u0142istnienia uk\u0142adu kostnego, mi\u0119\u015bni, wi\u0119zade\u0142 i tkanki \u0142\u0105cznej.<\/p>\n<\/div>\n\n\t\t\t\t\t\t\t\t\t\t\t<\/div>\n\n\t\t\t\t\t\t\t\t\t\t\t<a class=\"wd-info-box-link wd-fill\" aria-label=\"Infobox link\" href=\"https:\/\/londonosteopathypractice.co.uk\/pl\/uslugi\/osteopatia-i-rehabilitacja\/\" title=\"\"><\/a>\n\t\t\t\t\t\n\t\t\t\t\t<style>#wd-62726687886ce:after {background-image:-webkit-linear-gradient(left , rgb(16, 66, 118) , rgb(16, 66, 118) 100%);background-image:linear-gradient(to right , rgb(16, 66, 118) , rgb(16, 66, 118) 100%); !important;}<\/style>\t\t\t\t<\/div>\n\t\t\t<\/div>\n\t\t[\/vc_column_inner][vc_column_inner width=&#8221;1\/3&#8243; css=&#8221;.vc_custom_1538146421415{padding-top: 0px !important;padding-right: 10px !important;padding-bottom: 20px !important;padding-left: 10px !important;}&#8221;]\t\t\t<div class=\"info-box-wrapper\">\n\t\t\t\t<div id=\"wd-627266a9e4962\" class=\" wd-rs-627266a9e4962 wd-info-box wd-wpb text-center box-icon-align-top box-style-bg-hover color-scheme-dark wd-bg-none color-scheme-hover-light vc_custom_1651664567429\">\n\t\t\t\t\t\t\t\t\t\t\t<div class=\"box-icon-wrapper  box-with-text text-size-default box-icon-simple\">\n\t\t\t\t\t\t\t<div class=\"info-box-icon\">\n\n\t\t\t\t\t\t\t\t\t\t\t\t\t\t\tRehabilitacja\t\t\t\t\t\t\t\n\t\t\t\t\t\t\t<\/div>\n\t\t\t\t\t\t<\/div>\n\t\t\t\t\t\t\t\t\t\t<div class=\"info-box-content\">\n\t\t\t\t\t\t\t\t\t\t\t\t<div class=\"info-box-inner reset-last-child\"><p>U\u017cywamy dotyku, fizycznej manipulacji, rozci\u0105gania i masa\u017cu, aby zwi\u0119kszy\u0107 ruchomo\u015b\u0107 staw\u00f3w, zmniejszy\u0107 napi\u0119cie mi\u0119\u015bni, poprawi\u0107 dop\u0142yw krwi i nerw\u00f3w do tkanek oraz wspom\u00f3c w\u0142asne mechanizmy gojenia organizmu.<\/p>\n<\/div>\n\n\t\t\t\t\t\t\t\t\t\t\t<\/div>\n\n\t\t\t\t\t\t\t\t\t\t\t<a class=\"wd-info-box-link wd-fill\" aria-label=\"Infobox link\" href=\"https:\/\/londonosteopathypractice.co.uk\/pl\/uslugi\/osteopatia-i-rehabilitacja\/\" title=\"\"><\/a>\n\t\t\t\t\t\n\t\t\t\t\t<style>#wd-627266a9e4962:after {background-image:-webkit-linear-gradient(left , rgb(16, 66, 118) , rgb(16, 66, 118) 100%);background-image:linear-gradient(to right , rgb(16, 66, 118) , rgb(16, 66, 118) 100%); !important;}<\/style>\t\t\t\t<\/div>\n\t\t\t<\/div>\n\t\t[\/vc_column_inner][vc_column_inner width=&#8221;1\/3&#8243; css=&#8221;.vc_custom_1538146426211{padding-top: 0px !important;padding-right: 10px !important;padding-bottom: 20px !important;padding-left: 10px !important;}&#8221;]\t\t\t<div class=\"info-box-wrapper\">\n\t\t\t\t<div id=\"wd-627266bad76f3\" class=\" wd-rs-627266bad76f3 wd-info-box wd-wpb text-center box-icon-align-top box-style-bg-hover color-scheme-dark wd-bg-none color-scheme-hover-light vc_custom_1651664581460\">\n\t\t\t\t\t\t\t\t\t\t\t<div class=\"box-icon-wrapper  box-with-text text-size-default box-icon-simple\">\n\t\t\t\t\t\t\t<div class=\"info-box-icon\">\n\n\t\t\t\t\t\t\t\t\t\t\t\t\t\t\tMasa\u017c sportowy\t\t\t\t\t\t\t\n\t\t\t\t\t\t\t<\/div>\n\t\t\t\t\t\t<\/div>\n\t\t\t\t\t\t\t\t\t\t<div class=\"info-box-content\">\n\t\t\t\t\t\t\t\t\t\t\t\t<div class=\"info-box-inner reset-last-child\"><p>Masa\u017c sportowy jest form\u0105 masa\u017cu ukierunkowan\u0105 specjalnie na manipulacj\u0119 tkankami mi\u0119kkimi. Mog\u0119 poleci\u0107 wszystkim, od pracownik\u00f3w biurowych po trener\u00f3w si\u0142owni, regularnie uprawiaj\u0105cych aktywno\u015b\u0107 fizyczn\u0105 na poziomie zawodowym lub po prostu dla kondycji osobistej.<\/p>\n<\/div>\n\n\t\t\t\t\t\t\t\t\t\t\t<\/div>\n\n\t\t\t\t\t\t\t\t\t\t\t<a class=\"wd-info-box-link wd-fill\" aria-label=\"Infobox link\" href=\"https:\/\/londonosteopathypractice.co.uk\/pl\/masaz-sportowy\/\" title=\"\"><\/a>\n\t\t\t\t\t\n\t\t\t\t\t<style>#wd-627266bad76f3:after {background-image:-webkit-linear-gradient(left , rgb(16, 66, 118) , rgb(16, 66, 118) 100%);background-image:linear-gradient(to right , rgb(16, 66, 118) , rgb(16, 66, 118) 100%); !important;}<\/style>\t\t\t\t<\/div>\n\t\t\t<\/div>\n\t\t[\/vc_column_inner][vc_column_inner width=&#8221;1\/3&#8243; css=&#8221;.vc_custom_1538146390672{padding-top: 0px !important;padding-right: 10px !important;padding-left: 10px !important;}&#8221;]\t\t\t<div class=\"info-box-wrapper\">\n\t\t\t\t<div id=\"wd-627266c973a36\" class=\" wd-rs-627266c973a36 wd-info-box wd-wpb text-center box-icon-align-top box-style-bg-hover color-scheme-dark wd-bg-none color-scheme-hover-light vc_custom_1651664595980\">\n\t\t\t\t\t\t\t\t\t\t\t<div class=\"box-icon-wrapper  box-with-text text-size-default box-icon-simple\">\n\t\t\t\t\t\t\t<div class=\"info-box-icon\">\n\n\t\t\t\t\t\t\t\t\t\t\t\t\t\t\tAkupunktura medyczna\t\t\t\t\t\t\t\n\t\t\t\t\t\t\t<\/div>\n\t\t\t\t\t\t<\/div>\n\t\t\t\t\t\t\t\t\t\t<div class=\"info-box-content\">\n\t\t\t\t\t\t\t\t\t\t\t\t<div class=\"info-box-inner reset-last-child\"><p>Akupunktura medyczna to nowoczesna adaptacja staro\u017cytnej chi\u0144skiej praktyki akupunktury. Definiuje si\u0119 j\u0105 jako technik\u0119 terapeutyczn\u0105, kt\u00f3ra polega na wk\u0142uwaniu cienkich igie\u0142 w okre\u015blone punkty na ciele w celu wspomagania gojenia i \u0142agodzenia b\u00f3lu.<\/p>\n<\/div>\n\n\t\t\t\t\t\t\t\t\t\t\t<\/div>\n\n\t\t\t\t\t\t\t\t\t\t\t<a class=\"wd-info-box-link wd-fill\" aria-label=\"Infobox link\" href=\"https:\/\/londonosteopathypractice.co.uk\/pl\/akupunktura-medyczna\/\" title=\"\"><\/a>\n\t\t\t\t\t\n\t\t\t\t\t<style>#wd-627266c973a36:after {background-image:-webkit-linear-gradient(left , rgb(16, 66, 118) , rgb(16, 66, 118) 100%);background-image:linear-gradient(to right , rgb(16, 66, 118) , rgb(16, 66, 118) 100%); !important;}<\/style>\t\t\t\t<\/div>\n\t\t\t<\/div>\n\t\t[\/vc_column_inner][vc_column_inner width=&#8221;1\/3&#8243; css=&#8221;.vc_custom_1538146398763{padding-top: 0px !important;padding-right: 10px !important;padding-left: 10px !important;}&#8221;]\t\t\t<div class=\"info-box-wrapper\">\n\t\t\t\t<div id=\"wd-627266d971e2b\" class=\" wd-rs-627266d971e2b wd-info-box wd-wpb text-center box-icon-align-top box-style-bg-hover color-scheme-dark wd-bg-none color-scheme-hover-light vc_custom_1651664611457\">\n\t\t\t\t\t\t\t\t\t\t\t<div class=\"box-icon-wrapper  box-with-text text-size-default box-icon-simple\">\n\t\t\t\t\t\t\t<div class=\"info-box-icon\">\n\n\t\t\t\t\t\t\t\t\t\t\t\t\t\t\tKinesiology Taping\t\t\t\t\t\t\t\n\t\t\t\t\t\t\t<\/div>\n\t\t\t\t\t\t<\/div>\n\t\t\t\t\t\t\t\t\t\t<div class=\"info-box-content\">\n\t\t\t\t\t\t\t\t\t\t\t\t<div class=\"info-box-inner reset-last-child\"><p>Kinesiology taping to ostateczna technika rehabilitacyjna, kt\u00f3r\u0105 oferujemy w londy\u0144skiej klinice osteopatii w po\u0142\u0105czeniu z innymi metodami leczenia. Zosta\u0142 zaprojektowany, aby u\u0142atwi\u0107 naturalny proces gojenia si\u0119 organizmu, zapewniaj\u0105c jednocze\u015bnie wsparcie i stabilno\u015b\u0107 mi\u0119\u015bniom i stawom bez ograniczania zakresu ruchu cia\u0142a.<\/p>\n<\/div>\n\n\t\t\t\t\t\t\t\t\t\t\t<\/div>\n\n\t\t\t\t\t\t\t\t\t\t\t<a class=\"wd-info-box-link wd-fill\" aria-label=\"Infobox link\" href=\"https:\/\/londonosteopathypractice.co.uk\/pl\/kinesiology-taping\/\" title=\"\"><\/a>\n\t\t\t\t\t\n\t\t\t\t\t<style>#wd-627266d971e2b:after {background-image:-webkit-linear-gradient(left , rgb(16, 66, 118) , rgb(16, 66, 118) 100%);background-image:linear-gradient(to right , rgb(16, 66, 118) , rgb(16, 66, 118) 100%); !important;}<\/style>\t\t\t\t<\/div>\n\t\t\t<\/div>\n\t\t[\/vc_column_inner][vc_column_inner width=&#8221;1\/3&#8243; css=&#8221;.vc_custom_1538146411326{padding-top: 0px !important;padding-right: 10px !important;padding-left: 10px !important;}&#8221;]\t\t\t<div class=\"info-box-wrapper\">\n\t\t\t\t<div id=\"wd-627266e750201\" class=\" wd-rs-627266e750201 wd-info-box wd-wpb text-center box-icon-align-top box-style-bg-hover color-scheme-dark wd-bg-none color-scheme-hover-light vc_custom_1651664626661\">\n\t\t\t\t\t\t\t\t\t\t\t<div class=\"box-icon-wrapper  box-with-text text-size-default box-icon-simple\">\n\t\t\t\t\t\t\t<div class=\"info-box-icon\">\n\n\t\t\t\t\t\t\t\t\t\t\t\t\t\t\tUltrad\u017awi\u0119k\t\t\t\t\t\t\t\n\t\t\t\t\t\t\t<\/div>\n\t\t\t\t\t\t<\/div>\n\t\t\t\t\t\t\t\t\t\t<div class=\"info-box-content\">\n\t\t\t\t\t\t\t\t\t\t\t\t<div class=\"info-box-inner reset-last-child\"><p>W proliferacyjnej fazie gojenia ultrad\u017awi\u0119ki oddzia\u0142uj\u0105 na fibroblasty i pobudzaj\u0105 je do wydzielania kolagenu. Przyspiesza to proces obkurczania si\u0119 rany i zwi\u0119ksza wytrzyma\u0142o\u015b\u0107 na rozci\u0105ganie goj\u0105cej si\u0119 tkanki. Tkanka \u0142\u0105czna wyd\u0142u\u017cy si\u0119 lepiej, je\u015bli zastosuje si\u0119 zar\u00f3wno ciep\u0142o, jak i rozci\u0105ganie.<\/p>\n<\/div>\n\n\t\t\t\t\t\t\t\t\t\t\t<\/div>\n\n\t\t\t\t\t\t\t\t\t\t\t<a class=\"wd-info-box-link wd-fill\" aria-label=\"Infobox link\" href=\"https:\/\/londonosteopathypractice.co.uk\/pl\/ultradzwiek\/\" title=\"\"><\/a>\n\t\t\t\t\t\n\t\t\t\t\t<style>#wd-627266e750201:after {background-image:-webkit-linear-gradient(left , rgb(16, 66, 118) , rgb(16, 66, 118) 100%);background-image:linear-gradient(to right , rgb(16, 66, 118) , rgb(16, 66, 118) 100%); !important;}<\/style>\t\t\t\t<\/div>\n\t\t\t<\/div>\n\t\t[\/vc_column_inner][\/vc_row_inner][\/vc_column][\/vc_row]<\/p>\n","protected":false},"excerpt":{"rendered":"<p>[vc_row full_width=&#8221;stretch_row&#8221; full_height=&#8221;yes&#8221; css_animation=&#8221;fadeIn&#8221; css=&#8221;.vc_custom_1651674364987{margin-top: -40px !important;padding-top: 380px !important;padding-bottom: 80px !important;background-image: url(https:\/\/londonosteopathypractice.co.uk\/wp-content\/uploads\/2022\/05\/london_osteopathy_practice5.jpg?id=321) !important;background-position: center !important;background-repeat: no-repeat !important;background-size: cover !important;}&#8221; mobile_bg_img_hidden=&#8221;no&#8221;<\/p>\n","protected":false},"author":1,"featured_media":0,"parent":0,"menu_order":0,"comment_status":"closed","ping_status":"closed","template":"","meta":{"footnotes":""},"class_list":["post-439","page","type-page","status-publish","hentry"],"yoast_head":"<!-- This site is optimized with the Yoast SEO plugin v27.3 - https:\/\/yoast.com\/product\/yoast-seo-wordpress\/ -->\n<title>Us\u0142ugi | London Osteopathy Practice<\/title>\n<meta name=\"robots\" content=\"index, follow, max-snippet:-1, max-image-preview:large, max-video-preview:-1\" \/>\n<link rel=\"canonical\" href=\"https:\/\/londonosteopathypractice.co.uk\/pl\/uslugi\/\" \/>\n<meta property=\"og:locale\" content=\"pl_PL\" \/>\n<meta property=\"og:type\" content=\"article\" \/>\n<meta property=\"og:title\" content=\"Us\u0142ugi | London Osteopathy Practice\" \/>\n<meta property=\"og:description\" content=\"[vc_row full_width=&#8221;stretch_row&#8221; full_height=&#8221;yes&#8221; css_animation=&#8221;fadeIn&#8221; css=&#8221;.vc_custom_1651674364987{margin-top: -40px !important;padding-top: 380px !important;padding-bottom: 80px !important;background-image: url(https:\/\/londonosteopathypractice.co.uk\/wp-content\/uploads\/2022\/05\/london_osteopathy_practice5.jpg?id=321) !important;background-position: center !important;background-repeat: no-repeat !important;background-size: cover !important;}&#8221; mobile_bg_img_hidden=&#8221;no&#8221;\" \/>\n<meta property=\"og:url\" content=\"https:\/\/londonosteopathypractice.co.uk\/pl\/uslugi\/\" \/>\n<meta property=\"og:site_name\" content=\"London Osteopathy Practice\" \/>\n<meta property=\"article:modified_time\" content=\"2022-05-11T18:34:14+00:00\" \/>\n<meta name=\"twitter:card\" content=\"summary_large_image\" \/>\n<meta name=\"twitter:label1\" content=\"Szacowany czas czytania\" \/>\n\t<meta name=\"twitter:data1\" content=\"10 minut\" \/>\n<script type=\"application\/ld+json\" class=\"yoast-schema-graph\">{\"@context\":\"https:\\\/\\\/schema.org\",\"@graph\":[{\"@type\":\"WebPage\",\"@id\":\"https:\\\/\\\/londonosteopathypractice.co.uk\\\/pl\\\/uslugi\\\/\",\"url\":\"https:\\\/\\\/londonosteopathypractice.co.uk\\\/pl\\\/uslugi\\\/\",\"name\":\"Us\u0142ugi | London Osteopathy Practice\",\"isPartOf\":{\"@id\":\"https:\\\/\\\/londonosteopathypractice.co.uk\\\/pl\\\/#website\"},\"datePublished\":\"2022-04-21T21:23:14+00:00\",\"dateModified\":\"2022-05-11T18:34:14+00:00\",\"breadcrumb\":{\"@id\":\"https:\\\/\\\/londonosteopathypractice.co.uk\\\/pl\\\/uslugi\\\/#breadcrumb\"},\"inLanguage\":\"pl-PL\",\"potentialAction\":[{\"@type\":\"ReadAction\",\"target\":[\"https:\\\/\\\/londonosteopathypractice.co.uk\\\/pl\\\/uslugi\\\/\"]}]},{\"@type\":\"BreadcrumbList\",\"@id\":\"https:\\\/\\\/londonosteopathypractice.co.uk\\\/pl\\\/uslugi\\\/#breadcrumb\",\"itemListElement\":[{\"@type\":\"ListItem\",\"position\":1,\"name\":\"Home\",\"item\":\"https:\\\/\\\/londonosteopathypractice.co.uk\\\/pl\\\/\"},{\"@type\":\"ListItem\",\"position\":2,\"name\":\"Us\u0142ugi\"}]},{\"@type\":\"WebSite\",\"@id\":\"https:\\\/\\\/londonosteopathypractice.co.uk\\\/pl\\\/#website\",\"url\":\"https:\\\/\\\/londonosteopathypractice.co.uk\\\/pl\\\/\",\"name\":\"London Osteopathy Practice\",\"description\":\"London Osteopathy Practice\",\"publisher\":{\"@id\":\"https:\\\/\\\/londonosteopathypractice.co.uk\\\/pl\\\/#organization\"},\"potentialAction\":[{\"@type\":\"SearchAction\",\"target\":{\"@type\":\"EntryPoint\",\"urlTemplate\":\"https:\\\/\\\/londonosteopathypractice.co.uk\\\/pl\\\/?s={search_term_string}\"},\"query-input\":{\"@type\":\"PropertyValueSpecification\",\"valueRequired\":true,\"valueName\":\"search_term_string\"}}],\"inLanguage\":\"pl-PL\"},{\"@type\":\"Organization\",\"@id\":\"https:\\\/\\\/londonosteopathypractice.co.uk\\\/pl\\\/#organization\",\"name\":\"London Osteopathy Practice\",\"url\":\"https:\\\/\\\/londonosteopathypractice.co.uk\\\/pl\\\/\",\"logo\":{\"@type\":\"ImageObject\",\"inLanguage\":\"pl-PL\",\"@id\":\"https:\\\/\\\/londonosteopathypractice.co.uk\\\/pl\\\/#\\\/schema\\\/logo\\\/image\\\/\",\"url\":\"https:\\\/\\\/londonosteopathypractice.co.uk\\\/wp-content\\\/uploads\\\/2022\\\/04\\\/london_aoestopathy_clinic.png\",\"contentUrl\":\"https:\\\/\\\/londonosteopathypractice.co.uk\\\/wp-content\\\/uploads\\\/2022\\\/04\\\/london_aoestopathy_clinic.png\",\"width\":335,\"height\":110,\"caption\":\"London Osteopathy Practice\"},\"image\":{\"@id\":\"https:\\\/\\\/londonosteopathypractice.co.uk\\\/pl\\\/#\\\/schema\\\/logo\\\/image\\\/\"}}]}<\/script>\n<!-- \/ Yoast SEO plugin. -->","yoast_head_json":{"title":"Us\u0142ugi | London Osteopathy Practice","robots":{"index":"index","follow":"follow","max-snippet":"max-snippet:-1","max-image-preview":"max-image-preview:large","max-video-preview":"max-video-preview:-1"},"canonical":"https:\/\/londonosteopathypractice.co.uk\/pl\/uslugi\/","og_locale":"pl_PL","og_type":"article","og_title":"Us\u0142ugi | London Osteopathy Practice","og_description":"[vc_row full_width=&#8221;stretch_row&#8221; full_height=&#8221;yes&#8221; css_animation=&#8221;fadeIn&#8221; css=&#8221;.vc_custom_1651674364987{margin-top: -40px !important;padding-top: 380px !important;padding-bottom: 80px !important;background-image: url(https:\/\/londonosteopathypractice.co.uk\/wp-content\/uploads\/2022\/05\/london_osteopathy_practice5.jpg?id=321) !important;background-position: center !important;background-repeat: no-repeat !important;background-size: cover !important;}&#8221; mobile_bg_img_hidden=&#8221;no&#8221;","og_url":"https:\/\/londonosteopathypractice.co.uk\/pl\/uslugi\/","og_site_name":"London Osteopathy Practice","article_modified_time":"2022-05-11T18:34:14+00:00","twitter_card":"summary_large_image","twitter_misc":{"Szacowany czas czytania":"10 minut"},"schema":{"@context":"https:\/\/schema.org","@graph":[{"@type":"WebPage","@id":"https:\/\/londonosteopathypractice.co.uk\/pl\/uslugi\/","url":"https:\/\/londonosteopathypractice.co.uk\/pl\/uslugi\/","name":"Us\u0142ugi | London Osteopathy Practice","isPartOf":{"@id":"https:\/\/londonosteopathypractice.co.uk\/pl\/#website"},"datePublished":"2022-04-21T21:23:14+00:00","dateModified":"2022-05-11T18:34:14+00:00","breadcrumb":{"@id":"https:\/\/londonosteopathypractice.co.uk\/pl\/uslugi\/#breadcrumb"},"inLanguage":"pl-PL","potentialAction":[{"@type":"ReadAction","target":["https:\/\/londonosteopathypractice.co.uk\/pl\/uslugi\/"]}]},{"@type":"BreadcrumbList","@id":"https:\/\/londonosteopathypractice.co.uk\/pl\/uslugi\/#breadcrumb","itemListElement":[{"@type":"ListItem","position":1,"name":"Home","item":"https:\/\/londonosteopathypractice.co.uk\/pl\/"},{"@type":"ListItem","position":2,"name":"Us\u0142ugi"}]},{"@type":"WebSite","@id":"https:\/\/londonosteopathypractice.co.uk\/pl\/#website","url":"https:\/\/londonosteopathypractice.co.uk\/pl\/","name":"London Osteopathy Practice","description":"London Osteopathy Practice","publisher":{"@id":"https:\/\/londonosteopathypractice.co.uk\/pl\/#organization"},"potentialAction":[{"@type":"SearchAction","target":{"@type":"EntryPoint","urlTemplate":"https:\/\/londonosteopathypractice.co.uk\/pl\/?s={search_term_string}"},"query-input":{"@type":"PropertyValueSpecification","valueRequired":true,"valueName":"search_term_string"}}],"inLanguage":"pl-PL"},{"@type":"Organization","@id":"https:\/\/londonosteopathypractice.co.uk\/pl\/#organization","name":"London Osteopathy Practice","url":"https:\/\/londonosteopathypractice.co.uk\/pl\/","logo":{"@type":"ImageObject","inLanguage":"pl-PL","@id":"https:\/\/londonosteopathypractice.co.uk\/pl\/#\/schema\/logo\/image\/","url":"https:\/\/londonosteopathypractice.co.uk\/wp-content\/uploads\/2022\/04\/london_aoestopathy_clinic.png","contentUrl":"https:\/\/londonosteopathypractice.co.uk\/wp-content\/uploads\/2022\/04\/london_aoestopathy_clinic.png","width":335,"height":110,"caption":"London Osteopathy Practice"},"image":{"@id":"https:\/\/londonosteopathypractice.co.uk\/pl\/#\/schema\/logo\/image\/"}}]}},"_links":{"self":[{"href":"https:\/\/londonosteopathypractice.co.uk\/pl\/wp-json\/wp\/v2\/pages\/439","targetHints":{"allow":["GET"]}}],"collection":[{"href":"https:\/\/londonosteopathypractice.co.uk\/pl\/wp-json\/wp\/v2\/pages"}],"about":[{"href":"https:\/\/londonosteopathypractice.co.uk\/pl\/wp-json\/wp\/v2\/types\/page"}],"author":[{"embeddable":true,"href":"https:\/\/londonosteopathypractice.co.uk\/pl\/wp-json\/wp\/v2\/users\/1"}],"replies":[{"embeddable":true,"href":"https:\/\/londonosteopathypractice.co.uk\/pl\/wp-json\/wp\/v2\/comments?post=439"}],"version-history":[{"count":3,"href":"https:\/\/londonosteopathypractice.co.uk\/pl\/wp-json\/wp\/v2\/pages\/439\/revisions"}],"predecessor-version":[{"id":480,"href":"https:\/\/londonosteopathypractice.co.uk\/pl\/wp-json\/wp\/v2\/pages\/439\/revisions\/480"}],"wp:attachment":[{"href":"https:\/\/londonosteopathypractice.co.uk\/pl\/wp-json\/wp\/v2\/media?parent=439"}],"curies":[{"name":"wp","href":"https:\/\/api.w.org\/{rel}","templated":true}]}}