{"id":441,"date":"2022-04-21T21:27:28","date_gmt":"2022-04-21T21:27:28","guid":{"rendered":"https:\/\/londonosteopathypractice.co.uk\/uslugi\/osteopatia-i-rehabilitacja\/"},"modified":"2022-05-11T17:22:19","modified_gmt":"2022-05-11T17:22:19","slug":"osteopatia-i-rehabilitacja","status":"publish","type":"page","link":"https:\/\/londonosteopathypractice.co.uk\/pl\/uslugi\/osteopatia-i-rehabilitacja\/","title":{"rendered":"Osteopatia i rehabilitacja"},"content":{"rendered":"\n<p>Osteopatia to system diagnostyki i leczenia wielu schorze\u0144. Dzia\u0142a ze struktur\u0105 i funkcj\u0105 organizmu i opiera si\u0119 na zasadzie, \u017ce dobre samopoczucie jednostki zale\u017cy od sprawnego wsp\u00f3\u0142istnienia uk\u0142adu kostnego, mi\u0119\u015bni, wi\u0119zade\u0142 i tkanki \u0142\u0105cznej.<\/p>\n\n\n\n<p>Londy\u0144ska Praktyka Osteopatii Osteopaci u\u017cywaj\u0105 dotyku, fizycznej manipulacji, rozci\u0105gania i masa\u017cu, aby zwi\u0119kszy\u0107 ruchomo\u015b\u0107 staw\u00f3w, zmniejszy\u0107 napi\u0119cie mi\u0119\u015bni, poprawi\u0107 dop\u0142yw krwi i nerw\u00f3w do tkanek oraz wspom\u00f3c w\u0142asne mechanizmy gojenia si\u0119 organizmu. Osteopaci w naszej Klinice zapewniaj\u0105 r\u00f3wnie\u017c \u0107wiczenia rehabilitacyjne oraz porady dotycz\u0105ce postawy, kt\u00f3re wspomagaj\u0105 powr\u00f3t do zdrowia, promuj\u0105 zdrowie i zapobiegaj\u0105 nawrotom objaw\u00f3w.<\/p>\n\n\n\n<h4 class=\"wp-block-heading\">Kto mo\u017ce skorzysta\u0107?<\/h4>\n\n\n\n<p>Osteopaci w naszej klinice oceniaj\u0105 i lecz\u0105 pacjent\u00f3w w ka\u017cdym wieku. Nasi Osteopaci lecz\u0105 m\u0142odzie\u017c, osoby starsze, pracownik\u00f3w fizycznych, pracownik\u00f3w biurowych, kobiety w ci\u0105\u017cy, dzieci i sportowc\u00f3w. Pacjenci zg\u0142aszaj\u0105 si\u0119 do leczenia wielu r\u00f3\u017cnych schorze\u0144, w tym b\u00f3lu plec\u00f3w, uraz\u00f3w zwi\u0105zanych z powtarzaj\u0105cym si\u0119 przeci\u0105\u017ceniem, zmian postawy w ci\u0105\u017cy, problem\u00f3w z postaw\u0105 spowodowanych przez prowadzenie samochodu lub przem\u0119czenie w pracy, b\u00f3lu zwi\u0105zanego z zapaleniem staw\u00f3w i drobnych uraz\u00f3w sportowych.<\/p>\n\n\n\n<h4 class=\"wp-block-heading\">Czego si\u0119 spodziewa\u0107 podczas pierwszej wizyty?<\/h4>\n\n\n\n<p>Zanim zaczniemy Ci\u0119 leczy\u0107, przeprowadzimy pe\u0142n\u0105 ocen\u0119 medyczn\u0105. Po\u015bwi\u0119camy czas, aby Ci\u0119 wys\u0142ucha\u0107 i zadawa\u0107 pytania, aby upewni\u0107 si\u0119, \u017ce rozumiemy Twoj\u0105 histori\u0119 medyczn\u0105 i codzienn\u0105 rutyn\u0119. Zapytamy Ci\u0119 o takie rzeczy, jak dieta, \u0107wiczenia i to, co dzieje si\u0119 w Twoim \u017cyciu, poniewa\u017c mog\u0105 one da\u0107 wskaz\u00f3wki pomocne w naszej diagnozie.<\/p>\n\n\n\n<p>Mo\u017cemy wyczu\u0107 Tw\u00f3j puls i sprawdzi\u0107 refleks. Mo\u017cemy r\u00f3wnie\u017c zmierzy\u0107 Ci ci\u015bnienie krwi i skierowa\u0107 Ci\u0119 na badania kliniczne, takie jak prze\u015bwietlenie, je\u015bli uznamy, \u017ce ich potrzebujesz.<\/p>\n\n\n\n<p>Zwykle patrzymy na Twoj\u0105 postaw\u0119 i spos\u00f3b poruszania si\u0119. Mo\u017cemy r\u00f3wnie\u017c oceni\u0107, co si\u0119 stanie, gdy przeniesiemy go dla Ciebie i zobaczy\u0107, co boli, gdzie i kiedy. Za pomoc\u0105 dotyku mo\u017cemy r\u00f3wnie\u017c znale\u017a\u0107 wra\u017cliwe lub ciasne obszary, co pomaga nam zidentyfikowa\u0107, co si\u0119 dzieje.<\/p>\n\n\n\n<p>Kiedy to zrobimy, mo\u017cemy zdiagnozowa\u0107 Tw\u00f3j stan. Czasami mo\u017cemy uzna\u0107, \u017ce osteopatia nie jest dla Ciebie odpowiednia i skierujemy Ci\u0119 do Twojego lekarza rodzinnego lub innego specjalisty, np. chirurga ortopedy.<\/p>\n\n\n\n<p>Leczenie jest inne dla ka\u017cdego pacjenta, ale mo\u017ce obejmowa\u0107 takie techniki, jak r\u00f3\u017cne rodzaje masa\u017cu tkanek mi\u0119kkich i artykulacji staw\u00f3w, aby uwolni\u0107 napi\u0119cie, rozci\u0105gn\u0105\u0107 mi\u0119\u015bnie, pom\u00f3c z\u0142agodzi\u0107 b\u00f3l i zmobilizowa\u0107 stawy. Mo\u017cemy om\u00f3wi\u0107 \u0107wiczenia w formie programu rehabilitacyjnego, kt\u00f3ry mo\u017cesz wykonywa\u0107 w domu, aby poprawi\u0107 swoj\u0105 postaw\u0119 i ruch w miejscu pracy i \u017cyciu codziennym.<\/p>\n\n\n\n<h4 class=\"wp-block-heading\">Co powinienem za\u0142o\u017cy\u0107?<\/h4>\n\n\n\n<p>Podobnie jak w przypadku ka\u017cdego badania lekarskiego, prawdopodobnie zostaniesz poproszony o rozebranie si\u0119 do bielizny, wi\u0119c za\u0142\u00f3\u017c co\u015b, w czym czujesz si\u0119 komfortowo.<\/p>\n\n\n\n<h4 class=\"wp-block-heading\">Ile zabieg\u00f3w b\u0119d\u0119 potrzebowa\u0107?<\/h4>\n\n\n\n<p>Ilo\u015b\u0107 potrzebnych zabieg\u00f3w zale\u017cy od schorzenia i osoby, kt\u00f3r\u0105 leczymy. Staramy si\u0119 ograniczy\u0107 liczb\u0119 wizyt do minimum. Tw\u00f3j osteopata b\u0119dzie w stanie powiedzie\u0107 ci w kr\u00f3tkim czasie, czy mo\u017ce ci\u0119 leczy\u0107, czy te\u017c musi skierowa\u0107 ci\u0119 do kogo\u015b innego.<\/p>\n","protected":false},"excerpt":{"rendered":"<p>Osteopatia to system diagnostyki i leczenia wielu schorze\u0144. Dzia\u0142a ze struktur\u0105 i funkcj\u0105 organizmu i opiera si\u0119 na zasadzie, \u017ce<\/p>\n","protected":false},"author":1,"featured_media":0,"parent":439,"menu_order":0,"comment_status":"closed","ping_status":"closed","template":"","meta":{"footnotes":""},"class_list":["post-441","page","type-page","status-publish","hentry"],"yoast_head":"<!-- This site is optimized with the Yoast SEO plugin v27.3 - https:\/\/yoast.com\/product\/yoast-seo-wordpress\/ -->\n<title>Osteopatia i rehabilitacja | London Osteopathy Practice<\/title>\n<meta name=\"robots\" content=\"index, follow, max-snippet:-1, max-image-preview:large, max-video-preview:-1\" \/>\n<link rel=\"canonical\" href=\"https:\/\/londonosteopathypractice.co.uk\/pl\/uslugi\/osteopatia-i-rehabilitacja\/\" \/>\n<meta property=\"og:locale\" content=\"pl_PL\" \/>\n<meta property=\"og:type\" content=\"article\" \/>\n<meta property=\"og:title\" content=\"Osteopatia i rehabilitacja | London Osteopathy Practice\" \/>\n<meta property=\"og:description\" content=\"Osteopatia to system diagnostyki i leczenia wielu schorze\u0144. Dzia\u0142a ze struktur\u0105 i funkcj\u0105 organizmu i opiera si\u0119 na zasadzie, \u017ce\" \/>\n<meta property=\"og:url\" content=\"https:\/\/londonosteopathypractice.co.uk\/pl\/uslugi\/osteopatia-i-rehabilitacja\/\" \/>\n<meta property=\"og:site_name\" content=\"London Osteopathy Practice\" \/>\n<meta property=\"article:modified_time\" content=\"2022-05-11T17:22:19+00:00\" \/>\n<meta name=\"twitter:card\" content=\"summary_large_image\" \/>\n<meta name=\"twitter:label1\" content=\"Szacowany czas czytania\" \/>\n\t<meta name=\"twitter:data1\" content=\"2 minuty\" \/>\n<script type=\"application\/ld+json\" class=\"yoast-schema-graph\">{\"@context\":\"https:\\\/\\\/schema.org\",\"@graph\":[{\"@type\":\"WebPage\",\"@id\":\"https:\\\/\\\/londonosteopathypractice.co.uk\\\/pl\\\/uslugi\\\/osteopatia-i-rehabilitacja\\\/\",\"url\":\"https:\\\/\\\/londonosteopathypractice.co.uk\\\/pl\\\/uslugi\\\/osteopatia-i-rehabilitacja\\\/\",\"name\":\"Osteopatia i rehabilitacja | London Osteopathy Practice\",\"isPartOf\":{\"@id\":\"https:\\\/\\\/londonosteopathypractice.co.uk\\\/pl\\\/#website\"},\"datePublished\":\"2022-04-21T21:27:28+00:00\",\"dateModified\":\"2022-05-11T17:22:19+00:00\",\"breadcrumb\":{\"@id\":\"https:\\\/\\\/londonosteopathypractice.co.uk\\\/pl\\\/uslugi\\\/osteopatia-i-rehabilitacja\\\/#breadcrumb\"},\"inLanguage\":\"pl-PL\",\"potentialAction\":[{\"@type\":\"ReadAction\",\"target\":[\"https:\\\/\\\/londonosteopathypractice.co.uk\\\/pl\\\/uslugi\\\/osteopatia-i-rehabilitacja\\\/\"]}]},{\"@type\":\"BreadcrumbList\",\"@id\":\"https:\\\/\\\/londonosteopathypractice.co.uk\\\/pl\\\/uslugi\\\/osteopatia-i-rehabilitacja\\\/#breadcrumb\",\"itemListElement\":[{\"@type\":\"ListItem\",\"position\":1,\"name\":\"Home\",\"item\":\"https:\\\/\\\/londonosteopathypractice.co.uk\\\/pl\\\/\"},{\"@type\":\"ListItem\",\"position\":2,\"name\":\"Us\u0142ugi\",\"item\":\"https:\\\/\\\/londonosteopathypractice.co.uk\\\/pl\\\/uslugi\\\/\"},{\"@type\":\"ListItem\",\"position\":3,\"name\":\"Osteopatia i rehabilitacja\"}]},{\"@type\":\"WebSite\",\"@id\":\"https:\\\/\\\/londonosteopathypractice.co.uk\\\/pl\\\/#website\",\"url\":\"https:\\\/\\\/londonosteopathypractice.co.uk\\\/pl\\\/\",\"name\":\"London Osteopathy Practice\",\"description\":\"London Osteopathy Practice\",\"publisher\":{\"@id\":\"https:\\\/\\\/londonosteopathypractice.co.uk\\\/pl\\\/#organization\"},\"potentialAction\":[{\"@type\":\"SearchAction\",\"target\":{\"@type\":\"EntryPoint\",\"urlTemplate\":\"https:\\\/\\\/londonosteopathypractice.co.uk\\\/pl\\\/?s={search_term_string}\"},\"query-input\":{\"@type\":\"PropertyValueSpecification\",\"valueRequired\":true,\"valueName\":\"search_term_string\"}}],\"inLanguage\":\"pl-PL\"},{\"@type\":\"Organization\",\"@id\":\"https:\\\/\\\/londonosteopathypractice.co.uk\\\/pl\\\/#organization\",\"name\":\"London Osteopathy Practice\",\"url\":\"https:\\\/\\\/londonosteopathypractice.co.uk\\\/pl\\\/\",\"logo\":{\"@type\":\"ImageObject\",\"inLanguage\":\"pl-PL\",\"@id\":\"https:\\\/\\\/londonosteopathypractice.co.uk\\\/pl\\\/#\\\/schema\\\/logo\\\/image\\\/\",\"url\":\"https:\\\/\\\/londonosteopathypractice.co.uk\\\/wp-content\\\/uploads\\\/2022\\\/04\\\/london_aoestopathy_clinic.png\",\"contentUrl\":\"https:\\\/\\\/londonosteopathypractice.co.uk\\\/wp-content\\\/uploads\\\/2022\\\/04\\\/london_aoestopathy_clinic.png\",\"width\":335,\"height\":110,\"caption\":\"London Osteopathy Practice\"},\"image\":{\"@id\":\"https:\\\/\\\/londonosteopathypractice.co.uk\\\/pl\\\/#\\\/schema\\\/logo\\\/image\\\/\"}}]}<\/script>\n<!-- \/ Yoast SEO plugin. -->","yoast_head_json":{"title":"Osteopatia i rehabilitacja | London Osteopathy Practice","robots":{"index":"index","follow":"follow","max-snippet":"max-snippet:-1","max-image-preview":"max-image-preview:large","max-video-preview":"max-video-preview:-1"},"canonical":"https:\/\/londonosteopathypractice.co.uk\/pl\/uslugi\/osteopatia-i-rehabilitacja\/","og_locale":"pl_PL","og_type":"article","og_title":"Osteopatia i rehabilitacja | London Osteopathy Practice","og_description":"Osteopatia to system diagnostyki i leczenia wielu schorze\u0144. Dzia\u0142a ze struktur\u0105 i funkcj\u0105 organizmu i opiera si\u0119 na zasadzie, \u017ce","og_url":"https:\/\/londonosteopathypractice.co.uk\/pl\/uslugi\/osteopatia-i-rehabilitacja\/","og_site_name":"London Osteopathy Practice","article_modified_time":"2022-05-11T17:22:19+00:00","twitter_card":"summary_large_image","twitter_misc":{"Szacowany czas czytania":"2 minuty"},"schema":{"@context":"https:\/\/schema.org","@graph":[{"@type":"WebPage","@id":"https:\/\/londonosteopathypractice.co.uk\/pl\/uslugi\/osteopatia-i-rehabilitacja\/","url":"https:\/\/londonosteopathypractice.co.uk\/pl\/uslugi\/osteopatia-i-rehabilitacja\/","name":"Osteopatia i rehabilitacja | London Osteopathy Practice","isPartOf":{"@id":"https:\/\/londonosteopathypractice.co.uk\/pl\/#website"},"datePublished":"2022-04-21T21:27:28+00:00","dateModified":"2022-05-11T17:22:19+00:00","breadcrumb":{"@id":"https:\/\/londonosteopathypractice.co.uk\/pl\/uslugi\/osteopatia-i-rehabilitacja\/#breadcrumb"},"inLanguage":"pl-PL","potentialAction":[{"@type":"ReadAction","target":["https:\/\/londonosteopathypractice.co.uk\/pl\/uslugi\/osteopatia-i-rehabilitacja\/"]}]},{"@type":"BreadcrumbList","@id":"https:\/\/londonosteopathypractice.co.uk\/pl\/uslugi\/osteopatia-i-rehabilitacja\/#breadcrumb","itemListElement":[{"@type":"ListItem","position":1,"name":"Home","item":"https:\/\/londonosteopathypractice.co.uk\/pl\/"},{"@type":"ListItem","position":2,"name":"Us\u0142ugi","item":"https:\/\/londonosteopathypractice.co.uk\/pl\/uslugi\/"},{"@type":"ListItem","position":3,"name":"Osteopatia i rehabilitacja"}]},{"@type":"WebSite","@id":"https:\/\/londonosteopathypractice.co.uk\/pl\/#website","url":"https:\/\/londonosteopathypractice.co.uk\/pl\/","name":"London Osteopathy Practice","description":"London Osteopathy Practice","publisher":{"@id":"https:\/\/londonosteopathypractice.co.uk\/pl\/#organization"},"potentialAction":[{"@type":"SearchAction","target":{"@type":"EntryPoint","urlTemplate":"https:\/\/londonosteopathypractice.co.uk\/pl\/?s={search_term_string}"},"query-input":{"@type":"PropertyValueSpecification","valueRequired":true,"valueName":"search_term_string"}}],"inLanguage":"pl-PL"},{"@type":"Organization","@id":"https:\/\/londonosteopathypractice.co.uk\/pl\/#organization","name":"London Osteopathy Practice","url":"https:\/\/londonosteopathypractice.co.uk\/pl\/","logo":{"@type":"ImageObject","inLanguage":"pl-PL","@id":"https:\/\/londonosteopathypractice.co.uk\/pl\/#\/schema\/logo\/image\/","url":"https:\/\/londonosteopathypractice.co.uk\/wp-content\/uploads\/2022\/04\/london_aoestopathy_clinic.png","contentUrl":"https:\/\/londonosteopathypractice.co.uk\/wp-content\/uploads\/2022\/04\/london_aoestopathy_clinic.png","width":335,"height":110,"caption":"London Osteopathy Practice"},"image":{"@id":"https:\/\/londonosteopathypractice.co.uk\/pl\/#\/schema\/logo\/image\/"}}]}},"_links":{"self":[{"href":"https:\/\/londonosteopathypractice.co.uk\/pl\/wp-json\/wp\/v2\/pages\/441","targetHints":{"allow":["GET"]}}],"collection":[{"href":"https:\/\/londonosteopathypractice.co.uk\/pl\/wp-json\/wp\/v2\/pages"}],"about":[{"href":"https:\/\/londonosteopathypractice.co.uk\/pl\/wp-json\/wp\/v2\/types\/page"}],"author":[{"embeddable":true,"href":"https:\/\/londonosteopathypractice.co.uk\/pl\/wp-json\/wp\/v2\/users\/1"}],"replies":[{"embeddable":true,"href":"https:\/\/londonosteopathypractice.co.uk\/pl\/wp-json\/wp\/v2\/comments?post=441"}],"version-history":[{"count":2,"href":"https:\/\/londonosteopathypractice.co.uk\/pl\/wp-json\/wp\/v2\/pages\/441\/revisions"}],"predecessor-version":[{"id":445,"href":"https:\/\/londonosteopathypractice.co.uk\/pl\/wp-json\/wp\/v2\/pages\/441\/revisions\/445"}],"up":[{"embeddable":true,"href":"https:\/\/londonosteopathypractice.co.uk\/pl\/wp-json\/wp\/v2\/pages\/439"}],"wp:attachment":[{"href":"https:\/\/londonosteopathypractice.co.uk\/pl\/wp-json\/wp\/v2\/media?parent=441"}],"curies":[{"name":"wp","href":"https:\/\/api.w.org\/{rel}","templated":true}]}}