{"id":511,"date":"2022-11-27T11:10:16","date_gmt":"2022-11-27T11:10:16","guid":{"rendered":"https:\/\/londonosteopathypractice.co.uk\/bony-podarunkowe\/"},"modified":"2022-11-27T12:07:18","modified_gmt":"2022-11-27T12:07:18","slug":"bony-podarunkowe","status":"publish","type":"page","link":"https:\/\/londonosteopathypractice.co.uk\/pl\/bony-podarunkowe\/","title":{"rendered":"Bony podarunkowe"},"content":{"rendered":"\n<p>Podaruj komu\u015b wyb\u00f3r sesji z London Osteopathy Practice. Korzystamy z SimplyBook.me wraz z p\u0142atno\u015bciami Stripe, aby zabezpieczy\u0107 Tw\u00f3j bon upominkowy, kt\u00f3ry nast\u0119pnie zostanie wys\u0142any do Ciebie e-mailem do wydrukowania.<\/p>\n\n<p>Bony upominkowe b\u0119d\u0105 mia\u0142y unikalny kod, kt\u00f3ry mo\u017cna zrealizowa\u0107 podczas rezerwacji online u nas, na kwot\u0119, za kt\u00f3r\u0105 zosta\u0142y zakupione.<\/p>\n\n<script src=\"\/\/widget.simplybook.it\/v2\/widget\/widget.js\"><\/script><script>var widget = new SimplybookWidget({\"widget_type\":\"iframe\",\"url\":\"https:\\\/\\\/wwwlondonosteopathypracticecouk.simplybook.it\",\"theme\":\"dainty\",\"theme_settings\":{\"timeline_show_end_time\":\"1\",\"timeline_hide_unavailable\":\"1\",\"hide_past_days\":\"0\",\"sb_base_color\":\"#104276\",\"secondary_color\":\"#e4ebf5\",\"sb_text_color\":\"#a1a1a1\",\"display_item_mode\":\"block\",\"body_bg_color\":\"#ffffff\",\"sb_background_image\":\"\",\"sb_review_image\":\"\",\"dark_font_color\":\"#293b36\",\"light_font_color\":\"#ffffff\",\"sb_company_label_color\":\"#ffffff\",\"sb_cancellation_color\":\"#ff7a93\",\"hide_img_mode\":\"0\"},\"timeline\":null,\"datepicker\":null,\"is_rtl\":false,\"app_config\":{\"allow_switch_to_ada\":0,\"predefined\":[]},\"navigate\":\"gift-card\"});<\/script>\n","protected":false},"excerpt":{"rendered":"<p>Podaruj komu\u015b wyb\u00f3r sesji z London Osteopathy Practice. Korzystamy z SimplyBook.me wraz z p\u0142atno\u015bciami Stripe, aby zabezpieczy\u0107 Tw\u00f3j bon upominkowy,<\/p>\n","protected":false},"author":1,"featured_media":522,"parent":0,"menu_order":0,"comment_status":"closed","ping_status":"closed","template":"","meta":{"footnotes":""},"class_list":["post-511","page","type-page","status-publish","has-post-thumbnail","hentry"],"yoast_head":"<!-- This site is optimized with the Yoast SEO plugin v27.3 - https:\/\/yoast.com\/product\/yoast-seo-wordpress\/ -->\n<title>Bony podarunkowe | London Osteopathy Practice<\/title>\n<meta name=\"robots\" content=\"index, follow, max-snippet:-1, max-image-preview:large, max-video-preview:-1\" \/>\n<link rel=\"canonical\" href=\"https:\/\/londonosteopathypractice.co.uk\/pl\/bony-podarunkowe\/\" \/>\n<meta property=\"og:locale\" content=\"pl_PL\" \/>\n<meta property=\"og:type\" content=\"article\" \/>\n<meta property=\"og:title\" content=\"Bony podarunkowe | London Osteopathy Practice\" \/>\n<meta property=\"og:description\" content=\"Podaruj komu\u015b wyb\u00f3r sesji z London Osteopathy Practice. Korzystamy z SimplyBook.me wraz z p\u0142atno\u015bciami Stripe, aby zabezpieczy\u0107 Tw\u00f3j bon upominkowy,\" \/>\n<meta property=\"og:url\" content=\"https:\/\/londonosteopathypractice.co.uk\/pl\/bony-podarunkowe\/\" \/>\n<meta property=\"og:site_name\" content=\"London Osteopathy Practice\" \/>\n<meta property=\"article:modified_time\" content=\"2022-11-27T12:07:18+00:00\" \/>\n<meta property=\"og:image\" content=\"https:\/\/londonosteopathypractice.co.uk\/wp-content\/uploads\/2022\/11\/christmas.jpg\" \/>\n\t<meta property=\"og:image:width\" content=\"1920\" \/>\n\t<meta property=\"og:image:height\" content=\"1280\" \/>\n\t<meta property=\"og:image:type\" content=\"image\/jpeg\" \/>\n<meta name=\"twitter:card\" content=\"summary_large_image\" \/>\n<script type=\"application\/ld+json\" class=\"yoast-schema-graph\">{\"@context\":\"https:\\\/\\\/schema.org\",\"@graph\":[{\"@type\":\"WebPage\",\"@id\":\"https:\\\/\\\/londonosteopathypractice.co.uk\\\/pl\\\/bony-podarunkowe\\\/\",\"url\":\"https:\\\/\\\/londonosteopathypractice.co.uk\\\/pl\\\/bony-podarunkowe\\\/\",\"name\":\"Bony podarunkowe | London Osteopathy Practice\",\"isPartOf\":{\"@id\":\"https:\\\/\\\/londonosteopathypractice.co.uk\\\/pl\\\/#website\"},\"primaryImageOfPage\":{\"@id\":\"https:\\\/\\\/londonosteopathypractice.co.uk\\\/pl\\\/bony-podarunkowe\\\/#primaryimage\"},\"image\":{\"@id\":\"https:\\\/\\\/londonosteopathypractice.co.uk\\\/pl\\\/bony-podarunkowe\\\/#primaryimage\"},\"thumbnailUrl\":\"https:\\\/\\\/londonosteopathypractice.co.uk\\\/wp-content\\\/uploads\\\/2022\\\/11\\\/christmas.jpg\",\"datePublished\":\"2022-11-27T11:10:16+00:00\",\"dateModified\":\"2022-11-27T12:07:18+00:00\",\"breadcrumb\":{\"@id\":\"https:\\\/\\\/londonosteopathypractice.co.uk\\\/pl\\\/bony-podarunkowe\\\/#breadcrumb\"},\"inLanguage\":\"pl-PL\",\"potentialAction\":[{\"@type\":\"ReadAction\",\"target\":[\"https:\\\/\\\/londonosteopathypractice.co.uk\\\/pl\\\/bony-podarunkowe\\\/\"]}]},{\"@type\":\"ImageObject\",\"inLanguage\":\"pl-PL\",\"@id\":\"https:\\\/\\\/londonosteopathypractice.co.uk\\\/pl\\\/bony-podarunkowe\\\/#primaryimage\",\"url\":\"https:\\\/\\\/londonosteopathypractice.co.uk\\\/wp-content\\\/uploads\\\/2022\\\/11\\\/christmas.jpg\",\"contentUrl\":\"https:\\\/\\\/londonosteopathypractice.co.uk\\\/wp-content\\\/uploads\\\/2022\\\/11\\\/christmas.jpg\",\"width\":1920,\"height\":1280},{\"@type\":\"BreadcrumbList\",\"@id\":\"https:\\\/\\\/londonosteopathypractice.co.uk\\\/pl\\\/bony-podarunkowe\\\/#breadcrumb\",\"itemListElement\":[{\"@type\":\"ListItem\",\"position\":1,\"name\":\"Home\",\"item\":\"https:\\\/\\\/londonosteopathypractice.co.uk\\\/pl\\\/\"},{\"@type\":\"ListItem\",\"position\":2,\"name\":\"Bony podarunkowe\"}]},{\"@type\":\"WebSite\",\"@id\":\"https:\\\/\\\/londonosteopathypractice.co.uk\\\/pl\\\/#website\",\"url\":\"https:\\\/\\\/londonosteopathypractice.co.uk\\\/pl\\\/\",\"name\":\"London Osteopathy Practice\",\"description\":\"London Osteopathy Practice\",\"publisher\":{\"@id\":\"https:\\\/\\\/londonosteopathypractice.co.uk\\\/pl\\\/#organization\"},\"potentialAction\":[{\"@type\":\"SearchAction\",\"target\":{\"@type\":\"EntryPoint\",\"urlTemplate\":\"https:\\\/\\\/londonosteopathypractice.co.uk\\\/pl\\\/?s={search_term_string}\"},\"query-input\":{\"@type\":\"PropertyValueSpecification\",\"valueRequired\":true,\"valueName\":\"search_term_string\"}}],\"inLanguage\":\"pl-PL\"},{\"@type\":\"Organization\",\"@id\":\"https:\\\/\\\/londonosteopathypractice.co.uk\\\/pl\\\/#organization\",\"name\":\"London Osteopathy Practice\",\"url\":\"https:\\\/\\\/londonosteopathypractice.co.uk\\\/pl\\\/\",\"logo\":{\"@type\":\"ImageObject\",\"inLanguage\":\"pl-PL\",\"@id\":\"https:\\\/\\\/londonosteopathypractice.co.uk\\\/pl\\\/#\\\/schema\\\/logo\\\/image\\\/\",\"url\":\"https:\\\/\\\/londonosteopathypractice.co.uk\\\/wp-content\\\/uploads\\\/2022\\\/04\\\/london_aoestopathy_clinic.png\",\"contentUrl\":\"https:\\\/\\\/londonosteopathypractice.co.uk\\\/wp-content\\\/uploads\\\/2022\\\/04\\\/london_aoestopathy_clinic.png\",\"width\":335,\"height\":110,\"caption\":\"London Osteopathy Practice\"},\"image\":{\"@id\":\"https:\\\/\\\/londonosteopathypractice.co.uk\\\/pl\\\/#\\\/schema\\\/logo\\\/image\\\/\"}}]}<\/script>\n<!-- \/ Yoast SEO plugin. -->","yoast_head_json":{"title":"Bony podarunkowe | London Osteopathy Practice","robots":{"index":"index","follow":"follow","max-snippet":"max-snippet:-1","max-image-preview":"max-image-preview:large","max-video-preview":"max-video-preview:-1"},"canonical":"https:\/\/londonosteopathypractice.co.uk\/pl\/bony-podarunkowe\/","og_locale":"pl_PL","og_type":"article","og_title":"Bony podarunkowe | London Osteopathy Practice","og_description":"Podaruj komu\u015b wyb\u00f3r sesji z London Osteopathy Practice. Korzystamy z SimplyBook.me wraz z p\u0142atno\u015bciami Stripe, aby zabezpieczy\u0107 Tw\u00f3j bon upominkowy,","og_url":"https:\/\/londonosteopathypractice.co.uk\/pl\/bony-podarunkowe\/","og_site_name":"London Osteopathy Practice","article_modified_time":"2022-11-27T12:07:18+00:00","og_image":[{"width":1920,"height":1280,"url":"https:\/\/londonosteopathypractice.co.uk\/wp-content\/uploads\/2022\/11\/christmas.jpg","type":"image\/jpeg"}],"twitter_card":"summary_large_image","schema":{"@context":"https:\/\/schema.org","@graph":[{"@type":"WebPage","@id":"https:\/\/londonosteopathypractice.co.uk\/pl\/bony-podarunkowe\/","url":"https:\/\/londonosteopathypractice.co.uk\/pl\/bony-podarunkowe\/","name":"Bony podarunkowe | London Osteopathy Practice","isPartOf":{"@id":"https:\/\/londonosteopathypractice.co.uk\/pl\/#website"},"primaryImageOfPage":{"@id":"https:\/\/londonosteopathypractice.co.uk\/pl\/bony-podarunkowe\/#primaryimage"},"image":{"@id":"https:\/\/londonosteopathypractice.co.uk\/pl\/bony-podarunkowe\/#primaryimage"},"thumbnailUrl":"https:\/\/londonosteopathypractice.co.uk\/wp-content\/uploads\/2022\/11\/christmas.jpg","datePublished":"2022-11-27T11:10:16+00:00","dateModified":"2022-11-27T12:07:18+00:00","breadcrumb":{"@id":"https:\/\/londonosteopathypractice.co.uk\/pl\/bony-podarunkowe\/#breadcrumb"},"inLanguage":"pl-PL","potentialAction":[{"@type":"ReadAction","target":["https:\/\/londonosteopathypractice.co.uk\/pl\/bony-podarunkowe\/"]}]},{"@type":"ImageObject","inLanguage":"pl-PL","@id":"https:\/\/londonosteopathypractice.co.uk\/pl\/bony-podarunkowe\/#primaryimage","url":"https:\/\/londonosteopathypractice.co.uk\/wp-content\/uploads\/2022\/11\/christmas.jpg","contentUrl":"https:\/\/londonosteopathypractice.co.uk\/wp-content\/uploads\/2022\/11\/christmas.jpg","width":1920,"height":1280},{"@type":"BreadcrumbList","@id":"https:\/\/londonosteopathypractice.co.uk\/pl\/bony-podarunkowe\/#breadcrumb","itemListElement":[{"@type":"ListItem","position":1,"name":"Home","item":"https:\/\/londonosteopathypractice.co.uk\/pl\/"},{"@type":"ListItem","position":2,"name":"Bony podarunkowe"}]},{"@type":"WebSite","@id":"https:\/\/londonosteopathypractice.co.uk\/pl\/#website","url":"https:\/\/londonosteopathypractice.co.uk\/pl\/","name":"London Osteopathy Practice","description":"London Osteopathy Practice","publisher":{"@id":"https:\/\/londonosteopathypractice.co.uk\/pl\/#organization"},"potentialAction":[{"@type":"SearchAction","target":{"@type":"EntryPoint","urlTemplate":"https:\/\/londonosteopathypractice.co.uk\/pl\/?s={search_term_string}"},"query-input":{"@type":"PropertyValueSpecification","valueRequired":true,"valueName":"search_term_string"}}],"inLanguage":"pl-PL"},{"@type":"Organization","@id":"https:\/\/londonosteopathypractice.co.uk\/pl\/#organization","name":"London Osteopathy Practice","url":"https:\/\/londonosteopathypractice.co.uk\/pl\/","logo":{"@type":"ImageObject","inLanguage":"pl-PL","@id":"https:\/\/londonosteopathypractice.co.uk\/pl\/#\/schema\/logo\/image\/","url":"https:\/\/londonosteopathypractice.co.uk\/wp-content\/uploads\/2022\/04\/london_aoestopathy_clinic.png","contentUrl":"https:\/\/londonosteopathypractice.co.uk\/wp-content\/uploads\/2022\/04\/london_aoestopathy_clinic.png","width":335,"height":110,"caption":"London Osteopathy Practice"},"image":{"@id":"https:\/\/londonosteopathypractice.co.uk\/pl\/#\/schema\/logo\/image\/"}}]}},"_links":{"self":[{"href":"https:\/\/londonosteopathypractice.co.uk\/pl\/wp-json\/wp\/v2\/pages\/511","targetHints":{"allow":["GET"]}}],"collection":[{"href":"https:\/\/londonosteopathypractice.co.uk\/pl\/wp-json\/wp\/v2\/pages"}],"about":[{"href":"https:\/\/londonosteopathypractice.co.uk\/pl\/wp-json\/wp\/v2\/types\/page"}],"author":[{"embeddable":true,"href":"https:\/\/londonosteopathypractice.co.uk\/pl\/wp-json\/wp\/v2\/users\/1"}],"replies":[{"embeddable":true,"href":"https:\/\/londonosteopathypractice.co.uk\/pl\/wp-json\/wp\/v2\/comments?post=511"}],"version-history":[{"count":4,"href":"https:\/\/londonosteopathypractice.co.uk\/pl\/wp-json\/wp\/v2\/pages\/511\/revisions"}],"predecessor-version":[{"id":524,"href":"https:\/\/londonosteopathypractice.co.uk\/pl\/wp-json\/wp\/v2\/pages\/511\/revisions\/524"}],"wp:featuredmedia":[{"embeddable":true,"href":"https:\/\/londonosteopathypractice.co.uk\/pl\/wp-json\/wp\/v2\/media\/522"}],"wp:attachment":[{"href":"https:\/\/londonosteopathypractice.co.uk\/pl\/wp-json\/wp\/v2\/media?parent=511"}],"curies":[{"name":"wp","href":"https:\/\/api.w.org\/{rel}","templated":true}]}}